{"id":200,"date":"2018-11-26T15:12:18","date_gmt":"2018-11-26T14:12:18","guid":{"rendered":"http:\/\/fence2go.eu\/?page_id=200"},"modified":"2018-12-14T10:48:53","modified_gmt":"2018-12-14T09:48:53","slug":"cloture-barreaudee-classic-aw-10-04","status":"publish","type":"page","link":"https:\/\/fence2go.eu\/index.php\/barreaudage\/barreaudage-pour-votre-domicile\/barreaudage-classic\/cloture-barreaudee-classic-aw-10-04\/","title":{"rendered":"Cl\u00f4ture barreaud\u00e9e Classic AW.10.04."},"content":{"rendered":"<p><img loading=\"lazy\" class=\"size-medium wp-image-191 alignleft\" src=\"http:\/\/fence2go.eu\/wp-content\/uploads\/2018\/11\/Barreaudage-Classic-AW.10.04-300x241.jpg\" alt=\"\" width=\"300\" height=\"241\" srcset=\"https:\/\/fence2go.eu\/wp-content\/uploads\/2018\/11\/Barreaudage-Classic-AW.10.04-300x241.jpg 300w, https:\/\/fence2go.eu\/wp-content\/uploads\/2018\/11\/Barreaudage-Classic-AW.10.04.jpg 323w\" sizes=\"(max-width: 300px) 100vw, 300px\" \/>El\u00e9ments soud\u00e9s comprenant :<br \/>\nLisses horizontales en profils U 40&#215;30 mm<br \/>\nBarreaux verticaux \u00d820 mm traversants<br \/>\nFixation sur des poteaux carr\u00e9s \u00e0 l&rsquo;aide de fixations aveugles<br \/>\nFinition galvanis\u00e9e et plastifi\u00e9e<\/p>\n<p>Largeurs standard : 2500 et 3000 mm.<\/p>\n<p>Hauteurs standard pos\u00e9es (incluant 100 mm de jeu sous le panneau) : 1000, 1250, 1500, 1800 et 2000 mm.<\/p>\n<p>&nbsp;<\/p>\n<p>Disponible en version sup\u00e9rieure droite, concave et convexe.<\/p>\n<p>&nbsp;<\/p>\n<p>Couleurs standard : bleu gentiane RAL 5010 mat, vert mousse RAL 6005 mat, gris anthracite RAL 7016 mat, gris pierre RAL 7030 mat, brun s\u00e9pia RAL 8014, brun gris RAL 8019, noir mat et mat structur\u00e9 RAL 9005.<\/p>\n<p>Couleurs non-standard moyennant suppl\u00e9ment : rouge vin RAL 3005 mat, gris fen\u00eatre RAL 7040 mat, brun chocolat RAL 8017 mat et blanc RAL 9016 mat.<\/p>\n<p>Couleurs non-standard issues de la gamme Home Inclusive 2.0 : HIEarth (Smoke Green, Willow Green, Fern Green, Deep Green), HISteel (True Blue, Marina Horizon, Anthracite, Modern Graphite), HIStone (Comfort Grey, Warm Stone, Quartz Grey, Brown Stone), HIRuby (Moody Coral, Flame Red, Modern Maroon, Deep Brown).<\/p>\n<p>&nbsp;<\/p>\n<figure id=\"attachment_776\" aria-describedby=\"caption-attachment-776\" style=\"width: 170px\" class=\"wp-caption aligncenter\"><a href=\"http:\/\/fence2go.eu\/index.php\/portes-pivotantes\/portes-pivotantes-classic-aw-10-04\/\"><img loading=\"lazy\" class=\"wp-image-776 size-full\" src=\"http:\/\/fence2go.eu\/wp-content\/uploads\/2018\/11\/Portail-pivotant-Classic-AW.10.04.jpg\" alt=\"\" width=\"170\" height=\"108\" \/><\/a><figcaption id=\"caption-attachment-776\" class=\"wp-caption-text\">Portails pivotants assortis<\/figcaption><\/figure>\n<figure id=\"attachment_1139\" aria-describedby=\"caption-attachment-1139\" style=\"width: 300px\" class=\"wp-caption aligncenter\"><a href=\"http:\/\/fence2go.eu\/index.php\/portes-coulissantes\/portes-coulissantes-autoportantes-privees\/portails-coulissants-autoportants-classic\/portail-coulissant-autoportant-classic-aw-10-04\/\"><img loading=\"lazy\" class=\"wp-image-1139 size-medium\" src=\"http:\/\/fence2go.eu\/wp-content\/uploads\/2018\/12\/Portail-coulissant-autoportant-Classic-10.04-300x80.jpg\" alt=\"\" width=\"300\" height=\"80\" srcset=\"https:\/\/fence2go.eu\/wp-content\/uploads\/2018\/12\/Portail-coulissant-autoportant-Classic-10.04-300x80.jpg 300w, https:\/\/fence2go.eu\/wp-content\/uploads\/2018\/12\/Portail-coulissant-autoportant-Classic-10.04.jpg 304w\" sizes=\"(max-width: 300px) 100vw, 300px\" \/><\/a><figcaption id=\"caption-attachment-1139\" class=\"wp-caption-text\">Portails coulissants assortis<\/figcaption><\/figure>\n<p>&nbsp;<\/p>\n","protected":false},"excerpt":{"rendered":"<p>El\u00e9ments soud\u00e9s comprenant : Lisses horizontales en profils U 40&#215;30 mm Barreaux verticaux \u00d820 mm traversants Fixation sur des poteaux carr\u00e9s \u00e0 l&rsquo;aide de fixations aveugles Finition galvanis\u00e9e et plastifi\u00e9e Largeurs standard : 2500 et 3000 mm. Hauteurs standard pos\u00e9es (incluant 100 mm de jeu sous le panneau) : 1000, 1250, 1500, 1800 et 2000 [&hellip;]<\/p>\n","protected":false},"author":2,"featured_media":191,"parent":85,"menu_order":3,"comment_status":"closed","ping_status":"closed","template":"","meta":{"ngg_post_thumbnail":0},"_links":{"self":[{"href":"https:\/\/fence2go.eu\/index.php\/wp-json\/wp\/v2\/pages\/200"}],"collection":[{"href":"https:\/\/fence2go.eu\/index.php\/wp-json\/wp\/v2\/pages"}],"about":[{"href":"https:\/\/fence2go.eu\/index.php\/wp-json\/wp\/v2\/types\/page"}],"author":[{"embeddable":true,"href":"https:\/\/fence2go.eu\/index.php\/wp-json\/wp\/v2\/users\/2"}],"replies":[{"embeddable":true,"href":"https:\/\/fence2go.eu\/index.php\/wp-json\/wp\/v2\/comments?post=200"}],"version-history":[{"count":8,"href":"https:\/\/fence2go.eu\/index.php\/wp-json\/wp\/v2\/pages\/200\/revisions"}],"predecessor-version":[{"id":2410,"href":"https:\/\/fence2go.eu\/index.php\/wp-json\/wp\/v2\/pages\/200\/revisions\/2410"}],"up":[{"embeddable":true,"href":"https:\/\/fence2go.eu\/index.php\/wp-json\/wp\/v2\/pages\/85"}],"wp:featuredmedia":[{"embeddable":true,"href":"https:\/\/fence2go.eu\/index.php\/wp-json\/wp\/v2\/media\/191"}],"wp:attachment":[{"href":"https:\/\/fence2go.eu\/index.php\/wp-json\/wp\/v2\/media?parent=200"}],"curies":[{"name":"wp","href":"https:\/\/api.w.org\/{rel}","templated":true}]}}