{"id":32,"date":"2018-11-20T20:24:08","date_gmt":"2018-11-20T20:24:08","guid":{"rendered":"http:\/\/fence2go.eu\/?page_id=32"},"modified":"2018-12-12T11:33:19","modified_gmt":"2018-12-12T10:33:19","slug":"panneaux-soudes","status":"publish","type":"page","link":"https:\/\/fence2go.eu\/index.php\/panneaux-soudes\/","title":{"rendered":"Panneaux soud\u00e9s, pare-ballons et gabions."},"content":{"rendered":"<p>La rubrique panneaux soud\u00e9s est divis\u00e9e en 3 parties dans le but de faciliter votre visite.\u00a0 Ainsi, la rubrique <strong>Cl\u00f4tures et poteaux<\/strong> comprend les <strong>panneaux \u00e0 plis Fence 3D<\/strong> <strong>et double fils Fence 2D 8\/6\/8 et 6\/5\/6<\/strong>, ainsi que les <strong>poteaux<\/strong> sur lesquels ils sont pos\u00e9s.\u00a0 La seconde s&rsquo;int\u00e9resse aux <strong>pare-ballons<\/strong> complets.\u00a0 La derni\u00e8re met en avant diff\u00e9rents types de <strong>gabions,<\/strong> <strong>rev\u00eatements muraux, jardini\u00e8res et bancs assortis<\/strong>.<\/p>\n<p>&nbsp;<\/p>\n<figure id=\"attachment_2037\" aria-describedby=\"caption-attachment-2037\" style=\"width: 150px\" class=\"wp-caption aligncenter\"><a href=\"http:\/\/fence2go.eu\/index.php\/clotures-et-poteaux\/\"><img loading=\"lazy\" class=\"wp-image-2037 size-thumbnail\" src=\"http:\/\/fence2go.eu\/wp-content\/uploads\/2018\/12\/Poteau-Gamma-photo-150x150.jpg\" alt=\"\" width=\"150\" height=\"150\" \/><\/a><figcaption id=\"caption-attachment-2037\" class=\"wp-caption-text\">Cl\u00f4tures et poteaux<\/figcaption><\/figure>\n<figure id=\"attachment_2069\" aria-describedby=\"caption-attachment-2069\" style=\"width: 150px\" class=\"wp-caption aligncenter\"><a href=\"http:\/\/fence2go.eu\/index.php\/panneaux-soudes-et-poteaux\/pare-ballons\/\"><img loading=\"lazy\" class=\"wp-image-2069 size-thumbnail\" src=\"http:\/\/fence2go.eu\/wp-content\/uploads\/2018\/12\/Poteau-ProSport-01--150x150.jpg\" alt=\"\" width=\"150\" height=\"150\" \/><\/a><figcaption id=\"caption-attachment-2069\" class=\"wp-caption-text\">Pare-ballons<\/figcaption><\/figure>\n<figure id=\"attachment_2086\" aria-describedby=\"caption-attachment-2086\" style=\"width: 150px\" class=\"wp-caption aligncenter\"><a href=\"http:\/\/fence2go.eu\/index.php\/panneaux-soudes-et-poteaux\/gabions\/\"><img loading=\"lazy\" class=\"wp-image-2086 size-thumbnail\" src=\"http:\/\/fence2go.eu\/wp-content\/uploads\/2018\/12\/Gabion-Futuro-150x150.jpg\" alt=\"\" width=\"150\" height=\"150\" \/><\/a><figcaption id=\"caption-attachment-2086\" class=\"wp-caption-text\">Gabions, rev\u00eatements muraux, jardini\u00e8res et bancs assortis<\/figcaption><\/figure>\n","protected":false},"excerpt":{"rendered":"<p>La rubrique panneaux soud\u00e9s est divis\u00e9e en 3 parties dans le but de faciliter votre visite.\u00a0 Ainsi, la rubrique Cl\u00f4tures et poteaux comprend les panneaux \u00e0 plis Fence 3D et double fils Fence 2D 8\/6\/8 et 6\/5\/6, ainsi que les poteaux sur lesquels ils sont pos\u00e9s.\u00a0 La seconde s&rsquo;int\u00e9resse aux pare-ballons complets.\u00a0 La derni\u00e8re met [&hellip;]<\/p>\n","protected":false},"author":1,"featured_media":0,"parent":0,"menu_order":0,"comment_status":"closed","ping_status":"closed","template":"","meta":{"ngg_post_thumbnail":0},"_links":{"self":[{"href":"https:\/\/fence2go.eu\/index.php\/wp-json\/wp\/v2\/pages\/32"}],"collection":[{"href":"https:\/\/fence2go.eu\/index.php\/wp-json\/wp\/v2\/pages"}],"about":[{"href":"https:\/\/fence2go.eu\/index.php\/wp-json\/wp\/v2\/types\/page"}],"author":[{"embeddable":true,"href":"https:\/\/fence2go.eu\/index.php\/wp-json\/wp\/v2\/users\/1"}],"replies":[{"embeddable":true,"href":"https:\/\/fence2go.eu\/index.php\/wp-json\/wp\/v2\/comments?post=32"}],"version-history":[{"count":10,"href":"https:\/\/fence2go.eu\/index.php\/wp-json\/wp\/v2\/pages\/32\/revisions"}],"predecessor-version":[{"id":2152,"href":"https:\/\/fence2go.eu\/index.php\/wp-json\/wp\/v2\/pages\/32\/revisions\/2152"}],"wp:attachment":[{"href":"https:\/\/fence2go.eu\/index.php\/wp-json\/wp\/v2\/media?parent=32"}],"curies":[{"name":"wp","href":"https:\/\/api.w.org\/{rel}","templated":true}]}}