{"id":339,"date":"2018-11-27T10:27:37","date_gmt":"2018-11-27T09:27:37","guid":{"rendered":"http:\/\/fence2go.eu\/?page_id=339"},"modified":"2018-12-14T11:10:06","modified_gmt":"2018-12-14T10:10:06","slug":"cloture-barreaudee-style-aw-10-08","status":"publish","type":"page","link":"https:\/\/fence2go.eu\/index.php\/barreaudage\/barreaudage-pour-votre-domicile\/barreaudage-style\/cloture-barreaudee-style-aw-10-08\/","title":{"rendered":"Cl\u00f4ture barreaud\u00e9e Style AW.10.08."},"content":{"rendered":"<p><img loading=\"lazy\" class=\"size-medium wp-image-291 alignleft\" src=\"http:\/\/fence2go.eu\/wp-content\/uploads\/2018\/11\/Cl\u00f4ture-barreaud\u00e9e-Style-AW.10.08-300x159.jpg\" alt=\"\" width=\"300\" height=\"159\" srcset=\"https:\/\/fence2go.eu\/wp-content\/uploads\/2018\/11\/Cl\u00f4ture-barreaud\u00e9e-Style-AW.10.08-300x159.jpg 300w, https:\/\/fence2go.eu\/wp-content\/uploads\/2018\/11\/Cl\u00f4ture-barreaud\u00e9e-Style-AW.10.08.jpg 335w\" sizes=\"(max-width: 300px) 100vw, 300px\" \/>El\u00e9ments soud\u00e9s comprenant :<br \/>\nLisses horizontales en tubes 30&#215;18 mm et plats de 30&#215;5 mm, enserrant des carr\u00e9s verticaux de 12&#215;12 mm, se terminant<br \/>\nalternativement en arrondis et en pointes<br \/>\nFixation sur des poteaux carr\u00e9s \u00e0 l&rsquo;aide de fixations aveugles<\/p>\n<p>Finition galvanis\u00e9e et plastifi\u00e9e<\/p>\n<p>Largeurs standard : 2500 et 3000 mm.<\/p>\n<p>Hauteurs standard pos\u00e9es (incluant 100 mm de jeu sous le panneau) : 1000, 1250, 1500 et 1800 mm.<\/p>\n<p>&nbsp;<\/p>\n<p>Disponible uniquement en version sup\u00e9rieure droite, ainsi qu&rsquo;en balustrade.<\/p>\n<p>&nbsp;<\/p>\n<p>Couleurs standard : bleu gentiane RAL 5010 mat, vert mousse RAL 6005 mat, gris anthracite RAL 7016 mat, gris pierre RAL 7030 mat, brun s\u00e9pia RAL 8014, brun gris RAL 8019, noir mat et mat structur\u00e9 RAL 9005.<\/p>\n<p>Couleurs non-standard moyennant suppl\u00e9ment : rouge vin RAL 3005 mat, gris fen\u00eatre RAL 7040 mat, brun chocolat RAL 8017 mat et blanc RAL 9016 mat.<\/p>\n<p>Couleurs non-standard issues de la gamme Home Inclusive 2.0 : HIEarth (Smoke Green, Willow Green, Fern Green, Deep Green), HISteel (True Blue, Marina Horizon, Anthracite, Modern Graphite), HIStone (Comfort Grey, Warm Stone, Quartz Grey, Brown Stone), HIRuby (Moody Coral, Flame Red, Modern Maroon, Deep Brown).<\/p>\n<p><img loading=\"lazy\" class=\"size-medium wp-image-163 aligncenter\" style=\"background-color: transparent; color: #747474; display: block; font-family: &amp;quot; open sans&amp;quot;,sans-serif; font-size: 14px; font-style: normal; font-variant: normal; font-weight: 400; height: 225px; letter-spacing: normal; max-width: 826px; orphans: 2; outline-color: #72777c; outline-style: solid; outline-width: 1px; text-align: left; text-decoration: none; text-indent: 0px; text-transform: none; -webkit-text-stroke-width: 0px; white-space: normal; word-spacing: 0px; margin: 0px 263px 0px 263px;\" src=\"http:\/\/fence2go.eu\/wp-content\/uploads\/2018\/11\/Barreaudage-10.08-300x225.jpg\" alt=\"\" width=\"300\" height=\"225\" srcset=\"https:\/\/fence2go.eu\/wp-content\/uploads\/2018\/11\/Barreaudage-10.08-300x225.jpg 300w, https:\/\/fence2go.eu\/wp-content\/uploads\/2018\/11\/Barreaudage-10.08.jpg 700w\" sizes=\"(max-width: 300px) 100vw, 300px\" \/><\/p>\n<figure id=\"attachment_1210\" aria-describedby=\"caption-attachment-1210\" style=\"width: 300px\" class=\"wp-caption aligncenter\"><a href=\"http:\/\/fence2go.eu\/index.php\/portes-coulissantes\/portes-coulissantes-autoportantes-privees\/portails-coulissants-style\/portail-coulissant-autoportant-style-aw-10-08\/\"><img loading=\"lazy\" class=\"wp-image-1210 size-medium\" src=\"http:\/\/fence2go.eu\/wp-content\/uploads\/2018\/12\/Portail-coulissant-autoportant-Style-10.08-300x85.jpg\" alt=\"\" width=\"300\" height=\"85\" srcset=\"https:\/\/fence2go.eu\/wp-content\/uploads\/2018\/12\/Portail-coulissant-autoportant-Style-10.08-300x85.jpg 300w, https:\/\/fence2go.eu\/wp-content\/uploads\/2018\/12\/Portail-coulissant-autoportant-Style-10.08.jpg 302w\" sizes=\"(max-width: 300px) 100vw, 300px\" \/><\/a><figcaption id=\"caption-attachment-1210\" class=\"wp-caption-text\">Portails coulissants assortis<\/figcaption><\/figure>\n<figure id=\"attachment_860\" aria-describedby=\"caption-attachment-860\" style=\"width: 292px\" class=\"wp-caption aligncenter\"><a href=\"http:\/\/fence2go.eu\/index.php\/portes-pivotantes\/portes-pivotantes-style\/portail-pivotant-style-aw-10-08\/\"><img loading=\"lazy\" class=\"wp-image-860 size-full\" src=\"http:\/\/fence2go.eu\/wp-content\/uploads\/2018\/11\/Portail-pivotant-Style-AW.10.08.jpg\" alt=\"\" width=\"292\" height=\"175\" \/><\/a><figcaption id=\"caption-attachment-860\" class=\"wp-caption-text\">Portails pivotants assortis<\/figcaption><\/figure>\n","protected":false},"excerpt":{"rendered":"<p>El\u00e9ments soud\u00e9s comprenant : Lisses horizontales en tubes 30&#215;18 mm et plats de 30&#215;5 mm, enserrant des carr\u00e9s verticaux de 12&#215;12 mm, se terminant alternativement en arrondis et en pointes Fixation sur des poteaux carr\u00e9s \u00e0 l&rsquo;aide de fixations aveugles Finition galvanis\u00e9e et plastifi\u00e9e Largeurs standard : 2500 et 3000 mm. Hauteurs standard pos\u00e9es (incluant [&hellip;]<\/p>\n","protected":false},"author":2,"featured_media":291,"parent":105,"menu_order":2,"comment_status":"closed","ping_status":"closed","template":"","meta":{"ngg_post_thumbnail":0},"_links":{"self":[{"href":"https:\/\/fence2go.eu\/index.php\/wp-json\/wp\/v2\/pages\/339"}],"collection":[{"href":"https:\/\/fence2go.eu\/index.php\/wp-json\/wp\/v2\/pages"}],"about":[{"href":"https:\/\/fence2go.eu\/index.php\/wp-json\/wp\/v2\/types\/page"}],"author":[{"embeddable":true,"href":"https:\/\/fence2go.eu\/index.php\/wp-json\/wp\/v2\/users\/2"}],"replies":[{"embeddable":true,"href":"https:\/\/fence2go.eu\/index.php\/wp-json\/wp\/v2\/comments?post=339"}],"version-history":[{"count":10,"href":"https:\/\/fence2go.eu\/index.php\/wp-json\/wp\/v2\/pages\/339\/revisions"}],"predecessor-version":[{"id":2425,"href":"https:\/\/fence2go.eu\/index.php\/wp-json\/wp\/v2\/pages\/339\/revisions\/2425"}],"up":[{"embeddable":true,"href":"https:\/\/fence2go.eu\/index.php\/wp-json\/wp\/v2\/pages\/105"}],"wp:featuredmedia":[{"embeddable":true,"href":"https:\/\/fence2go.eu\/index.php\/wp-json\/wp\/v2\/media\/291"}],"wp:attachment":[{"href":"https:\/\/fence2go.eu\/index.php\/wp-json\/wp\/v2\/media?parent=339"}],"curies":[{"name":"wp","href":"https:\/\/api.w.org\/{rel}","templated":true}]}}