{"id":3868,"date":"2020-07-31T10:27:59","date_gmt":"2020-07-31T09:27:59","guid":{"rendered":"http:\/\/fence2go.eu\/?page_id=3868"},"modified":"2020-07-31T13:29:37","modified_gmt":"2020-07-31T12:29:37","slug":"cloture-barreaudee-modern-aw-10-128","status":"publish","type":"page","link":"https:\/\/fence2go.eu\/index.php\/cloture-barreaudee-modern-aw-10-128\/","title":{"rendered":"Cl\u00f4ture barreaud\u00e9e Modern AW.10.128."},"content":{"rendered":"\n<div class=\"wp-block-image\"><figure class=\"alignleft size-large is-resized\"><img loading=\"lazy\" src=\"http:\/\/fence2go.eu\/wp-content\/uploads\/2020\/07\/Segment-AW.10.128-927x1024.jpg\" alt=\"\" class=\"wp-image-3861\" width=\"265\" height=\"292\" srcset=\"https:\/\/fence2go.eu\/wp-content\/uploads\/2020\/07\/Segment-AW.10.128-927x1024.jpg 927w, https:\/\/fence2go.eu\/wp-content\/uploads\/2020\/07\/Segment-AW.10.128-272x300.jpg 272w, https:\/\/fence2go.eu\/wp-content\/uploads\/2020\/07\/Segment-AW.10.128-768x848.jpg 768w, https:\/\/fence2go.eu\/wp-content\/uploads\/2020\/07\/Segment-AW.10.128-1391x1536.jpg 1391w, https:\/\/fence2go.eu\/wp-content\/uploads\/2020\/07\/Segment-AW.10.128-1854x2048.jpg 1854w\" sizes=\"(max-width: 265px) 100vw, 265px\" \/><\/figure><\/div>\n\n\n\n<p>El\u00e9ments soud\u00e9s comprenant :<br>Cadre en tubes 40\u00d740 mm<br>Habillage en t\u00f4le pleine et plusieurs  ouvertures horizontales sur toute la largeur<br>El\u00e9ment droit<br>Fixation sur des poteaux carr\u00e9s \u00e0 l\u2019aide de fixations aveugles<br>Finition galvanis\u00e9e et plastifi\u00e9e<\/p>\n\n\n\n<p>Largeurs standard : 2000, 2500 et 2700 mm.<\/p>\n\n\n\n<p>Hauteurs standard pos\u00e9es (incluant 100 mm de jeu sous le panneau) : 1150, 1400, 1650, 1900 et 2150 mm.<\/p>\n\n\n\n<p>Couleurs standard : bleu gentiane RAL 5010 mat, vert mousse RAL 6005 mat, gris anthracite RAL 7016 mat, gris pierre RAL 7030 mat, brun s\u00e9pia RAL 8014, brun gris RAL 8019, noir mat et mat structur\u00e9 RAL 9005.<\/p>\n\n\n\n<p>Couleurs non-standard moyennant suppl\u00e9ment : rouge vin RAL 3005 mat, gris fen\u00eatre RAL 7040 mat, brun chocolat RAL 8017 mat et blanc RAL 9016 mat.<\/p>\n\n\n\n<p>Couleurs non-standard issues de la gamme Home Inclusive 2.0 : HIEarth (Smoke Green, Willow Green, Fern Green, Deep Green), HISteel (True Blue, Marina Horizon, Anthracite, Modern Graphite), HIStone (Comfort Grey, Warm Stone, Quartz Grey, Brown Stone), HIRuby (Moody Coral, Flame Red, Modern Maroon, Deep Brown).<\/p>\n\n\n\n<figure class=\"wp-block-image size-large is-resized\"><a href=\"http:\/\/fence2go.eu\/index.php\/portails-pivotants-modern-aw-10-128\/\"><img loading=\"lazy\" src=\"http:\/\/fence2go.eu\/wp-content\/uploads\/2020\/07\/Brama-dwuskrzyd\u0142owa-AW.08.128-1024x791.jpg\" alt=\"\" class=\"wp-image-3849\" width=\"263\" height=\"203\" srcset=\"https:\/\/fence2go.eu\/wp-content\/uploads\/2020\/07\/Brama-dwuskrzyd\u0142owa-AW.08.128-1024x791.jpg 1024w, https:\/\/fence2go.eu\/wp-content\/uploads\/2020\/07\/Brama-dwuskrzyd\u0142owa-AW.08.128-300x232.jpg 300w, https:\/\/fence2go.eu\/wp-content\/uploads\/2020\/07\/Brama-dwuskrzyd\u0142owa-AW.08.128-768x593.jpg 768w, https:\/\/fence2go.eu\/wp-content\/uploads\/2020\/07\/Brama-dwuskrzyd\u0142owa-AW.08.128-1536x1186.jpg 1536w, https:\/\/fence2go.eu\/wp-content\/uploads\/2020\/07\/Brama-dwuskrzyd\u0142owa-AW.08.128-2048x1582.jpg 2048w\" sizes=\"(max-width: 263px) 100vw, 263px\" \/><\/a><figcaption>Portails pivotants assortis<\/figcaption><\/figure>\n\n\n\n<figure class=\"wp-block-image size-large is-resized\"><a href=\"http:\/\/fence2go.eu\/index.php\/portail-coulissant-autoportant-modern-aw-10-128\/\"><img loading=\"lazy\" src=\"http:\/\/fence2go.eu\/wp-content\/uploads\/2020\/07\/Brama-Przesuwna-21.128-1024x754.jpg\" alt=\"\" class=\"wp-image-3852\" width=\"269\" height=\"198\" srcset=\"https:\/\/fence2go.eu\/wp-content\/uploads\/2020\/07\/Brama-Przesuwna-21.128-1024x754.jpg 1024w, https:\/\/fence2go.eu\/wp-content\/uploads\/2020\/07\/Brama-Przesuwna-21.128-300x221.jpg 300w, https:\/\/fence2go.eu\/wp-content\/uploads\/2020\/07\/Brama-Przesuwna-21.128-768x565.jpg 768w, https:\/\/fence2go.eu\/wp-content\/uploads\/2020\/07\/Brama-Przesuwna-21.128-1536x1131.jpg 1536w, https:\/\/fence2go.eu\/wp-content\/uploads\/2020\/07\/Brama-Przesuwna-21.128-2048x1508.jpg 2048w\" sizes=\"(max-width: 269px) 100vw, 269px\" \/><\/a><figcaption>Portail coulissant autoportant assorti<\/figcaption><\/figure>\n","protected":false},"excerpt":{"rendered":"<p>El\u00e9ments soud\u00e9s comprenant :Cadre en tubes 40\u00d740 mmHabillage en t\u00f4le pleine et plusieurs ouvertures horizontales sur toute la largeurEl\u00e9ment droitFixation sur des poteaux carr\u00e9s \u00e0 l\u2019aide de fixations aveuglesFinition galvanis\u00e9e et plastifi\u00e9e Largeurs standard : 2000, 2500 et 2700 mm. Hauteurs standard pos\u00e9es (incluant 100 mm de jeu sous le panneau) : 1150, 1400, 1650, [&hellip;]<\/p>\n","protected":false},"author":2,"featured_media":0,"parent":0,"menu_order":0,"comment_status":"closed","ping_status":"closed","template":"","meta":{"ngg_post_thumbnail":0},"_links":{"self":[{"href":"https:\/\/fence2go.eu\/index.php\/wp-json\/wp\/v2\/pages\/3868"}],"collection":[{"href":"https:\/\/fence2go.eu\/index.php\/wp-json\/wp\/v2\/pages"}],"about":[{"href":"https:\/\/fence2go.eu\/index.php\/wp-json\/wp\/v2\/types\/page"}],"author":[{"embeddable":true,"href":"https:\/\/fence2go.eu\/index.php\/wp-json\/wp\/v2\/users\/2"}],"replies":[{"embeddable":true,"href":"https:\/\/fence2go.eu\/index.php\/wp-json\/wp\/v2\/comments?post=3868"}],"version-history":[{"count":4,"href":"https:\/\/fence2go.eu\/index.php\/wp-json\/wp\/v2\/pages\/3868\/revisions"}],"predecessor-version":[{"id":3927,"href":"https:\/\/fence2go.eu\/index.php\/wp-json\/wp\/v2\/pages\/3868\/revisions\/3927"}],"wp:attachment":[{"href":"https:\/\/fence2go.eu\/index.php\/wp-json\/wp\/v2\/media?parent=3868"}],"curies":[{"name":"wp","href":"https:\/\/api.w.org\/{rel}","templated":true}]}}