{"id":619,"date":"2018-11-27T18:59:21","date_gmt":"2018-11-27T17:59:21","guid":{"rendered":"http:\/\/fence2go.eu\/?page_id=619"},"modified":"2018-12-14T11:52:47","modified_gmt":"2018-12-14T10:52:47","slug":"cloture-barreaudee-modern-aw-10-101-2","status":"publish","type":"page","link":"https:\/\/fence2go.eu\/index.php\/barreaudage\/barreaudage-pour-votre-domicile\/barreaudage-modern\/cloture-barreaudee-modern-aw-10-101-2\/","title":{"rendered":"Cl\u00f4ture barreaud\u00e9e Modern AW.10.101."},"content":{"rendered":"<p><img loading=\"lazy\" class=\"size-full wp-image-603 alignleft\" src=\"http:\/\/fence2go.eu\/wp-content\/uploads\/2018\/11\/Cl\u00f4ture-barreaud\u00e9e-Modern-AW.10.101.jpg\" alt=\"\" width=\"298\" height=\"176\" \/>El\u00e9ments soud\u00e9s comprenant :<br \/>\nCadre en tubes 40&#215;40 mm<br \/>\nHabillage en t\u00f4le perfor\u00e9e \u00e9paisseur 2 mm<br \/>\nEl\u00e9ment droit<br \/>\nFixation sur des poteaux carr\u00e9s \u00e0 l&rsquo;aide de fixations aveugles<br \/>\nFinition galvanis\u00e9e et plastifi\u00e9e<\/p>\n<p>Largeurs standard : 2500 et 3000 mm.<\/p>\n<p>Hauteurs standard pos\u00e9es (incluant 100 mm de jeu sous le panneau) : 1000, 1250, 1500 et 1800 mm.<\/p>\n<p>&nbsp;<\/p>\n<p>Disponible uniquement en version droite.<\/p>\n<p>&nbsp;<\/p>\n<p>Perforations au choix (3 possibilit\u00e9s) :<\/p>\n<p><img loading=\"lazy\" class=\"alignnone size-medium wp-image-624\" src=\"http:\/\/fence2go.eu\/wp-content\/uploads\/2018\/11\/Perforations-Qg5-8-Qg-10-30-RV-5-8-1-300x138.jpg\" alt=\"\" width=\"300\" height=\"138\" srcset=\"https:\/\/fence2go.eu\/wp-content\/uploads\/2018\/11\/Perforations-Qg5-8-Qg-10-30-RV-5-8-1-300x138.jpg 300w, https:\/\/fence2go.eu\/wp-content\/uploads\/2018\/11\/Perforations-Qg5-8-Qg-10-30-RV-5-8-1.jpg 435w\" sizes=\"(max-width: 300px) 100vw, 300px\" \/><\/p>\n<p>&nbsp;<\/p>\n<p>Couleurs standard : bleu gentiane RAL 5010 mat, vert mousse RAL 6005 mat, gris anthracite RAL 7016 mat, gris pierre RAL 7030 mat, brun s\u00e9pia RAL 8014, brun gris RAL 8019, noir mat et mat structur\u00e9 RAL 9005.<\/p>\n<p>Couleurs non-standard moyennant suppl\u00e9ment : rouge vin RAL 3005 mat, gris fen\u00eatre RAL 7040 mat, brun chocolat RAL 8017 mat et blanc RAL 9016 mat.<\/p>\n<p>Couleurs non-standard issues de la gamme Home Inclusive 2.0 : HIEarth (Smoke Green, Willow Green, Fern Green, Deep Green), HISteel (True Blue, Marina Horizon, Anthracite, Modern Graphite), HIStone (Comfort Grey, Warm Stone, Quartz Grey, Brown Stone), HIRuby (Moody Coral, Flame Red, Modern Maroon, Deep Brown).<\/p>\n<p>&nbsp;<\/p>\n<figure id=\"attachment_1028\" aria-describedby=\"caption-attachment-1028\" style=\"width: 283px\" class=\"wp-caption aligncenter\"><a href=\"http:\/\/fence2go.eu\/index.php\/portes-pivotantes\/portes-pivotantes-modern\/portes-pivotantes-modern-aw-10-101\/\"><img loading=\"lazy\" class=\"wp-image-1028 size-full\" src=\"http:\/\/fence2go.eu\/wp-content\/uploads\/2018\/11\/Portail-pivotant-Modern-10.101.jpg\" alt=\"\" width=\"283\" height=\"168\" \/><\/a><figcaption id=\"caption-attachment-1028\" class=\"wp-caption-text\">Portails pivotants assortis<\/figcaption><\/figure>\n<figure id=\"attachment_1591\" aria-describedby=\"caption-attachment-1591\" style=\"width: 275px\" class=\"wp-caption aligncenter\"><a href=\"http:\/\/fence2go.eu\/index.php\/portails-coulissants-autoportants-modern\/portail-coulissant-autoportant-modern-aw-10-101\/\"><img loading=\"lazy\" class=\"wp-image-1591 size-full\" src=\"http:\/\/fence2go.eu\/wp-content\/uploads\/2018\/12\/Portail-coulissant-autoportant-Modern-10.101.jpg\" alt=\"\" width=\"275\" height=\"70\" \/><\/a><figcaption id=\"caption-attachment-1591\" class=\"wp-caption-text\">Portails coulissants assortis<\/figcaption><\/figure>\n<p>&nbsp;<\/p>\n","protected":false},"excerpt":{"rendered":"<p>El\u00e9ments soud\u00e9s comprenant : Cadre en tubes 40&#215;40 mm Habillage en t\u00f4le perfor\u00e9e \u00e9paisseur 2 mm El\u00e9ment droit Fixation sur des poteaux carr\u00e9s \u00e0 l&rsquo;aide de fixations aveugles Finition galvanis\u00e9e et plastifi\u00e9e Largeurs standard : 2500 et 3000 mm. Hauteurs standard pos\u00e9es (incluant 100 mm de jeu sous le panneau) : 1000, 1250, 1500 et [&hellip;]<\/p>\n","protected":false},"author":2,"featured_media":603,"parent":109,"menu_order":2,"comment_status":"closed","ping_status":"closed","template":"","meta":{"ngg_post_thumbnail":0},"_links":{"self":[{"href":"https:\/\/fence2go.eu\/index.php\/wp-json\/wp\/v2\/pages\/619"}],"collection":[{"href":"https:\/\/fence2go.eu\/index.php\/wp-json\/wp\/v2\/pages"}],"about":[{"href":"https:\/\/fence2go.eu\/index.php\/wp-json\/wp\/v2\/types\/page"}],"author":[{"embeddable":true,"href":"https:\/\/fence2go.eu\/index.php\/wp-json\/wp\/v2\/users\/2"}],"replies":[{"embeddable":true,"href":"https:\/\/fence2go.eu\/index.php\/wp-json\/wp\/v2\/comments?post=619"}],"version-history":[{"count":11,"href":"https:\/\/fence2go.eu\/index.php\/wp-json\/wp\/v2\/pages\/619\/revisions"}],"predecessor-version":[{"id":2463,"href":"https:\/\/fence2go.eu\/index.php\/wp-json\/wp\/v2\/pages\/619\/revisions\/2463"}],"up":[{"embeddable":true,"href":"https:\/\/fence2go.eu\/index.php\/wp-json\/wp\/v2\/pages\/109"}],"wp:featuredmedia":[{"embeddable":true,"href":"https:\/\/fence2go.eu\/index.php\/wp-json\/wp\/v2\/media\/603"}],"wp:attachment":[{"href":"https:\/\/fence2go.eu\/index.php\/wp-json\/wp\/v2\/media?parent=619"}],"curies":[{"name":"wp","href":"https:\/\/api.w.org\/{rel}","templated":true}]}}