{"id":656,"date":"2018-11-28T07:47:04","date_gmt":"2018-11-28T06:47:04","guid":{"rendered":"http:\/\/fence2go.eu\/?page_id=656"},"modified":"2018-12-14T11:58:31","modified_gmt":"2018-12-14T10:58:31","slug":"cloture-barreaudee-modern-aw-10-108-2","status":"publish","type":"page","link":"https:\/\/fence2go.eu\/index.php\/barreaudage\/barreaudage-pour-votre-domicile\/barreaudage-modern\/cloture-barreaudee-modern-aw-10-108-2\/","title":{"rendered":"Cl\u00f4ture barreaud\u00e9e Modern AW.10.108."},"content":{"rendered":"<p><img loading=\"lazy\" class=\"size-medium wp-image-164 alignleft\" src=\"http:\/\/fence2go.eu\/wp-content\/uploads\/2018\/11\/Barreaudage-10.108-300x225.jpg\" alt=\"\" width=\"300\" height=\"225\" srcset=\"https:\/\/fence2go.eu\/wp-content\/uploads\/2018\/11\/Barreaudage-10.108-300x225.jpg 300w, https:\/\/fence2go.eu\/wp-content\/uploads\/2018\/11\/Barreaudage-10.108.jpg 700w\" sizes=\"(max-width: 300px) 100vw, 300px\" \/>El\u00e9ments soud\u00e9s comprenant :<br \/>\nCadre en tubes 40&#215;40 mm<br \/>\nHabillage en lames horizontales 70&#215;20 mm, ainsi qu&rsquo;une t\u00f4le perfor\u00e9e droite au centre de l&rsquo;\u00e9l\u00e9ment<br \/>\nEl\u00e9ment droit<br \/>\nFixation sur des poteaux carr\u00e9s \u00e0 l&rsquo;aide de fixations aveugles<br \/>\nFinition galvanis\u00e9e et plastifi\u00e9e<\/p>\n<p>&nbsp;<\/p>\n<p>Largeurs standard : 2500 et 3000 mm.<\/p>\n<p>&nbsp;<\/p>\n<p>Hauteurs standard pos\u00e9es (incluant 100 mm de jeu sous le panneau) : 1250, 1650 et 2000 mm.<\/p>\n<p>&nbsp;<\/p>\n<p>Disponible uniquement en version droite.<\/p>\n<p>&nbsp;<\/p>\n<p>Perforations au choix (3 possibilit\u00e9s) :<\/p>\n<p><img loading=\"lazy\" class=\"alignnone size-medium wp-image-625\" src=\"http:\/\/fence2go.eu\/wp-content\/uploads\/2018\/11\/Perforations-Qg-10-30-RV-5-8-Oz-10-16-300x142.jpg\" alt=\"\" width=\"300\" height=\"142\" srcset=\"https:\/\/fence2go.eu\/wp-content\/uploads\/2018\/11\/Perforations-Qg-10-30-RV-5-8-Oz-10-16-300x142.jpg 300w, https:\/\/fence2go.eu\/wp-content\/uploads\/2018\/11\/Perforations-Qg-10-30-RV-5-8-Oz-10-16.jpg 419w\" sizes=\"(max-width: 300px) 100vw, 300px\" \/><\/p>\n<p>&nbsp;<\/p>\n<p>Couleurs standard : bleu gentiane RAL 5010 mat, vert mousse RAL 6005 mat, gris anthracite RAL 7016 mat, gris pierre RAL 7030 mat, brun s\u00e9pia RAL 8014, brun gris RAL 8019, noir mat et mat structur\u00e9 RAL 9005.<\/p>\n<p>Couleurs non-standard moyennant suppl\u00e9ment : rouge vin RAL 3005 mat, gris fen\u00eatre RAL 7040 mat, brun chocolat RAL 8017 mat et blanc RAL 9016 mat.<\/p>\n<p>Couleurs non-standard issues de la gamme Home Inclusive 2.0 : HIEarth (Smoke Green, Willow Green, Fern Green, Deep Green), HISteel (True Blue, Marina Horizon, Anthracite, Modern Graphite), HIStone (Comfort Grey, Warm Stone, Quartz Grey, Brown Stone), HIRuby (Moody Coral, Flame Red, Modern Maroon, Deep Brown).<\/p>\n<p>&nbsp;<\/p>\n<p><img loading=\"lazy\" class=\"alignnone size-medium wp-image-164\" src=\"http:\/\/fence2go.eu\/wp-content\/uploads\/2018\/11\/Barreaudage-10.108-300x225.jpg\" alt=\"\" width=\"300\" height=\"225\" srcset=\"https:\/\/fence2go.eu\/wp-content\/uploads\/2018\/11\/Barreaudage-10.108-300x225.jpg 300w, https:\/\/fence2go.eu\/wp-content\/uploads\/2018\/11\/Barreaudage-10.108.jpg 700w\" sizes=\"(max-width: 300px) 100vw, 300px\" \/><\/p>\n<figure id=\"attachment_1060\" aria-describedby=\"caption-attachment-1060\" style=\"width: 278px\" class=\"wp-caption aligncenter\"><a href=\"http:\/\/fence2go.eu\/index.php\/portails-coulissants-autoportants-modern\/portail-coulissant-autoportant-modern-aw-10-107\/\"><img loading=\"lazy\" class=\"wp-image-1060 size-full\" src=\"http:\/\/fence2go.eu\/wp-content\/uploads\/2018\/11\/Portail-pivotant-Modern-10.108.jpg\" alt=\"\" width=\"278\" height=\"171\" \/><\/a><figcaption id=\"caption-attachment-1060\" class=\"wp-caption-text\">Portails pivotants assortis<\/figcaption><\/figure>\n<figure id=\"attachment_1387\" aria-describedby=\"caption-attachment-1387\" style=\"width: 273px\" class=\"wp-caption aligncenter\"><a href=\"http:\/\/fence2go.eu\/index.php\/portails-coulissants-autoportants-modern\/portail-coulissant-autoportant-modern-aw-10-108\/\"><img loading=\"lazy\" class=\"wp-image-1387 size-full\" src=\"http:\/\/fence2go.eu\/wp-content\/uploads\/2018\/12\/Portail-coulissant-autoportant-Modern-10.108.jpg\" alt=\"\" width=\"273\" height=\"68\" \/><\/a><figcaption id=\"caption-attachment-1387\" class=\"wp-caption-text\">Portails coulissants assortis<\/figcaption><\/figure>\n<p>&nbsp;<\/p>\n","protected":false},"excerpt":{"rendered":"<p>El\u00e9ments soud\u00e9s comprenant : Cadre en tubes 40&#215;40 mm Habillage en lames horizontales 70&#215;20 mm, ainsi qu&rsquo;une t\u00f4le perfor\u00e9e droite au centre de l&rsquo;\u00e9l\u00e9ment El\u00e9ment droit Fixation sur des poteaux carr\u00e9s \u00e0 l&rsquo;aide de fixations aveugles Finition galvanis\u00e9e et plastifi\u00e9e &nbsp; Largeurs standard : 2500 et 3000 mm. &nbsp; Hauteurs standard pos\u00e9es (incluant 100 mm [&hellip;]<\/p>\n","protected":false},"author":2,"featured_media":610,"parent":109,"menu_order":9,"comment_status":"closed","ping_status":"closed","template":"","meta":{"ngg_post_thumbnail":0},"_links":{"self":[{"href":"https:\/\/fence2go.eu\/index.php\/wp-json\/wp\/v2\/pages\/656"}],"collection":[{"href":"https:\/\/fence2go.eu\/index.php\/wp-json\/wp\/v2\/pages"}],"about":[{"href":"https:\/\/fence2go.eu\/index.php\/wp-json\/wp\/v2\/types\/page"}],"author":[{"embeddable":true,"href":"https:\/\/fence2go.eu\/index.php\/wp-json\/wp\/v2\/users\/2"}],"replies":[{"embeddable":true,"href":"https:\/\/fence2go.eu\/index.php\/wp-json\/wp\/v2\/comments?post=656"}],"version-history":[{"count":8,"href":"https:\/\/fence2go.eu\/index.php\/wp-json\/wp\/v2\/pages\/656\/revisions"}],"predecessor-version":[{"id":2470,"href":"https:\/\/fence2go.eu\/index.php\/wp-json\/wp\/v2\/pages\/656\/revisions\/2470"}],"up":[{"embeddable":true,"href":"https:\/\/fence2go.eu\/index.php\/wp-json\/wp\/v2\/pages\/109"}],"wp:featuredmedia":[{"embeddable":true,"href":"https:\/\/fence2go.eu\/index.php\/wp-json\/wp\/v2\/media\/610"}],"wp:attachment":[{"href":"https:\/\/fence2go.eu\/index.php\/wp-json\/wp\/v2\/media?parent=656"}],"curies":[{"name":"wp","href":"https:\/\/api.w.org\/{rel}","templated":true}]}}