{"id":782,"date":"2018-11-28T13:02:55","date_gmt":"2018-11-28T12:02:55","guid":{"rendered":"http:\/\/fence2go.eu\/?page_id=782"},"modified":"2018-12-14T12:22:06","modified_gmt":"2018-12-14T11:22:06","slug":"portes-pivotantes-classic-aw-10-06","status":"publish","type":"page","link":"https:\/\/fence2go.eu\/index.php\/portes-pivotantes\/portails-pivotants-classic\/portes-pivotantes-classic-aw-10-06\/","title":{"rendered":"Portes pivotantes Classic AW.10.06."},"content":{"rendered":"<p><img loading=\"lazy\" class=\"alignleft wp-image-783\" src=\"http:\/\/fence2go.eu\/wp-content\/uploads\/2018\/11\/Portail-pivotant-Classic-AW.10.06.jpg\" alt=\"\" width=\"300\" height=\"203\" \/>Cadre en profils U 40&#215;30 mm<br \/>\nHabillage en tubes verticaux de section 20&#215;20 mm, soud\u00e9s en diagonales<br \/>\nBarreaux biseaut\u00e9s \u00e0 45\u00b0 \u00e0 partir d\u2019une hauteur de 1800 mm<br \/>\nEspace de 100 mm entre le soubassement et le sol<br \/>\nPoteaux carr\u00e9s \u00e0 b\u00e9tonner \u00e0 une profondeur de 600 mm<br \/>\nPlatines disponibles en option, sauf pour poteaux de 160x160x4 mm<br \/>\nSerrure int\u00e9gr\u00e9e, livr\u00e9e avec 3 cl\u00e9s<br \/>\nFinition galvanis\u00e9e et plastifi\u00e9e<\/p>\n<p><img loading=\"lazy\" class=\"alignnone size-full wp-image-208\" src=\"http:\/\/fence2go.eu\/wp-content\/uploads\/2018\/11\/Barreaux-biseaut\u00e9s.jpg\" alt=\"\" width=\"286\" height=\"69\" \/><\/p>\n<p style=\"text-align: center;\"><strong>!!! Sens du biseau \u00e0 pr\u00e9ciser lors de la commande !!!<\/strong><\/p>\n<p>Largeurs standard portillons : 1000 et 1200 mm.<br \/>\nLargeurs standard portails : 3000, 3500, 4000, 4500, 5000, 5500 et 6000 mm.<\/p>\n<p>Hauteurs standard pos\u00e9es (incluant 100 mm de jeu sous le panneau) : 1100, 1300, 1550 et 1850 mm.<\/p>\n<p>Disponible en version sup\u00e9rieure droite, concave et convexe.<\/p>\n<p>&nbsp;<\/p>\n<p>Couleurs standard : bleu gentiane RAL 5010 mat, vert mousse RAL 6005 mat, gris anthracite RAL 7016 mat, gris pierre RAL 7030 mat, brun s\u00e9pia RAL 8014, brun gris RAL 8019, noir mat et mat structur\u00e9 RAL 9005.<\/p>\n<p>&nbsp;<\/p>\n<p>Couleurs non-standard moyennant suppl\u00e9ment : rouge vin RAL 3005 mat, gris fen\u00eatre RAL 7040 mat, brun chocolat RAL 8017 mat et blanc RAL 9016 mat.<\/p>\n<p>&nbsp;<\/p>\n<p>Couleurs non-standard issues de la gamme Home Inclusive 2.0 : HIEarth (Smoke Green, Willow Green, Fern Green, Deep Green), HISteel (True Blue, Marina Horizon, Anthracite, Modern Graphite), HIStone (Comfort Grey, Warm Stone, Quartz Grey, Brown Stone), HIRuby (Moody Coral, Flame Red, Modern Maroon, Deep Brown).<\/p>\n<p><img loading=\"lazy\" class=\"size-medium wp-image-784 aligncenter\" style=\"background-color: transparent; color: #747474; display: block; font-family: &amp;quot; open sans&amp;quot;,sans-serif; font-size: 14px; font-style: normal; font-variant: normal; font-weight: 400; height: 197px; letter-spacing: normal; max-width: 826px; orphans: 2; outline-color: #72777c; outline-style: solid; outline-width: 1px; text-align: left; text-decoration: none; text-indent: 0px; text-transform: none; -webkit-text-stroke-width: 0px; white-space: normal; word-spacing: 0px; margin: 7px 263px 7px 263px;\" src=\"http:\/\/fence2go.eu\/wp-content\/uploads\/2018\/11\/Cl\u00f4ture-barreaud\u00e9e-Classic-AW.10.06-2-300x197.jpg\" alt=\"\" width=\"300\" height=\"197\" srcset=\"https:\/\/fence2go.eu\/wp-content\/uploads\/2018\/11\/Cl\u00f4ture-barreaud\u00e9e-Classic-AW.10.06-2-300x197.jpg 300w, https:\/\/fence2go.eu\/wp-content\/uploads\/2018\/11\/Cl\u00f4ture-barreaud\u00e9e-Classic-AW.10.06-2.jpg 579w\" sizes=\"(max-width: 300px) 100vw, 300px\" \/><b><\/b><i><\/i><u><\/u><\/p>\n<figure id=\"attachment_181\" aria-describedby=\"caption-attachment-181\" style=\"width: 300px\" class=\"wp-caption aligncenter\"><a href=\"http:\/\/fence2go.eu\/index.php\/barreaudage\/barreaudage-pour-votre-domicile\/barreaudage-classic\/cloture-barreaudee-classic-aw-10-06\/\"><img loading=\"lazy\" class=\"wp-image-181 size-medium\" src=\"http:\/\/fence2go.eu\/wp-content\/uploads\/2018\/11\/Barreaudage-Classic-AW.10.06-300x211.jpg\" alt=\"\" width=\"300\" height=\"211\" srcset=\"https:\/\/fence2go.eu\/wp-content\/uploads\/2018\/11\/Barreaudage-Classic-AW.10.06-300x211.jpg 300w, https:\/\/fence2go.eu\/wp-content\/uploads\/2018\/11\/Barreaudage-Classic-AW.10.06.jpg 327w\" sizes=\"(max-width: 300px) 100vw, 300px\" \/><\/a><figcaption id=\"caption-attachment-181\" class=\"wp-caption-text\">Cl\u00f4ture barreaud\u00e9es assorties<\/figcaption><\/figure>\n<p>&nbsp;<\/p>\n<figure id=\"attachment_1146\" aria-describedby=\"caption-attachment-1146\" style=\"width: 267px\" class=\"wp-caption aligncenter\"><a href=\"http:\/\/fence2go.eu\/index.php\/portes-coulissantes\/portes-coulissantes-autoportantes-privees\/portails-coulissants-autoportants-classic\/portail-coulissant-autoportant-classic-aw-10-06\/\"><img loading=\"lazy\" class=\"wp-image-1146 size-full\" src=\"http:\/\/fence2go.eu\/wp-content\/uploads\/2018\/12\/Portail-coulissant-autoportant-Classic-10.06.jpg\" alt=\"\" width=\"267\" height=\"116\" \/><\/a><figcaption id=\"caption-attachment-1146\" class=\"wp-caption-text\">Portails coulissants assortis<\/figcaption><\/figure>\n","protected":false},"excerpt":{"rendered":"<p>Cadre en profils U 40&#215;30 mm Habillage en tubes verticaux de section 20&#215;20 mm, soud\u00e9s en diagonales Barreaux biseaut\u00e9s \u00e0 45\u00b0 \u00e0 partir d\u2019une hauteur de 1800 mm Espace de 100 mm entre le soubassement et le sol Poteaux carr\u00e9s \u00e0 b\u00e9tonner \u00e0 une profondeur de 600 mm Platines disponibles en option, sauf pour poteaux [&hellip;]<\/p>\n","protected":false},"author":2,"featured_media":783,"parent":1630,"menu_order":5,"comment_status":"closed","ping_status":"closed","template":"","meta":{"ngg_post_thumbnail":0},"_links":{"self":[{"href":"https:\/\/fence2go.eu\/index.php\/wp-json\/wp\/v2\/pages\/782"}],"collection":[{"href":"https:\/\/fence2go.eu\/index.php\/wp-json\/wp\/v2\/pages"}],"about":[{"href":"https:\/\/fence2go.eu\/index.php\/wp-json\/wp\/v2\/types\/page"}],"author":[{"embeddable":true,"href":"https:\/\/fence2go.eu\/index.php\/wp-json\/wp\/v2\/users\/2"}],"replies":[{"embeddable":true,"href":"https:\/\/fence2go.eu\/index.php\/wp-json\/wp\/v2\/comments?post=782"}],"version-history":[{"count":7,"href":"https:\/\/fence2go.eu\/index.php\/wp-json\/wp\/v2\/pages\/782\/revisions"}],"predecessor-version":[{"id":2490,"href":"https:\/\/fence2go.eu\/index.php\/wp-json\/wp\/v2\/pages\/782\/revisions\/2490"}],"up":[{"embeddable":true,"href":"https:\/\/fence2go.eu\/index.php\/wp-json\/wp\/v2\/pages\/1630"}],"wp:featuredmedia":[{"embeddable":true,"href":"https:\/\/fence2go.eu\/index.php\/wp-json\/wp\/v2\/media\/783"}],"wp:attachment":[{"href":"https:\/\/fence2go.eu\/index.php\/wp-json\/wp\/v2\/media?parent=782"}],"curies":[{"name":"wp","href":"https:\/\/api.w.org\/{rel}","templated":true}]}}