{"id":1027,"date":"2018-11-29T16:58:31","date_gmt":"2018-11-29T15:58:31","guid":{"rendered":"http:\/\/fence2go.eu\/?page_id=1027"},"modified":"2018-12-14T13:40:27","modified_gmt":"2018-12-14T12:40:27","slug":"portes-pivotantes-modern-aw-10-101","status":"publish","type":"page","link":"https:\/\/fence2go.eu\/index.php\/portes-pivotantes\/portes-pivotantes-modern\/portes-pivotantes-modern-aw-10-101\/","title":{"rendered":"Portes pivotantes Modern AW.10.101."},"content":{"rendered":"<p><img loading=\"lazy\" class=\"size-full wp-image-1028 alignleft\" src=\"http:\/\/fence2go.eu\/wp-content\/uploads\/2018\/11\/Portail-pivotant-Modern-10.101.jpg\" alt=\"\" width=\"283\" height=\"168\" \/>Cadre 60&#215;60 mm<br \/>\nT\u00f4le perfor\u00e9e au choix (Qg 5-8, Qg 10-30 et Rv 5-8)<br \/>\nEspace de 100 mm entre le soubassement et le sol<br \/>\nPoteaux carr\u00e9s \u00e0 b\u00e9tonner \u00e0 une profondeur de 600 mm<br \/>\nPlatines disponibles en option, sauf pour poteaux de 160x160x4 mm<br \/>\nSerrure int\u00e9gr\u00e9e, livr\u00e9e avec 3 cl\u00e9s<br \/>\nFinition galvanis\u00e9e et plastifi\u00e9e<\/p>\n<p>Largeurs standard portillons : 1000 et 1200 mm.<br \/>\nLargeurs standard portails : 3000, 3500, 4000, 4500, 5000, 5500 et 6000 mm.<\/p>\n<p>Hauteurs standard pos\u00e9es (incluant 100 mm de jeu sous le panneau) : 1100, 1300, 1550, 1850 et 2050 mm.<\/p>\n<p>&nbsp;<\/p>\n<p>Perforations au choix (3 possibilit\u00e9s) :<\/p>\n<p><img loading=\"lazy\" class=\"alignnone size-medium wp-image-624\" src=\"http:\/\/fence2go.eu\/wp-content\/uploads\/2018\/11\/Perforations-Qg5-8-Qg-10-30-RV-5-8-1-300x138.jpg\" alt=\"\" width=\"300\" height=\"138\" srcset=\"https:\/\/fence2go.eu\/wp-content\/uploads\/2018\/11\/Perforations-Qg5-8-Qg-10-30-RV-5-8-1-300x138.jpg 300w, https:\/\/fence2go.eu\/wp-content\/uploads\/2018\/11\/Perforations-Qg5-8-Qg-10-30-RV-5-8-1.jpg 435w\" sizes=\"(max-width: 300px) 100vw, 300px\" \/><\/p>\n<p>Disponible uniquement en version sup\u00e9rieure droite.<\/p>\n<p>&nbsp;<\/p>\n<p>Couleurs standard : bleu gentiane RAL 5010 mat, vert mousse RAL 6005 mat, gris anthracite RAL 7016 mat, gris pierre RAL 7030 mat, brun s\u00e9pia RAL 8014, brun gris RAL 8019, noir mat et mat structur\u00e9 RAL 9005.<\/p>\n<p>Couleurs non-standard moyennant suppl\u00e9ment : rouge vin RAL 3005 mat, gris fen\u00eatre RAL 7040 mat, brun chocolat RAL 8017 mat et blanc RAL 9016 mat.<\/p>\n<p>Couleurs non-standard issues de la gamme Home Inclusive 2.0 : HIEarth (Smoke Green, Willow Green, Fern Green, Deep Green), HISteel (True Blue, Marina Horizon, Anthracite, Modern Graphite), HIStone (Comfort Grey, Warm Stone, Quartz Grey, Brown Stone), HIRuby (Moody Coral, Flame Red, Modern Maroon, Deep Brown).<\/p>\n<p><img loading=\"lazy\" class=\"size-medium wp-image-177 aligncenter\" src=\"http:\/\/fence2go.eu\/wp-content\/uploads\/2018\/11\/Autoportant-10.101-300x225.jpg\" alt=\"\" width=\"300\" height=\"225\" srcset=\"https:\/\/fence2go.eu\/wp-content\/uploads\/2018\/11\/Autoportant-10.101-300x225.jpg 300w, https:\/\/fence2go.eu\/wp-content\/uploads\/2018\/11\/Autoportant-10.101.jpg 700w\" sizes=\"(max-width: 300px) 100vw, 300px\" \/><\/p>\n<figure id=\"attachment_603\" aria-describedby=\"caption-attachment-603\" style=\"width: 298px\" class=\"wp-caption aligncenter\"><a href=\"http:\/\/fence2go.eu\/index.php\/barreaudage\/barreaudage-pour-votre-domicile\/barreaudage-modern\/cloture-barreaudee-modern-aw-10-101-2\/\"><img loading=\"lazy\" class=\"wp-image-603 size-full\" src=\"http:\/\/fence2go.eu\/wp-content\/uploads\/2018\/11\/Cl\u00f4ture-barreaud\u00e9e-Modern-AW.10.101.jpg\" alt=\"\" width=\"298\" height=\"176\" \/><\/a><figcaption id=\"caption-attachment-603\" class=\"wp-caption-text\">Cl\u00f4tures barreaud\u00e9es assorties<\/figcaption><\/figure>\n<figure id=\"attachment_1591\" aria-describedby=\"caption-attachment-1591\" style=\"width: 275px\" class=\"wp-caption aligncenter\"><a href=\"http:\/\/fence2go.eu\/index.php\/portails-coulissants-autoportants-modern\/portail-coulissant-autoportant-modern-aw-10-101\/\"><img loading=\"lazy\" class=\"wp-image-1591 size-full\" src=\"http:\/\/fence2go.eu\/wp-content\/uploads\/2018\/12\/Portail-coulissant-autoportant-Modern-10.101.jpg\" alt=\"\" width=\"275\" height=\"70\" \/><\/a><figcaption id=\"caption-attachment-1591\" class=\"wp-caption-text\">Portails coulissants assortis<\/figcaption><\/figure>\n","protected":false},"excerpt":{"rendered":"<p>Cadre 60&#215;60 mm T\u00f4le perfor\u00e9e au choix (Qg 5-8, Qg 10-30 et Rv 5-8) Espace de 100 mm entre le soubassement et le sol Poteaux carr\u00e9s \u00e0 b\u00e9tonner \u00e0 une profondeur de 600 mm Platines disponibles en option, sauf pour poteaux de 160x160x4 mm Serrure int\u00e9gr\u00e9e, livr\u00e9e avec 3 cl\u00e9s Finition galvanis\u00e9e et plastifi\u00e9e Largeurs [&hellip;]<\/p>\n","protected":false},"author":2,"featured_media":0,"parent":1021,"menu_order":2,"comment_status":"closed","ping_status":"closed","template":"","meta":{"ngg_post_thumbnail":0},"_links":{"self":[{"href":"https:\/\/fence2go.eu\/index.php\/wp-json\/wp\/v2\/pages\/1027"}],"collection":[{"href":"https:\/\/fence2go.eu\/index.php\/wp-json\/wp\/v2\/pages"}],"about":[{"href":"https:\/\/fence2go.eu\/index.php\/wp-json\/wp\/v2\/types\/page"}],"author":[{"embeddable":true,"href":"https:\/\/fence2go.eu\/index.php\/wp-json\/wp\/v2\/users\/2"}],"replies":[{"embeddable":true,"href":"https:\/\/fence2go.eu\/index.php\/wp-json\/wp\/v2\/comments?post=1027"}],"version-history":[{"count":5,"href":"https:\/\/fence2go.eu\/index.php\/wp-json\/wp\/v2\/pages\/1027\/revisions"}],"predecessor-version":[{"id":2540,"href":"https:\/\/fence2go.eu\/index.php\/wp-json\/wp\/v2\/pages\/1027\/revisions\/2540"}],"up":[{"embeddable":true,"href":"https:\/\/fence2go.eu\/index.php\/wp-json\/wp\/v2\/pages\/1021"}],"wp:attachment":[{"href":"https:\/\/fence2go.eu\/index.php\/wp-json\/wp\/v2\/media?parent=1027"}],"curies":[{"name":"wp","href":"https:\/\/api.w.org\/{rel}","templated":true}]}}