{"id":1174,"date":"2018-12-01T13:37:50","date_gmt":"2018-12-01T12:37:50","guid":{"rendered":"http:\/\/fence2go.eu\/?page_id=1174"},"modified":"2018-12-14T14:08:54","modified_gmt":"2018-12-14T13:08:54","slug":"portail-coulissant-autoportant-aw-10-tt","status":"publish","type":"page","link":"https:\/\/fence2go.eu\/index.php\/portail-coulissant-autoportant-aw-10-tt\/","title":{"rendered":"Portail coulissant autoportant Modern AW.10.TT."},"content":{"rendered":"<p><img loading=\"lazy\" class=\"size-full wp-image-1175 alignleft\" src=\"http:\/\/fence2go.eu\/wp-content\/uploads\/2018\/12\/Portail-coulissant-autoportant-10.TT_.jpg\" alt=\"\" width=\"278\" height=\"144\" \/>Cadre en tubes 40&#215;27 mm<br \/>\nSoubassement 95x85x3 mm<br \/>\nHabillage en t\u00f4les trap\u00e9zo\u00efdales T10 (hauteur du<br \/>\ntrap\u00e8ze 10 mm) d\u2019une \u00e9paisseur de 2 mm c\u00f4t\u00e9 rue<br \/>\nEspace de 150 mm entre le soubassement et le sol<br \/>\nPoteau de guidage double 100&#215;100 mm<br \/>\nPortique de r\u00e9ception simple 120&#215;120 mm<br \/>\nSerrure \u00e0 crochet<br \/>\nFinition galvanis\u00e9e et plastifi\u00e9e<\/p>\n<p>La t\u00f4le est disponible en couleurs (\u00e0 l\u2019ext\u00e9rieur) : RAL 6005 (vert), RAL 7016 (graphite), RAL 7035<br \/>\n(gris clair), RAL 8014 (brun), RAL 8017 (brun fonc\u00e9), RAL 9006 (argent), RAL 9016 (blanc), BTX 2701<br \/>\n(bordeaux), ch\u00eane dor\u00e9 et noyer, \u00e0 l\u2019int\u00e9rieur : la couleur de la peinture d\u2019appr\u00eat (grise ou cr\u00e8me).<\/p>\n<p>Un remplissage des 2 faces avec une t\u00f4le trap\u00e9zo\u00efdale est disponible en option.<\/p>\n<p>Largeurs de passages standard : 3500, 4000, 4500, 5000, 5500 et 6000 mm.<br \/>\nHauteurs standard pos\u00e9es (incluant 150 mm de jeu sous le panneau) : 1000, 1250, 1500, 1800 et 2000 mm.<\/p>\n<p>Ce portail est livr\u00e9 de base avec une serrure, mais peut l&rsquo;\u00eatre aussi avec motorisation int\u00e9gr\u00e9e dans le portique de guidage ou apparente.<\/p>\n<p>Couleurs standard : bleu gentiane RAL 5010 mat, vert mousse RAL 6005 mat, gris anthracite RAL 7016 mat, gris pierre RAL 7030 mat, brun s\u00e9pia RAL 8014, brun gris RAL 8019, noir mat et mat structur\u00e9 RAL 9005.<\/p>\n<p>Couleurs non-standard moyennant suppl\u00e9ment : rouge vin RAL 3005 mat, gris fen\u00eatre RAL 7040 mat, brun chocolat RAL 8017 mat et blanc RAL 9016 mat.<br \/>\nCouleurs non-standard issues de la gamme Home Inclusive 2.0 : HIEarth (Smoke Green, Willow Green, Fern Green, Deep Green), HISteel (True Blue, Marina Horizon, Anthracite, Modern Graphite), HIStone (Comfort Grey, Warm Stone, Quartz Grey, Brown Stone), HIRuby (Moody Coral, Flame Red, Modern Maroon, Deep Brown).<\/p>\n<p>&nbsp;<\/p>\n<p><img loading=\"lazy\" class=\"size-medium wp-image-317 aligncenter\" src=\"http:\/\/fence2go.eu\/wp-content\/uploads\/2018\/11\/Coulissant-autoportant-AW.10.TT_-300x169.jpg\" alt=\"\" width=\"300\" height=\"169\" srcset=\"https:\/\/fence2go.eu\/wp-content\/uploads\/2018\/11\/Coulissant-autoportant-AW.10.TT_-300x169.jpg 300w, https:\/\/fence2go.eu\/wp-content\/uploads\/2018\/11\/Coulissant-autoportant-AW.10.TT_-768x434.jpg 768w, https:\/\/fence2go.eu\/wp-content\/uploads\/2018\/11\/Coulissant-autoportant-AW.10.TT_.jpg 1024w\" sizes=\"(max-width: 300px) 100vw, 300px\" \/><\/p>\n<figure id=\"attachment_1785\" aria-describedby=\"caption-attachment-1785\" style=\"width: 257px\" class=\"wp-caption aligncenter\"><a href=\"http:\/\/fence2go.eu\/index.php\/motoreducteur-tousek-pull-t24-pour-portail-coulissant\/\"><img loading=\"lazy\" class=\"wp-image-1785 size-medium\" src=\"http:\/\/fence2go.eu\/wp-content\/uploads\/2018\/12\/Tousek-Pull-T-01-257x300.jpg\" alt=\"\" width=\"257\" height=\"300\" srcset=\"https:\/\/fence2go.eu\/wp-content\/uploads\/2018\/12\/Tousek-Pull-T-01-257x300.jpg 257w, https:\/\/fence2go.eu\/wp-content\/uploads\/2018\/12\/Tousek-Pull-T-01.jpg 352w\" sizes=\"(max-width: 257px) 100vw, 257px\" \/><\/a><figcaption id=\"caption-attachment-1785\" class=\"wp-caption-text\">Motorisation externe assortie Tousek<\/figcaption><\/figure>\n<figure id=\"attachment_1795\" aria-describedby=\"caption-attachment-1795\" style=\"width: 300px\" class=\"wp-caption aligncenter\"><a href=\"http:\/\/fence2go.eu\/index.php\/motoreducteur-bft-ares-ultra-bt-230v\/\"><img loading=\"lazy\" class=\"wp-image-1795 size-medium\" src=\"http:\/\/fence2go.eu\/wp-content\/uploads\/2018\/12\/BFT-Ares-Ultra-BT-230V-01-300x300.jpg\" alt=\"\" width=\"300\" height=\"300\" srcset=\"https:\/\/fence2go.eu\/wp-content\/uploads\/2018\/12\/BFT-Ares-Ultra-BT-230V-01-300x300.jpg 300w, https:\/\/fence2go.eu\/wp-content\/uploads\/2018\/12\/BFT-Ares-Ultra-BT-230V-01-150x150.jpg 150w, https:\/\/fence2go.eu\/wp-content\/uploads\/2018\/12\/BFT-Ares-Ultra-BT-230V-01-768x768.jpg 768w, https:\/\/fence2go.eu\/wp-content\/uploads\/2018\/12\/BFT-Ares-Ultra-BT-230V-01-1024x1024.jpg 1024w, https:\/\/fence2go.eu\/wp-content\/uploads\/2018\/12\/BFT-Ares-Ultra-BT-230V-01.jpg 1200w\" sizes=\"(max-width: 300px) 100vw, 300px\" \/><\/a><figcaption id=\"caption-attachment-1795\" class=\"wp-caption-text\">Motorisation externe assortie<\/figcaption><\/figure>\n<figure id=\"attachment_187\" aria-describedby=\"caption-attachment-187\" style=\"width: 297px\" class=\"wp-caption aligncenter\"><a href=\"http:\/\/fence2go.eu\/index.php\/barreaudage\/barreaudage-pour-votre-domicile\/barreaudage-classic\/cloture-barreaudee-classic-aw-10-tt\/\"><img loading=\"lazy\" class=\"wp-image-187 size-full\" src=\"http:\/\/fence2go.eu\/wp-content\/uploads\/2018\/11\/Barreaudage-Classic-AW.10.TT_.jpg\" alt=\"\" width=\"297\" height=\"214\" \/><\/a><figcaption id=\"caption-attachment-187\" class=\"wp-caption-text\">Cl\u00f4ture barreaud\u00e9e assortie<\/figcaption><\/figure>\n<figure id=\"attachment_811\" aria-describedby=\"caption-attachment-811\" style=\"width: 300px\" class=\"wp-caption aligncenter\"><a href=\"http:\/\/fence2go.eu\/index.php\/portes-pivotantes\/portails-pivotants-classic\/portails-pivotants-classic-aw-10-tt\/\"><img loading=\"lazy\" class=\"wp-image-811 size-medium\" src=\"http:\/\/fence2go.eu\/wp-content\/uploads\/2018\/11\/Portail-pivotant-Classic-AW.10.TT_-300x147.jpg\" alt=\"\" width=\"300\" height=\"147\" srcset=\"https:\/\/fence2go.eu\/wp-content\/uploads\/2018\/11\/Portail-pivotant-Classic-AW.10.TT_-300x147.jpg 300w, https:\/\/fence2go.eu\/wp-content\/uploads\/2018\/11\/Portail-pivotant-Classic-AW.10.TT_.jpg 366w\" sizes=\"(max-width: 300px) 100vw, 300px\" \/><\/a><figcaption id=\"caption-attachment-811\" class=\"wp-caption-text\">Portails pivotants assortis<\/figcaption><\/figure>\n","protected":false},"excerpt":{"rendered":"<p>Cadre en tubes 40&#215;27 mm Soubassement 95x85x3 mm Habillage en t\u00f4les trap\u00e9zo\u00efdales T10 (hauteur du trap\u00e8ze 10 mm) d\u2019une \u00e9paisseur de 2 mm c\u00f4t\u00e9 rue Espace de 150 mm entre le soubassement et le sol Poteau de guidage double 100&#215;100 mm Portique de r\u00e9ception simple 120&#215;120 mm Serrure \u00e0 crochet Finition galvanis\u00e9e et plastifi\u00e9e La [&hellip;]<\/p>\n","protected":false},"author":2,"featured_media":1175,"parent":0,"menu_order":12,"comment_status":"closed","ping_status":"closed","template":"","meta":{"ngg_post_thumbnail":0},"_links":{"self":[{"href":"https:\/\/fence2go.eu\/index.php\/wp-json\/wp\/v2\/pages\/1174"}],"collection":[{"href":"https:\/\/fence2go.eu\/index.php\/wp-json\/wp\/v2\/pages"}],"about":[{"href":"https:\/\/fence2go.eu\/index.php\/wp-json\/wp\/v2\/types\/page"}],"author":[{"embeddable":true,"href":"https:\/\/fence2go.eu\/index.php\/wp-json\/wp\/v2\/users\/2"}],"replies":[{"embeddable":true,"href":"https:\/\/fence2go.eu\/index.php\/wp-json\/wp\/v2\/comments?post=1174"}],"version-history":[{"count":5,"href":"https:\/\/fence2go.eu\/index.php\/wp-json\/wp\/v2\/pages\/1174\/revisions"}],"predecessor-version":[{"id":2564,"href":"https:\/\/fence2go.eu\/index.php\/wp-json\/wp\/v2\/pages\/1174\/revisions\/2564"}],"wp:featuredmedia":[{"embeddable":true,"href":"https:\/\/fence2go.eu\/index.php\/wp-json\/wp\/v2\/media\/1175"}],"wp:attachment":[{"href":"https:\/\/fence2go.eu\/index.php\/wp-json\/wp\/v2\/media?parent=1174"}],"curies":[{"name":"wp","href":"https:\/\/api.w.org\/{rel}","templated":true}]}}