{"id":1185,"date":"2018-12-01T14:04:17","date_gmt":"2018-12-01T13:04:17","guid":{"rendered":"http:\/\/fence2go.eu\/?page_id=1185"},"modified":"2018-12-14T14:12:21","modified_gmt":"2018-12-14T13:12:21","slug":"portail-coulissant-autoportant-vario-aw-10-82","status":"publish","type":"page","link":"https:\/\/fence2go.eu\/index.php\/portails-coulissants-autoportants-vario\/portail-coulissant-autoportant-vario-aw-10-82\/","title":{"rendered":"Portail coulissant autoportant Vario AW.10.82."},"content":{"rendered":"<p><img loading=\"lazy\" class=\"size-medium wp-image-1186 alignleft\" src=\"http:\/\/fence2go.eu\/wp-content\/uploads\/2018\/12\/Portail-coulissant-autoportant-10.82-300x111.jpg\" alt=\"\" width=\"300\" height=\"111\" srcset=\"https:\/\/fence2go.eu\/wp-content\/uploads\/2018\/12\/Portail-coulissant-autoportant-10.82-300x111.jpg 300w, https:\/\/fence2go.eu\/wp-content\/uploads\/2018\/12\/Portail-coulissant-autoportant-10.82.jpg 302w\" sizes=\"(max-width: 300px) 100vw, 300px\" \/>Cadre 60&#215;60 mm<br \/>\nSoubassement 95x85x3 mm<br \/>\nHabillage en tubes verticaux de section 20&#215;20 mm<br \/>\npartie centrale et pointe O-ABS au sommet<br \/>\nEspace de 150 mm entre le soubassement et le sol<br \/>\nPoteau de guidage double 100&#215;100 mm<br \/>\nPortique de r\u00e9ception simple 120&#215;120 mm<br \/>\nSerrure \u00e0 crochet<br \/>\nFinition galvanis\u00e9e et plastifi\u00e9e<\/p>\n<p>Largeurs de passages standard : 3500, 4000, 4500, 5000, 5500 et 6000 mm.<br \/>\nHauteurs standard pos\u00e9es (incluant 150 mm de jeu sous le panneau) : 1000, 1250, 1500 et 1800 mm.<\/p>\n<p>&nbsp;<\/p>\n<p>Ce portail est livr\u00e9 de base avec une serrure, mais peut l&rsquo;\u00eatre aussi avec motorisation int\u00e9gr\u00e9e dans le portique de guidage ou apparente.<\/p>\n<p>&nbsp;<\/p>\n<p>Couleurs standard : bleu gentiane RAL 5010 mat, vert mousse RAL 6005 mat, gris anthracite RAL 7016 mat, gris pierre RAL 7030 mat, brun s\u00e9pia RAL 8014, brun gris RAL 8019, noir mat et mat structur\u00e9 RAL 9005.<\/p>\n<p>&nbsp;<\/p>\n<p>Couleurs non-standard moyennant suppl\u00e9ment : rouge vin RAL 3005 mat, gris fen\u00eatre RAL 7040 mat, brun chocolat RAL 8017 mat et blanc RAL 9016 mat.<\/p>\n<p>&nbsp;<\/p>\n<p>Couleurs non-standard issues de la gamme Home Inclusive 2.0 : HIEarth (Smoke Green, Willow Green, Fern Green, Deep Green), HISteel (True Blue, Marina Horizon, Anthracite, Modern Graphite), HIStone (Comfort Grey, Warm Stone, Quartz Grey, Brown Stone), HIRuby (Moody Coral, Flame Red, Modern Maroon, Deep Brown).<\/p>\n<p>&nbsp;<\/p>\n<p><img loading=\"lazy\" class=\"size-medium wp-image-269 aligncenter\" src=\"http:\/\/fence2go.eu\/wp-content\/uploads\/2018\/11\/Barreaudage-Vario-AW.10.82-300x225.jpg\" alt=\"\" width=\"300\" height=\"225\" srcset=\"https:\/\/fence2go.eu\/wp-content\/uploads\/2018\/11\/Barreaudage-Vario-AW.10.82-300x225.jpg 300w, https:\/\/fence2go.eu\/wp-content\/uploads\/2018\/11\/Barreaudage-Vario-AW.10.82-768x576.jpg 768w, https:\/\/fence2go.eu\/wp-content\/uploads\/2018\/11\/Barreaudage-Vario-AW.10.82.jpg 1024w\" sizes=\"(max-width: 300px) 100vw, 300px\" \/><\/p>\n<figure id=\"attachment_1785\" aria-describedby=\"caption-attachment-1785\" style=\"width: 257px\" class=\"wp-caption aligncenter\"><a href=\"http:\/\/fence2go.eu\/index.php\/motoreducteur-tousek-pull-t24-pour-portail-coulissant\/\"><img loading=\"lazy\" class=\"wp-image-1785 size-medium\" src=\"http:\/\/fence2go.eu\/wp-content\/uploads\/2018\/12\/Tousek-Pull-T-01-257x300.jpg\" alt=\"\" width=\"257\" height=\"300\" srcset=\"https:\/\/fence2go.eu\/wp-content\/uploads\/2018\/12\/Tousek-Pull-T-01-257x300.jpg 257w, https:\/\/fence2go.eu\/wp-content\/uploads\/2018\/12\/Tousek-Pull-T-01.jpg 352w\" sizes=\"(max-width: 257px) 100vw, 257px\" \/><\/a><figcaption id=\"caption-attachment-1785\" class=\"wp-caption-text\">Motorisation externe assortie<\/figcaption><\/figure>\n<figure id=\"attachment_1795\" aria-describedby=\"caption-attachment-1795\" style=\"width: 300px\" class=\"wp-caption aligncenter\"><a href=\"http:\/\/fence2go.eu\/index.php\/motoreducteur-bft-ares-ultra-bt-230v\/\"><img loading=\"lazy\" class=\"wp-image-1795 size-medium\" src=\"http:\/\/fence2go.eu\/wp-content\/uploads\/2018\/12\/BFT-Ares-Ultra-BT-230V-01-300x300.jpg\" alt=\"\" width=\"300\" height=\"300\" srcset=\"https:\/\/fence2go.eu\/wp-content\/uploads\/2018\/12\/BFT-Ares-Ultra-BT-230V-01-300x300.jpg 300w, https:\/\/fence2go.eu\/wp-content\/uploads\/2018\/12\/BFT-Ares-Ultra-BT-230V-01-150x150.jpg 150w, https:\/\/fence2go.eu\/wp-content\/uploads\/2018\/12\/BFT-Ares-Ultra-BT-230V-01-768x768.jpg 768w, https:\/\/fence2go.eu\/wp-content\/uploads\/2018\/12\/BFT-Ares-Ultra-BT-230V-01-1024x1024.jpg 1024w, https:\/\/fence2go.eu\/wp-content\/uploads\/2018\/12\/BFT-Ares-Ultra-BT-230V-01.jpg 1200w\" sizes=\"(max-width: 300px) 100vw, 300px\" \/><\/a><figcaption id=\"caption-attachment-1795\" class=\"wp-caption-text\">Motorisation externe assortie BFT<\/figcaption><\/figure>\n<figure id=\"attachment_274\" aria-describedby=\"caption-attachment-274\" style=\"width: 300px\" class=\"wp-caption aligncenter\"><a href=\"http:\/\/fence2go.eu\/index.php\/barreaudage\/barreaudage-pour-votre-domicile\/barreaudage-vario\/cloture-barreaudee-vario-aw-10-82\/\"><img loading=\"lazy\" class=\"wp-image-274 size-medium\" src=\"http:\/\/fence2go.eu\/wp-content\/uploads\/2018\/11\/Barreaudage-Vario-AW.10.82-1-300x247.jpg\" alt=\"\" width=\"300\" height=\"247\" srcset=\"https:\/\/fence2go.eu\/wp-content\/uploads\/2018\/11\/Barreaudage-Vario-AW.10.82-1-300x247.jpg 300w, https:\/\/fence2go.eu\/wp-content\/uploads\/2018\/11\/Barreaudage-Vario-AW.10.82-1.jpg 318w\" sizes=\"(max-width: 300px) 100vw, 300px\" \/><\/a><figcaption id=\"caption-attachment-274\" class=\"wp-caption-text\">Cl\u00f4ture barreaud\u00e9e assortie<\/figcaption><\/figure>\n<figure id=\"attachment_820\" aria-describedby=\"caption-attachment-820\" style=\"width: 284px\" class=\"wp-caption aligncenter\"><a href=\"http:\/\/fence2go.eu\/index.php\/portes-pivotantes\/portes-pivotantes-vario\/portes-pivotantes-vario-aw-10-82\/\"><img loading=\"lazy\" class=\"wp-image-820 size-full\" src=\"http:\/\/fence2go.eu\/wp-content\/uploads\/2018\/11\/Portail-pivotant-Vario-AW.10.82.jpg\" alt=\"\" width=\"284\" height=\"176\" \/><\/a><figcaption id=\"caption-attachment-820\" class=\"wp-caption-text\">Portails pivotants assortis<\/figcaption><\/figure>\n","protected":false},"excerpt":{"rendered":"<p>Cadre 60&#215;60 mm Soubassement 95x85x3 mm Habillage en tubes verticaux de section 20&#215;20 mm partie centrale et pointe O-ABS au sommet Espace de 150 mm entre le soubassement et le sol Poteau de guidage double 100&#215;100 mm Portique de r\u00e9ception simple 120&#215;120 mm Serrure \u00e0 crochet Finition galvanis\u00e9e et plastifi\u00e9e Largeurs de passages standard : [&hellip;]<\/p>\n","protected":false},"author":2,"featured_media":1186,"parent":1177,"menu_order":2,"comment_status":"closed","ping_status":"closed","template":"","meta":{"ngg_post_thumbnail":0},"_links":{"self":[{"href":"https:\/\/fence2go.eu\/index.php\/wp-json\/wp\/v2\/pages\/1185"}],"collection":[{"href":"https:\/\/fence2go.eu\/index.php\/wp-json\/wp\/v2\/pages"}],"about":[{"href":"https:\/\/fence2go.eu\/index.php\/wp-json\/wp\/v2\/types\/page"}],"author":[{"embeddable":true,"href":"https:\/\/fence2go.eu\/index.php\/wp-json\/wp\/v2\/users\/2"}],"replies":[{"embeddable":true,"href":"https:\/\/fence2go.eu\/index.php\/wp-json\/wp\/v2\/comments?post=1185"}],"version-history":[{"count":5,"href":"https:\/\/fence2go.eu\/index.php\/wp-json\/wp\/v2\/pages\/1185\/revisions"}],"predecessor-version":[{"id":2567,"href":"https:\/\/fence2go.eu\/index.php\/wp-json\/wp\/v2\/pages\/1185\/revisions\/2567"}],"up":[{"embeddable":true,"href":"https:\/\/fence2go.eu\/index.php\/wp-json\/wp\/v2\/pages\/1177"}],"wp:featuredmedia":[{"embeddable":true,"href":"https:\/\/fence2go.eu\/index.php\/wp-json\/wp\/v2\/media\/1186"}],"wp:attachment":[{"href":"https:\/\/fence2go.eu\/index.php\/wp-json\/wp\/v2\/media?parent=1185"}],"curies":[{"name":"wp","href":"https:\/\/api.w.org\/{rel}","templated":true}]}}