{"id":1328,"date":"2018-12-03T13:13:38","date_gmt":"2018-12-03T12:13:38","guid":{"rendered":"http:\/\/fence2go.eu\/?page_id=1328"},"modified":"2018-12-14T15:12:43","modified_gmt":"2018-12-14T14:12:43","slug":"portail-coulissant-autoportant-lux-aw-10-56","status":"publish","type":"page","link":"https:\/\/fence2go.eu\/index.php\/portails-coulissants-autoportants-lux\/portail-coulissant-autoportant-lux-aw-10-56\/","title":{"rendered":"Portail coulissant autoportant Lux AW.10.56."},"content":{"rendered":"<p><img loading=\"lazy\" class=\"size-full wp-image-1329 alignleft\" src=\"http:\/\/fence2go.eu\/wp-content\/uploads\/2018\/12\/Portail-coulissant-autoportant-Lux-10.56.jpg\" alt=\"\" width=\"278\" height=\"84\" \/>Cadre 60&#215;60 mm<br \/>\nSoubassement 95x85x3 mm<br \/>\nHabillage en lisses horizontales de 30&#215;5 mm enserrant des carr\u00e9s de 14&#215;14 mm verticaux<br \/>\nMotif d\u00e9coratif sur le panneau<br \/>\nEspace de 150 mm entre le soubassement et le sol<br \/>\nPoteau de guidage double 100&#215;100 mm<br \/>\nPortique de r\u00e9ception simple 120&#215;120 mm<br \/>\nSerrure \u00e0 crochet<br \/>\nFinition galvanis\u00e9e et plastifi\u00e9e<\/p>\n<p>Largeurs de passages standard : 3500, 4000, 4500, 5000, 5500 et 6000 mm.<br \/>\nHauteurs standard pos\u00e9es (incluant 150 mm de jeu sous le panneau) : 1000, 1250, 1500, 1800 et 2000 mm.<\/p>\n<p>Sur les mod\u00e8les Lux AW.10.56, AW.10.57 et AW.10.59 de cette gamme, il est possible d\u2019ajouter en option de 1 \u00e0 3 lettres (ou chiffres), qui seront int\u00e9gr\u00e9s dans l\u2019\u00e9l\u00e9ment ovale.<\/p>\n<p><img loading=\"lazy\" class=\"alignnone size-medium wp-image-568\" src=\"http:\/\/fence2go.eu\/wp-content\/uploads\/2018\/11\/Motif-barreaudage-Lux-02-199x300.jpg\" alt=\"\" width=\"199\" height=\"300\" srcset=\"https:\/\/fence2go.eu\/wp-content\/uploads\/2018\/11\/Motif-barreaudage-Lux-02-199x300.jpg 199w, https:\/\/fence2go.eu\/wp-content\/uploads\/2018\/11\/Motif-barreaudage-Lux-02.jpg 332w\" sizes=\"(max-width: 199px) 100vw, 199px\" \/><\/p>\n<p>Ce portail est livr\u00e9 de base avec une serrure, mais peut l&rsquo;\u00eatre aussi avec motorisation int\u00e9gr\u00e9e dans le portique de guidage ou apparente.<br \/>\nCouleurs standard : bleu gentiane RAL 5010 mat, vert mousse RAL 6005 mat, gris anthracite RAL 7016 mat, gris pierre RAL 7030 mat, brun s\u00e9pia RAL 8014, brun gris RAL 8019, noir mat et mat structur\u00e9 RAL 9005.<br \/>\nCouleurs non-standard moyennant suppl\u00e9ment : rouge vin RAL 3005 mat, gris fen\u00eatre RAL 7040 mat, brun chocolat RAL 8017 mat et blanc RAL 9016 mat.<br \/>\nCouleurs non-standard issues de la gamme Home Inclusive 2.0 : HIEarth (Smoke Green, Willow Green, Fern Green, Deep Green), HISteel (True Blue, Marina Horizon, Anthracite, Modern Graphite), HIStone (Comfort Grey, Warm Stone, Quartz Grey, Brown Stone), HIRuby (Moody Coral, Flame Red, Modern Maroon, Deep Brown).<\/p>\n<p><img loading=\"lazy\" class=\"size-medium wp-image-319 aligncenter\" src=\"http:\/\/fence2go.eu\/wp-content\/uploads\/2018\/11\/Coulissant-autoportant-Lux-AW.10.56-2-300x169.jpg\" alt=\"\" width=\"300\" height=\"169\" srcset=\"https:\/\/fence2go.eu\/wp-content\/uploads\/2018\/11\/Coulissant-autoportant-Lux-AW.10.56-2-300x169.jpg 300w, https:\/\/fence2go.eu\/wp-content\/uploads\/2018\/11\/Coulissant-autoportant-Lux-AW.10.56-2-768x431.jpg 768w, https:\/\/fence2go.eu\/wp-content\/uploads\/2018\/11\/Coulissant-autoportant-Lux-AW.10.56-2-1024x575.jpg 1024w\" sizes=\"(max-width: 300px) 100vw, 300px\" \/><\/p>\n<figure id=\"attachment_1785\" aria-describedby=\"caption-attachment-1785\" style=\"width: 257px\" class=\"wp-caption aligncenter\"><a href=\"http:\/\/fence2go.eu\/index.php\/motoreducteur-tousek-pull-t24-pour-portail-coulissant\/\"><img loading=\"lazy\" class=\"wp-image-1785 size-medium\" src=\"http:\/\/fence2go.eu\/wp-content\/uploads\/2018\/12\/Tousek-Pull-T-01-257x300.jpg\" alt=\"\" width=\"257\" height=\"300\" srcset=\"https:\/\/fence2go.eu\/wp-content\/uploads\/2018\/12\/Tousek-Pull-T-01-257x300.jpg 257w, https:\/\/fence2go.eu\/wp-content\/uploads\/2018\/12\/Tousek-Pull-T-01.jpg 352w\" sizes=\"(max-width: 257px) 100vw, 257px\" \/><\/a><figcaption id=\"caption-attachment-1785\" class=\"wp-caption-text\">Motorisation externe assortie Tousek<\/figcaption><\/figure>\n<figure id=\"attachment_1795\" aria-describedby=\"caption-attachment-1795\" style=\"width: 300px\" class=\"wp-caption aligncenter\"><a href=\"http:\/\/fence2go.eu\/index.php\/motoreducteur-bft-ares-ultra-bt-230v\/\"><img loading=\"lazy\" class=\"wp-image-1795 size-medium\" src=\"http:\/\/fence2go.eu\/wp-content\/uploads\/2018\/12\/BFT-Ares-Ultra-BT-230V-01-300x300.jpg\" alt=\"\" width=\"300\" height=\"300\" srcset=\"https:\/\/fence2go.eu\/wp-content\/uploads\/2018\/12\/BFT-Ares-Ultra-BT-230V-01-300x300.jpg 300w, https:\/\/fence2go.eu\/wp-content\/uploads\/2018\/12\/BFT-Ares-Ultra-BT-230V-01-150x150.jpg 150w, https:\/\/fence2go.eu\/wp-content\/uploads\/2018\/12\/BFT-Ares-Ultra-BT-230V-01-768x768.jpg 768w, https:\/\/fence2go.eu\/wp-content\/uploads\/2018\/12\/BFT-Ares-Ultra-BT-230V-01-1024x1024.jpg 1024w, https:\/\/fence2go.eu\/wp-content\/uploads\/2018\/12\/BFT-Ares-Ultra-BT-230V-01.jpg 1200w\" sizes=\"(max-width: 300px) 100vw, 300px\" \/><\/a><figcaption id=\"caption-attachment-1795\" class=\"wp-caption-text\">Motorisation externe assortie BFT<\/figcaption><\/figure>\n<figure id=\"attachment_438\" aria-describedby=\"caption-attachment-438\" style=\"width: 300px\" class=\"wp-caption aligncenter\"><a href=\"http:\/\/fence2go.eu\/index.php\/barreaudage\/barreaudage-pour-votre-domicile\/cloture-barreaudee-lux\/cloture-barreaudee-lux-aw-10-56-2\/\"><img loading=\"lazy\" class=\"wp-image-438 size-medium\" src=\"http:\/\/fence2go.eu\/wp-content\/uploads\/2018\/11\/Cl\u00f4ture-barreaud\u00e9e-Lux-10.56-300x145.jpg\" alt=\"\" width=\"300\" height=\"145\" srcset=\"https:\/\/fence2go.eu\/wp-content\/uploads\/2018\/11\/Cl\u00f4ture-barreaud\u00e9e-Lux-10.56-300x145.jpg 300w, https:\/\/fence2go.eu\/wp-content\/uploads\/2018\/11\/Cl\u00f4ture-barreaud\u00e9e-Lux-10.56.jpg 329w\" sizes=\"(max-width: 300px) 100vw, 300px\" \/><\/a><figcaption id=\"caption-attachment-438\" class=\"wp-caption-text\">Cl\u00f4tures barreaud\u00e9es assorties<\/figcaption><\/figure>\n<figure id=\"attachment_988\" aria-describedby=\"caption-attachment-988\" style=\"width: 276px\" class=\"wp-caption aligncenter\"><a href=\"http:\/\/fence2go.eu\/index.php\/portes-pivotantes\/portes-pivotantes-lux\/portes-pivotantes-lux-aw-10-56\/\"><img loading=\"lazy\" class=\"wp-image-988 size-full\" src=\"http:\/\/fence2go.eu\/wp-content\/uploads\/2018\/11\/Portail-pivotant-Lux-AW.10.56.jpg\" alt=\"\" width=\"276\" height=\"161\" \/><\/a><figcaption id=\"caption-attachment-988\" class=\"wp-caption-text\">Portails pivotants assortis<\/figcaption><\/figure>\n","protected":false},"excerpt":{"rendered":"<p>Cadre 60&#215;60 mm Soubassement 95x85x3 mm Habillage en lisses horizontales de 30&#215;5 mm enserrant des carr\u00e9s de 14&#215;14 mm verticaux Motif d\u00e9coratif sur le panneau Espace de 150 mm entre le soubassement et le sol Poteau de guidage double 100&#215;100 mm Portique de r\u00e9ception simple 120&#215;120 mm Serrure \u00e0 crochet Finition galvanis\u00e9e et plastifi\u00e9e Largeurs [&hellip;]<\/p>\n","protected":false},"author":2,"featured_media":1329,"parent":1289,"menu_order":12,"comment_status":"closed","ping_status":"closed","template":"","meta":{"ngg_post_thumbnail":0},"_links":{"self":[{"href":"https:\/\/fence2go.eu\/index.php\/wp-json\/wp\/v2\/pages\/1328"}],"collection":[{"href":"https:\/\/fence2go.eu\/index.php\/wp-json\/wp\/v2\/pages"}],"about":[{"href":"https:\/\/fence2go.eu\/index.php\/wp-json\/wp\/v2\/types\/page"}],"author":[{"embeddable":true,"href":"https:\/\/fence2go.eu\/index.php\/wp-json\/wp\/v2\/users\/2"}],"replies":[{"embeddable":true,"href":"https:\/\/fence2go.eu\/index.php\/wp-json\/wp\/v2\/comments?post=1328"}],"version-history":[{"count":4,"href":"https:\/\/fence2go.eu\/index.php\/wp-json\/wp\/v2\/pages\/1328\/revisions"}],"predecessor-version":[{"id":2601,"href":"https:\/\/fence2go.eu\/index.php\/wp-json\/wp\/v2\/pages\/1328\/revisions\/2601"}],"up":[{"embeddable":true,"href":"https:\/\/fence2go.eu\/index.php\/wp-json\/wp\/v2\/pages\/1289"}],"wp:featuredmedia":[{"embeddable":true,"href":"https:\/\/fence2go.eu\/index.php\/wp-json\/wp\/v2\/media\/1329"}],"wp:attachment":[{"href":"https:\/\/fence2go.eu\/index.php\/wp-json\/wp\/v2\/media?parent=1328"}],"curies":[{"name":"wp","href":"https:\/\/api.w.org\/{rel}","templated":true}]}}