{"id":1376,"date":"2018-12-03T15:15:02","date_gmt":"2018-12-03T14:15:02","guid":{"rendered":"http:\/\/fence2go.eu\/?page_id=1376"},"modified":"2018-12-14T15:26:52","modified_gmt":"2018-12-14T14:26:52","slug":"portail-coulissant-autoportant-modern-aw-10-105","status":"publish","type":"page","link":"https:\/\/fence2go.eu\/index.php\/portails-coulissants-autoportants-modern\/portail-coulissant-autoportant-modern-aw-10-105\/","title":{"rendered":"Portail coulissant autoportant Modern AW.10.105."},"content":{"rendered":"<p><img loading=\"lazy\" class=\"size-full wp-image-1377 alignleft\" src=\"http:\/\/fence2go.eu\/wp-content\/uploads\/2018\/12\/Portail-coulissant-autoportant-Modern-10.105.jpg\" alt=\"\" width=\"274\" height=\"77\" \/>Cadre 60&#215;60 mm<br \/>\nSoubassement 95x85x3 mm<br \/>\nLames horizontales 40&#215;27 mm<br \/>\nLe panneau est arrondi en partie sup\u00e9rieure<br \/>\nEspace de 150 mm entre le soubassement et le sol<br \/>\nPoteau de guidage double 100&#215;100 mm<br \/>\nPortique de r\u00e9ception simple 120&#215;120 mm<br \/>\nSerrure \u00e0 crochet<br \/>\nFinition galvanis\u00e9e et plastifi\u00e9e<\/p>\n<p>Largeurs de passages standard : 3500, 4000, 4500, 5000, 5500 et 6000 mm.<br \/>\nHauteurs standard pos\u00e9es (incluant 150 mm de jeu sous le panneau) : 1000, 1250, 1500, 1800 et 2000 mm.<br \/>\nCe portail est livr\u00e9 de base avec une serrure, mais peut l&rsquo;\u00eatre aussi avec motorisation int\u00e9gr\u00e9e dans le portique de guidage ou apparente.<br \/>\nCouleurs standard : bleu gentiane RAL 5010 mat, vert mousse RAL 6005 mat, gris anthracite RAL 7016 mat, gris pierre RAL 7030 mat, brun s\u00e9pia RAL 8014, brun gris RAL 8019, noir mat et mat structur\u00e9 RAL 9005.<br \/>\nCouleurs non-standard moyennant suppl\u00e9ment : rouge vin RAL 3005 mat, gris fen\u00eatre RAL 7040 mat, brun chocolat RAL 8017 mat et blanc RAL 9016 mat.<br \/>\nCouleurs non-standard issues de la gamme Home Inclusive 2.0 : HIEarth (Smoke Green, Willow Green, Fern Green, Deep Green), HISteel (True Blue, Marina Horizon, Anthracite, Modern Graphite), HIStone (Comfort Grey, Warm Stone, Quartz Grey, Brown Stone), HIRuby (Moody Coral, Flame Red, Modern Maroon, Deep Brown).<\/p>\n<p><img loading=\"lazy\" class=\"size-medium wp-image-171 aligncenter\" src=\"http:\/\/fence2go.eu\/wp-content\/uploads\/2018\/11\/Pivotant-10.105-300x225.jpg\" alt=\"\" width=\"300\" height=\"225\" srcset=\"https:\/\/fence2go.eu\/wp-content\/uploads\/2018\/11\/Pivotant-10.105-300x225.jpg 300w, https:\/\/fence2go.eu\/wp-content\/uploads\/2018\/11\/Pivotant-10.105.jpg 700w\" sizes=\"(max-width: 300px) 100vw, 300px\" \/><\/p>\n<figure id=\"attachment_607\" aria-describedby=\"caption-attachment-607\" style=\"width: 300px\" class=\"wp-caption aligncenter\"><a href=\"http:\/\/fence2go.eu\/index.php\/barreaudage\/barreaudage-pour-votre-domicile\/barreaudage-modern\/cloture-barreaudee-modern-aw-10-105\/\"><img loading=\"lazy\" class=\"wp-image-607 size-medium\" src=\"http:\/\/fence2go.eu\/wp-content\/uploads\/2018\/11\/Cl\u00f4ture-barreaud\u00e9e-Modern-AW.10.105-300x152.jpg\" alt=\"\" width=\"300\" height=\"152\" srcset=\"https:\/\/fence2go.eu\/wp-content\/uploads\/2018\/11\/Cl\u00f4ture-barreaud\u00e9e-Modern-AW.10.105-300x152.jpg 300w, https:\/\/fence2go.eu\/wp-content\/uploads\/2018\/11\/Cl\u00f4ture-barreaud\u00e9e-Modern-AW.10.105.jpg 341w\" sizes=\"(max-width: 300px) 100vw, 300px\" \/><\/a><figcaption id=\"caption-attachment-607\" class=\"wp-caption-text\">Cl\u00f4ture barreaud\u00e9e assortie<\/figcaption><\/figure>\n<figure id=\"attachment_1045\" aria-describedby=\"caption-attachment-1045\" style=\"width: 278px\" class=\"wp-caption aligncenter\"><a href=\"http:\/\/fence2go.eu\/index.php\/portes-pivotantes\/portes-pivotantes-modern\/portes-pivotantes\/\"><img loading=\"lazy\" class=\"wp-image-1045 size-full\" src=\"http:\/\/fence2go.eu\/wp-content\/uploads\/2018\/11\/Portail-pivotant-Modern-10.105.jpg\" alt=\"\" width=\"278\" height=\"174\" \/><\/a><figcaption id=\"caption-attachment-1045\" class=\"wp-caption-text\">Portails pivotants assortis<\/figcaption><\/figure>\n","protected":false},"excerpt":{"rendered":"<p>Cadre 60&#215;60 mm Soubassement 95x85x3 mm Lames horizontales 40&#215;27 mm Le panneau est arrondi en partie sup\u00e9rieure Espace de 150 mm entre le soubassement et le sol Poteau de guidage double 100&#215;100 mm Portique de r\u00e9ception simple 120&#215;120 mm Serrure \u00e0 crochet Finition galvanis\u00e9e et plastifi\u00e9e Largeurs de passages standard : 3500, 4000, 4500, 5000, [&hellip;]<\/p>\n","protected":false},"author":2,"featured_media":1377,"parent":1356,"menu_order":6,"comment_status":"closed","ping_status":"closed","template":"","meta":{"ngg_post_thumbnail":0},"_links":{"self":[{"href":"https:\/\/fence2go.eu\/index.php\/wp-json\/wp\/v2\/pages\/1376"}],"collection":[{"href":"https:\/\/fence2go.eu\/index.php\/wp-json\/wp\/v2\/pages"}],"about":[{"href":"https:\/\/fence2go.eu\/index.php\/wp-json\/wp\/v2\/types\/page"}],"author":[{"embeddable":true,"href":"https:\/\/fence2go.eu\/index.php\/wp-json\/wp\/v2\/users\/2"}],"replies":[{"embeddable":true,"href":"https:\/\/fence2go.eu\/index.php\/wp-json\/wp\/v2\/comments?post=1376"}],"version-history":[{"count":4,"href":"https:\/\/fence2go.eu\/index.php\/wp-json\/wp\/v2\/pages\/1376\/revisions"}],"predecessor-version":[{"id":2613,"href":"https:\/\/fence2go.eu\/index.php\/wp-json\/wp\/v2\/pages\/1376\/revisions\/2613"}],"up":[{"embeddable":true,"href":"https:\/\/fence2go.eu\/index.php\/wp-json\/wp\/v2\/pages\/1356"}],"wp:featuredmedia":[{"embeddable":true,"href":"https:\/\/fence2go.eu\/index.php\/wp-json\/wp\/v2\/media\/1377"}],"wp:attachment":[{"href":"https:\/\/fence2go.eu\/index.php\/wp-json\/wp\/v2\/media?parent=1376"}],"curies":[{"name":"wp","href":"https:\/\/api.w.org\/{rel}","templated":true}]}}