{"id":1784,"date":"2018-12-08T11:14:19","date_gmt":"2018-12-08T10:14:19","guid":{"rendered":"http:\/\/fence2go.eu\/?page_id=1784"},"modified":"2018-12-08T11:20:23","modified_gmt":"2018-12-08T10:20:23","slug":"motoreducteur-tousek-pull-t24-pour-portail-coulissant","status":"publish","type":"page","link":"https:\/\/fence2go.eu\/index.php\/motoreducteur-tousek-pull-t24-pour-portail-coulissant\/","title":{"rendered":"Motor\u00e9ducteur Tousek Pull T24 pour portail coulissant."},"content":{"rendered":"<p><img loading=\"lazy\" class=\"size-medium wp-image-1785 alignleft\" src=\"http:\/\/fence2go.eu\/wp-content\/uploads\/2018\/12\/Tousek-Pull-T-01-257x300.jpg\" alt=\"\" width=\"257\" height=\"300\" srcset=\"https:\/\/fence2go.eu\/wp-content\/uploads\/2018\/12\/Tousek-Pull-T-01-257x300.jpg 257w, https:\/\/fence2go.eu\/wp-content\/uploads\/2018\/12\/Tousek-Pull-T-01.jpg 352w\" sizes=\"(max-width: 257px) 100vw, 257px\" \/>Le <strong>motor\u00e9ducteur<\/strong> <strong>Tousek Pull T24<\/strong> est l&rsquo;outil par excellence pour ouvrir\/fermer votre <strong>portail coulissant<\/strong>. Fabriqu\u00e9 en Autriche, il est de conception tr\u00e8s robuste.<\/p>\n<p>Le <strong>motor\u00e9ducteur Tousek Pull T24<\/strong> est \u00e9quip\u00e9 en s\u00e9rie d&rsquo;un engrenage massif en acier trait\u00e9 et lubrifi\u00e9 avec une huile sp\u00e9ciale, pour assurer un bon fonctionnement, m\u00eame lors de temp\u00e9ratures basses.<\/p>\n<p>La centrale de commande et les boutons de programmation sont accessibles sans avoir \u00e0 d\u00e9monter le capot et restent \u00e0 l&rsquo;abri des intemp\u00e9ries.\u00a0 La manipulation des diff\u00e9rents menus est ais\u00e9e et les fins de course sont r\u00e9gl\u00e9s de mani\u00e8re automatique.\u00a0 <span style=\"display: inline !important; float: none; background-color: transparent; color: #747474; font-family: 'Open Sans',sans-serif; font-size: 14px; font-style: normal; font-variant: normal; font-weight: 400; letter-spacing: normal; line-height: 22px; orphans: 2; text-align: left; text-decoration: none; text-indent: 0px; text-transform: none; -webkit-text-stroke-width: 0px; white-space: normal; word-spacing: 0px;\">La gestion \u00e9lectronique est pourvue d&rsquo;un capteur de vitesse, qui re\u00e7oit 6.200 signaux par seconde. <\/span>L&rsquo;arr\u00eat en fermeture\/ouverture est toujours op\u00e9r\u00e9 de mani\u00e8re ralentie dans le but de prot\u00e9ger la m\u00e9canique.<\/p>\n<p>Ce motor\u00e9ducteur convient pour un portail coulissant d&rsquo;un <strong>poids maximal de 600<\/strong> <strong>kg<\/strong> et une fr\u00e9quence d&rsquo;utilisation de 80% (=48 minutes\/heure), \u00e0 une vitesse de 13 m\u00e8tres\/minute.<\/p>\n<p>En <strong>option<\/strong>, le motor\u00e9ducteur Tousek Pull T24 peut \u00eatre pourvu d&rsquo;une <strong>batterie de secours<\/strong> qui permettra lors d&rsquo;une coupure de courant, l&rsquo;ouverture du portail.<\/p>\n<p>Le <strong>motor\u00e9ducteur Tousek Pull T24<\/strong> r\u00e9pond pleinement \u00e0 la <strong>norme EN 13241-1<\/strong>.<\/p>\n<p><img loading=\"lazy\" class=\"size-medium wp-image-1786 aligncenter\" src=\"http:\/\/fence2go.eu\/wp-content\/uploads\/2018\/12\/Tousek-Pull-T-\u00e9cran-01-300x237.jpg\" alt=\"\" width=\"300\" height=\"237\" srcset=\"https:\/\/fence2go.eu\/wp-content\/uploads\/2018\/12\/Tousek-Pull-T-\u00e9cran-01-300x237.jpg 300w, https:\/\/fence2go.eu\/wp-content\/uploads\/2018\/12\/Tousek-Pull-T-\u00e9cran-01.jpg 642w\" sizes=\"(max-width: 300px) 100vw, 300px\" \/><\/p>\n<p>&nbsp;<\/p>\n<p>&nbsp;<\/p>\n","protected":false},"excerpt":{"rendered":"<p>Le motor\u00e9ducteur Tousek Pull T24 est l&rsquo;outil par excellence pour ouvrir\/fermer votre portail coulissant. Fabriqu\u00e9 en Autriche, il est de conception tr\u00e8s robuste. Le motor\u00e9ducteur Tousek Pull T24 est \u00e9quip\u00e9 en s\u00e9rie d&rsquo;un engrenage massif en acier trait\u00e9 et lubrifi\u00e9 avec une huile sp\u00e9ciale, pour assurer un bon fonctionnement, m\u00eame lors de temp\u00e9ratures basses. La [&hellip;]<\/p>\n","protected":false},"author":2,"featured_media":0,"parent":0,"menu_order":0,"comment_status":"closed","ping_status":"closed","template":"","meta":{"ngg_post_thumbnail":0},"_links":{"self":[{"href":"https:\/\/fence2go.eu\/index.php\/wp-json\/wp\/v2\/pages\/1784"}],"collection":[{"href":"https:\/\/fence2go.eu\/index.php\/wp-json\/wp\/v2\/pages"}],"about":[{"href":"https:\/\/fence2go.eu\/index.php\/wp-json\/wp\/v2\/types\/page"}],"author":[{"embeddable":true,"href":"https:\/\/fence2go.eu\/index.php\/wp-json\/wp\/v2\/users\/2"}],"replies":[{"embeddable":true,"href":"https:\/\/fence2go.eu\/index.php\/wp-json\/wp\/v2\/comments?post=1784"}],"version-history":[{"count":5,"href":"https:\/\/fence2go.eu\/index.php\/wp-json\/wp\/v2\/pages\/1784\/revisions"}],"predecessor-version":[{"id":1793,"href":"https:\/\/fence2go.eu\/index.php\/wp-json\/wp\/v2\/pages\/1784\/revisions\/1793"}],"wp:attachment":[{"href":"https:\/\/fence2go.eu\/index.php\/wp-json\/wp\/v2\/media?parent=1784"}],"curies":[{"name":"wp","href":"https:\/\/api.w.org\/{rel}","templated":true}]}}