{"id":1796,"date":"2018-12-08T11:40:20","date_gmt":"2018-12-08T10:40:20","guid":{"rendered":"http:\/\/fence2go.eu\/?page_id=1796"},"modified":"2018-12-08T11:55:34","modified_gmt":"2018-12-08T10:55:34","slug":"motoreducteur-bft-ares-ultra-bt-230v","status":"publish","type":"page","link":"https:\/\/fence2go.eu\/index.php\/motoreducteur-bft-ares-ultra-bt-230v\/","title":{"rendered":"Motor\u00e9ducteur BFT Ares Ultra BT 230V pour portail coulissant."},"content":{"rendered":"<p><img loading=\"lazy\" class=\"size-medium wp-image-1795 alignleft\" src=\"http:\/\/fence2go.eu\/wp-content\/uploads\/2018\/12\/BFT-Ares-Ultra-BT-230V-01-300x300.jpg\" alt=\"\" width=\"300\" height=\"300\" srcset=\"https:\/\/fence2go.eu\/wp-content\/uploads\/2018\/12\/BFT-Ares-Ultra-BT-230V-01-300x300.jpg 300w, https:\/\/fence2go.eu\/wp-content\/uploads\/2018\/12\/BFT-Ares-Ultra-BT-230V-01-150x150.jpg 150w, https:\/\/fence2go.eu\/wp-content\/uploads\/2018\/12\/BFT-Ares-Ultra-BT-230V-01-768x768.jpg 768w, https:\/\/fence2go.eu\/wp-content\/uploads\/2018\/12\/BFT-Ares-Ultra-BT-230V-01-1024x1024.jpg 1024w, https:\/\/fence2go.eu\/wp-content\/uploads\/2018\/12\/BFT-Ares-Ultra-BT-230V-01.jpg 1200w\" sizes=\"(max-width: 300px) 100vw, 300px\" \/>Le <strong>motor\u00e9ducteur BFT Ares Ultra BT 230V<\/strong> est disponible pour les portails coulissants des gammes PI 95, PI 130 et les versions d\u00e9coratives pour un usage priv\u00e9.<\/p>\n<p>Pr\u00e9vu pour \u00eatre mont\u00e9 sur un support ext\u00e9rieur, il peut \u00eatre int\u00e9gr\u00e9 en option, dans le portique de guidage.<\/p>\n<p>La centrale de commande se trouve \u00e0 trouve sous le capot et les fins de course sont r\u00e9gl\u00e9s de mani\u00e8re automatique.<\/p>\n<p>Ce motor\u00e9ducteur convient pour un portail coulissant d&rsquo;un <strong>poids maximal<\/strong> <strong>de 1500 kg<\/strong>, utilis\u00e9 de mani\u00e8re intensive, \u00e0 une vitesse de 9 m\u00e8tres\/minute.<\/p>\n<p>Le <strong>motor\u00e9ducteur BFT Ares Ultra BT230V<\/strong> r\u00e9pond pleinement \u00e0 la norme EN 13241-1.<\/p>\n","protected":false},"excerpt":{"rendered":"<p>Le motor\u00e9ducteur BFT Ares Ultra BT 230V est disponible pour les portails coulissants des gammes PI 95, PI 130 et les versions d\u00e9coratives pour un usage priv\u00e9. Pr\u00e9vu pour \u00eatre mont\u00e9 sur un support ext\u00e9rieur, il peut \u00eatre int\u00e9gr\u00e9 en option, dans le portique de guidage. La centrale de commande se trouve \u00e0 trouve sous [&hellip;]<\/p>\n","protected":false},"author":2,"featured_media":0,"parent":0,"menu_order":0,"comment_status":"closed","ping_status":"closed","template":"","meta":{"ngg_post_thumbnail":0},"_links":{"self":[{"href":"https:\/\/fence2go.eu\/index.php\/wp-json\/wp\/v2\/pages\/1796"}],"collection":[{"href":"https:\/\/fence2go.eu\/index.php\/wp-json\/wp\/v2\/pages"}],"about":[{"href":"https:\/\/fence2go.eu\/index.php\/wp-json\/wp\/v2\/types\/page"}],"author":[{"embeddable":true,"href":"https:\/\/fence2go.eu\/index.php\/wp-json\/wp\/v2\/users\/2"}],"replies":[{"embeddable":true,"href":"https:\/\/fence2go.eu\/index.php\/wp-json\/wp\/v2\/comments?post=1796"}],"version-history":[{"count":3,"href":"https:\/\/fence2go.eu\/index.php\/wp-json\/wp\/v2\/pages\/1796\/revisions"}],"predecessor-version":[{"id":1802,"href":"https:\/\/fence2go.eu\/index.php\/wp-json\/wp\/v2\/pages\/1796\/revisions\/1802"}],"wp:attachment":[{"href":"https:\/\/fence2go.eu\/index.php\/wp-json\/wp\/v2\/media?parent=1796"}],"curies":[{"name":"wp","href":"https:\/\/api.w.org\/{rel}","templated":true}]}}