{"id":204,"date":"2018-11-26T15:17:17","date_gmt":"2018-11-26T14:17:17","guid":{"rendered":"http:\/\/fence2go.eu\/?page_id=204"},"modified":"2018-12-14T10:53:53","modified_gmt":"2018-12-14T09:53:53","slug":"cloture-barreaudee-classic-aw-10-06","status":"publish","type":"page","link":"https:\/\/fence2go.eu\/index.php\/barreaudage\/barreaudage-pour-votre-domicile\/barreaudage-classic\/cloture-barreaudee-classic-aw-10-06\/","title":{"rendered":"Cl\u00f4ture barreaud\u00e9e Classic AW.10.06."},"content":{"rendered":"<p><img loading=\"lazy\" class=\"size-medium wp-image-181 alignleft\" src=\"http:\/\/fence2go.eu\/wp-content\/uploads\/2018\/11\/Barreaudage-Classic-AW.10.06-300x211.jpg\" alt=\"\" width=\"300\" height=\"211\" srcset=\"https:\/\/fence2go.eu\/wp-content\/uploads\/2018\/11\/Barreaudage-Classic-AW.10.06-300x211.jpg 300w, https:\/\/fence2go.eu\/wp-content\/uploads\/2018\/11\/Barreaudage-Classic-AW.10.06.jpg 327w\" sizes=\"(max-width: 300px) 100vw, 300px\" \/>El\u00e9ments soud\u00e9s comprenant :<br \/>\nLisses horizontales en profils U 40&#215;30 mm<br \/>\nBarreaux verticaux traversants de section 20&#215;20 mm, soud\u00e9s en<br \/>\nen diagonales et biseaut\u00e9s \u00e0 45\u00b0 \u00e0 partir d\u2019une hauteur<br \/>\nde 1800 mm.<\/p>\n<p><img loading=\"lazy\" class=\"size-full wp-image-208 alignleft\" src=\"http:\/\/fence2go.eu\/wp-content\/uploads\/2018\/11\/Barreaux-biseaut\u00e9s.jpg\" alt=\"\" width=\"286\" height=\"69\" \/><\/p>\n<p>&nbsp;<\/p>\n<p>&nbsp;<\/p>\n<p>&nbsp;<\/p>\n<p>Fixation sur des poteaux carr\u00e9s \u00e0 l&rsquo;aide de fixations aveugles<\/p>\n<p>Finition galvanis\u00e9e et plastifi\u00e9e<\/p>\n<p>Largeurs standard : 2500 et 3000 mm.<\/p>\n<p>Hauteurs standard pos\u00e9es (incluant 100 mm de jeu sous le panneau) : 1000, 1250, 1500 et 1800 mm.<\/p>\n<p>&nbsp;<\/p>\n<p>Disponible en version sup\u00e9rieure droite, concave et convexe.<\/p>\n<p>&nbsp;<\/p>\n<p>Couleurs standard : bleu gentiane RAL 5010 mat, vert mousse RAL 6005 mat, gris anthracite RAL 7016 mat, gris pierre RAL 7030 mat, brun s\u00e9pia RAL 8014, brun gris RAL 8019, noir mat et mat structur\u00e9 RAL 9005.<br \/>\nCouleurs non-standard moyennant suppl\u00e9ment : rouge vin RAL 3005 mat, gris fen\u00eatre RAL 7040 mat, brun chocolat RAL 8017 mat et blanc RAL 9016 mat.<\/p>\n<p>Couleurs non-standard issues de la gamme Home Inclusive 2.0 : HIEarth (Smoke Green, Willow Green, Fern Green, Deep Green), HISteel (True Blue, Marina Horizon, Anthracite, Modern Graphite), HIStone (Comfort Grey, Warm Stone, Quartz Grey, Brown Stone), HIRuby (Moody Coral, Flame Red, Modern Maroon, Deep Brown).<\/p>\n<p>&nbsp;<\/p>\n<p><img loading=\"lazy\" class=\"alignnone size-medium wp-image-784\" src=\"http:\/\/fence2go.eu\/wp-content\/uploads\/2018\/11\/Cl\u00f4ture-barreaud\u00e9e-Classic-AW.10.06-2-300x197.jpg\" alt=\"\" width=\"300\" height=\"197\" srcset=\"https:\/\/fence2go.eu\/wp-content\/uploads\/2018\/11\/Cl\u00f4ture-barreaud\u00e9e-Classic-AW.10.06-2-300x197.jpg 300w, https:\/\/fence2go.eu\/wp-content\/uploads\/2018\/11\/Cl\u00f4ture-barreaud\u00e9e-Classic-AW.10.06-2.jpg 579w\" sizes=\"(max-width: 300px) 100vw, 300px\" \/><\/p>\n<figure id=\"attachment_783\" aria-describedby=\"caption-attachment-783\" style=\"width: 170px\" class=\"wp-caption aligncenter\"><a href=\"http:\/\/fence2go.eu\/index.php\/portes-coulissantes\/portes-coulissantes-autoportantes-privees\/portails-coulissants-autoportants-classic\/portail-coulissant-autoportant-classic-aw-10-05\/\"><img loading=\"lazy\" class=\"wp-image-783 size-full\" src=\"http:\/\/fence2go.eu\/wp-content\/uploads\/2018\/11\/Portail-pivotant-Classic-AW.10.06.jpg\" alt=\"\" width=\"170\" height=\"115\" \/><\/a><figcaption id=\"caption-attachment-783\" class=\"wp-caption-text\">Portails pivotants assortis<\/figcaption><\/figure>\n<figure id=\"attachment_1146\" aria-describedby=\"caption-attachment-1146\" style=\"width: 267px\" class=\"wp-caption aligncenter\"><a href=\"http:\/\/fence2go.eu\/index.php\/portes-coulissantes\/portes-coulissantes-autoportantes-privees\/portails-coulissants-autoportants-classic\/portail-coulissant-autoportant-classic-aw-10-06\/\"><img loading=\"lazy\" class=\"wp-image-1146 size-full\" src=\"http:\/\/fence2go.eu\/wp-content\/uploads\/2018\/12\/Portail-coulissant-autoportant-Classic-10.06.jpg\" alt=\"\" width=\"267\" height=\"116\" \/><\/a><figcaption id=\"caption-attachment-1146\" class=\"wp-caption-text\">Portails coulissants assortis<\/figcaption><\/figure>\n","protected":false},"excerpt":{"rendered":"<p>El\u00e9ments soud\u00e9s comprenant : Lisses horizontales en profils U 40&#215;30 mm Barreaux verticaux traversants de section 20&#215;20 mm, soud\u00e9s en en diagonales et biseaut\u00e9s \u00e0 45\u00b0 \u00e0 partir d\u2019une hauteur de 1800 mm. &nbsp; &nbsp; &nbsp; Fixation sur des poteaux carr\u00e9s \u00e0 l&rsquo;aide de fixations aveugles Finition galvanis\u00e9e et plastifi\u00e9e Largeurs standard : 2500 et [&hellip;]<\/p>\n","protected":false},"author":2,"featured_media":181,"parent":85,"menu_order":5,"comment_status":"closed","ping_status":"closed","template":"","meta":{"ngg_post_thumbnail":0},"_links":{"self":[{"href":"https:\/\/fence2go.eu\/index.php\/wp-json\/wp\/v2\/pages\/204"}],"collection":[{"href":"https:\/\/fence2go.eu\/index.php\/wp-json\/wp\/v2\/pages"}],"about":[{"href":"https:\/\/fence2go.eu\/index.php\/wp-json\/wp\/v2\/types\/page"}],"author":[{"embeddable":true,"href":"https:\/\/fence2go.eu\/index.php\/wp-json\/wp\/v2\/users\/2"}],"replies":[{"embeddable":true,"href":"https:\/\/fence2go.eu\/index.php\/wp-json\/wp\/v2\/comments?post=204"}],"version-history":[{"count":8,"href":"https:\/\/fence2go.eu\/index.php\/wp-json\/wp\/v2\/pages\/204\/revisions"}],"predecessor-version":[{"id":2412,"href":"https:\/\/fence2go.eu\/index.php\/wp-json\/wp\/v2\/pages\/204\/revisions\/2412"}],"up":[{"embeddable":true,"href":"https:\/\/fence2go.eu\/index.php\/wp-json\/wp\/v2\/pages\/85"}],"wp:featuredmedia":[{"embeddable":true,"href":"https:\/\/fence2go.eu\/index.php\/wp-json\/wp\/v2\/media\/181"}],"wp:attachment":[{"href":"https:\/\/fence2go.eu\/index.php\/wp-json\/wp\/v2\/media?parent=204"}],"curies":[{"name":"wp","href":"https:\/\/api.w.org\/{rel}","templated":true}]}}