{"id":2068,"date":"2018-12-11T15:57:24","date_gmt":"2018-12-11T14:57:24","guid":{"rendered":"http:\/\/fence2go.eu\/?page_id=2068"},"modified":"2018-12-12T08:28:59","modified_gmt":"2018-12-12T07:28:59","slug":"pare-ballons-prosport-basic","status":"publish","type":"page","link":"https:\/\/fence2go.eu\/index.php\/pare-ballons\/pare-ballons-prosport-basic\/","title":{"rendered":"Pare-ballons ProSport Basic."},"content":{"rendered":"<p><img loading=\"lazy\" class=\"size-medium wp-image-2069 alignleft\" src=\"http:\/\/fence2go.eu\/wp-content\/uploads\/2018\/12\/Poteau-ProSport-01--268x300.jpg\" alt=\"\" width=\"268\" height=\"300\" srcset=\"https:\/\/fence2go.eu\/wp-content\/uploads\/2018\/12\/Poteau-ProSport-01--268x300.jpg 268w, https:\/\/fence2go.eu\/wp-content\/uploads\/2018\/12\/Poteau-ProSport-01-.jpg 461w\" sizes=\"(max-width: 268px) 100vw, 268px\" \/>Poteau de section rectangulaire, variable selon la<br \/>\nhauteur du pare-ballon et termin\u00e9 par un capuchon en<br \/>\nmati\u00e8re synth\u00e9tique<br \/>\nChaque poteau est muni de deux trous pour le montage<br \/>\nrapide de la bride de support et maintenir le panneau<br \/>\ngr\u00e2ce \u00e0 une platine de pression de couleur noire et une<br \/>\nvis inoxydable M8x45 mm<br \/>\nLa bride de support a pour but d\u2019amortir les vibrations<br \/>\nLes poteaux sont \u00e0 b\u00e9tonner \u00e0 \u00b1 700 ou 800 mm<br \/>\ndans le sol<\/p>\n<p>Le panneau du bas en double fil Fence 2D 8\/6\/8 d&rsquo;une hauteur de 2030 mm, a toujours une maille de 50&#215;200 mm, alors qu&rsquo;en partie sup\u00e9rieure, le pare-ballons sera compos\u00e9 d&rsquo;un ou plusieurs panneaux du m\u00eame type, mais avec une maille de 100&#215;200 mm.<\/p>\n<p><img loading=\"lazy\" class=\"size-medium wp-image-2072 alignleft\" src=\"http:\/\/fence2go.eu\/wp-content\/uploads\/2018\/12\/D\u00e9tail-poteau-ProSport-Basic-01-300x176.jpg\" alt=\"\" width=\"300\" height=\"176\" srcset=\"https:\/\/fence2go.eu\/wp-content\/uploads\/2018\/12\/D\u00e9tail-poteau-ProSport-Basic-01-300x176.jpg 300w, https:\/\/fence2go.eu\/wp-content\/uploads\/2018\/12\/D\u00e9tail-poteau-ProSport-Basic-01.jpg 443w\" sizes=\"(max-width: 300px) 100vw, 300px\" \/><\/p>\n<p>Finition galvanis\u00e9e \u00e0 chaud et\/ou plastifi\u00e9e en RAL 6005, 5010, 7016, 7030, 7040, 9005 ou 9016 sans suppl\u00e9ment<\/p>\n<p><img loading=\"lazy\" class=\"wp-image-2070 size-full alignright\" src=\"http:\/\/fence2go.eu\/wp-content\/uploads\/2018\/12\/Tableau-pare-ballon-ProSport-Basic.jpg\" alt=\"\" width=\"427\" height=\"218\" srcset=\"https:\/\/fence2go.eu\/wp-content\/uploads\/2018\/12\/Tableau-pare-ballon-ProSport-Basic.jpg 427w, https:\/\/fence2go.eu\/wp-content\/uploads\/2018\/12\/Tableau-pare-ballon-ProSport-Basic-300x153.jpg 300w\" sizes=\"(max-width: 427px) 100vw, 427px\" \/><\/p>\n<p>&nbsp;<\/p>\n<p>&nbsp;<\/p>\n<p>&nbsp;<\/p>\n<p>&nbsp;<\/p>\n<p><img loading=\"lazy\" class=\"alignnone size-full wp-image-2076\" src=\"http:\/\/fence2go.eu\/wp-content\/uploads\/2018\/12\/Poteau-ProSport-02-.jpg\" alt=\"\" width=\"207\" height=\"198\" \/><\/p>\n<p>&nbsp;<\/p>\n<p>&nbsp;<\/p>\n","protected":false},"excerpt":{"rendered":"<p>Poteau de section rectangulaire, variable selon la hauteur du pare-ballon et termin\u00e9 par un capuchon en mati\u00e8re synth\u00e9tique Chaque poteau est muni de deux trous pour le montage rapide de la bride de support et maintenir le panneau gr\u00e2ce \u00e0 une platine de pression de couleur noire et une vis inoxydable M8x45 mm La bride [&hellip;]<\/p>\n","protected":false},"author":2,"featured_media":0,"parent":2135,"menu_order":1,"comment_status":"closed","ping_status":"closed","template":"","meta":{"ngg_post_thumbnail":0},"_links":{"self":[{"href":"https:\/\/fence2go.eu\/index.php\/wp-json\/wp\/v2\/pages\/2068"}],"collection":[{"href":"https:\/\/fence2go.eu\/index.php\/wp-json\/wp\/v2\/pages"}],"about":[{"href":"https:\/\/fence2go.eu\/index.php\/wp-json\/wp\/v2\/types\/page"}],"author":[{"embeddable":true,"href":"https:\/\/fence2go.eu\/index.php\/wp-json\/wp\/v2\/users\/2"}],"replies":[{"embeddable":true,"href":"https:\/\/fence2go.eu\/index.php\/wp-json\/wp\/v2\/comments?post=2068"}],"version-history":[{"count":5,"href":"https:\/\/fence2go.eu\/index.php\/wp-json\/wp\/v2\/pages\/2068\/revisions"}],"predecessor-version":[{"id":2077,"href":"https:\/\/fence2go.eu\/index.php\/wp-json\/wp\/v2\/pages\/2068\/revisions\/2077"}],"up":[{"embeddable":true,"href":"https:\/\/fence2go.eu\/index.php\/wp-json\/wp\/v2\/pages\/2135"}],"wp:attachment":[{"href":"https:\/\/fence2go.eu\/index.php\/wp-json\/wp\/v2\/media?parent=2068"}],"curies":[{"name":"wp","href":"https:\/\/api.w.org\/{rel}","templated":true}]}}