{"id":2078,"date":"2018-12-11T16:38:19","date_gmt":"2018-12-11T15:38:19","guid":{"rendered":"http:\/\/fence2go.eu\/?page_id=2078"},"modified":"2018-12-12T08:31:16","modified_gmt":"2018-12-12T07:31:16","slug":"pare-ballons-fence2-sport-summit","status":"publish","type":"page","link":"https:\/\/fence2go.eu\/index.php\/pare-ballons\/pare-ballons-fence2-sport-summit\/","title":{"rendered":"Pare-ballons Fence2 Sport Summit."},"content":{"rendered":"<p><img loading=\"lazy\" class=\"size-medium wp-image-2079 alignleft\" src=\"http:\/\/fence2go.eu\/wp-content\/uploads\/2018\/12\/Poteau-Summit-01-300x300.jpg\" alt=\"\" width=\"300\" height=\"300\" srcset=\"https:\/\/fence2go.eu\/wp-content\/uploads\/2018\/12\/Poteau-Summit-01-300x300.jpg 300w, https:\/\/fence2go.eu\/wp-content\/uploads\/2018\/12\/Poteau-Summit-01-150x150.jpg 150w, https:\/\/fence2go.eu\/wp-content\/uploads\/2018\/12\/Poteau-Summit-01.jpg 360w\" sizes=\"(max-width: 300px) 100vw, 300px\" \/>Poteau de section rectangulaire, variable selon la<br \/>\nhauteur du pare-ballon et termin\u00e9 par un capuchon en<br \/>\nmati\u00e8re synth\u00e9tique<br \/>\nChaque poteau est muni de trous permettant de visser<br \/>\nles plats de jonction sur toute sa hauteur et maintenir<br \/>\nles panneaux<br \/>\nLes poteaux sont \u00e0 b\u00e9tonner \u00e0 \u00b1 800 ou 1200 mm<br \/>\ndans le sol<\/p>\n<p>Le panneau du bas en double fil Fence 2D 8\/6\/8 d\u2019une hauteur de 2030 mm, a toujours une maille de 50\u00d7200 mm, alors qu\u2019en partie sup\u00e9rieure, le pare-ballons sera compos\u00e9 d\u2019un ou plusieurs panneaux du m\u00eame type, mais avec une maille de 100\u00d7200 mm.<\/p>\n<p>Finition galvanis\u00e9e \u00e0 chaud et\/ou plastifi\u00e9e en RAL 6005<br \/>\nou 7016.<\/p>\n<p><img loading=\"lazy\" class=\"wp-image-2080 size-full alignnone\" src=\"http:\/\/fence2go.eu\/wp-content\/uploads\/2018\/12\/Tableau-poteau-Fence2-Sport-Summit-02.jpg\" alt=\"\" width=\"341\" height=\"218\" srcset=\"https:\/\/fence2go.eu\/wp-content\/uploads\/2018\/12\/Tableau-poteau-Fence2-Sport-Summit-02.jpg 341w, https:\/\/fence2go.eu\/wp-content\/uploads\/2018\/12\/Tableau-poteau-Fence2-Sport-Summit-02-300x192.jpg 300w\" sizes=\"(max-width: 341px) 100vw, 341px\" \/><\/p>\n<p>&nbsp;<\/p>\n","protected":false},"excerpt":{"rendered":"<p>Poteau de section rectangulaire, variable selon la hauteur du pare-ballon et termin\u00e9 par un capuchon en mati\u00e8re synth\u00e9tique Chaque poteau est muni de trous permettant de visser les plats de jonction sur toute sa hauteur et maintenir les panneaux Les poteaux sont \u00e0 b\u00e9tonner \u00e0 \u00b1 800 ou 1200 mm dans le sol Le panneau [&hellip;]<\/p>\n","protected":false},"author":2,"featured_media":0,"parent":2135,"menu_order":2,"comment_status":"closed","ping_status":"closed","template":"","meta":{"ngg_post_thumbnail":0},"_links":{"self":[{"href":"https:\/\/fence2go.eu\/index.php\/wp-json\/wp\/v2\/pages\/2078"}],"collection":[{"href":"https:\/\/fence2go.eu\/index.php\/wp-json\/wp\/v2\/pages"}],"about":[{"href":"https:\/\/fence2go.eu\/index.php\/wp-json\/wp\/v2\/types\/page"}],"author":[{"embeddable":true,"href":"https:\/\/fence2go.eu\/index.php\/wp-json\/wp\/v2\/users\/2"}],"replies":[{"embeddable":true,"href":"https:\/\/fence2go.eu\/index.php\/wp-json\/wp\/v2\/comments?post=2078"}],"version-history":[{"count":1,"href":"https:\/\/fence2go.eu\/index.php\/wp-json\/wp\/v2\/pages\/2078\/revisions"}],"predecessor-version":[{"id":2081,"href":"https:\/\/fence2go.eu\/index.php\/wp-json\/wp\/v2\/pages\/2078\/revisions\/2081"}],"up":[{"embeddable":true,"href":"https:\/\/fence2go.eu\/index.php\/wp-json\/wp\/v2\/pages\/2135"}],"wp:attachment":[{"href":"https:\/\/fence2go.eu\/index.php\/wp-json\/wp\/v2\/media?parent=2078"}],"curies":[{"name":"wp","href":"https:\/\/api.w.org\/{rel}","templated":true}]}}