{"id":2135,"date":"2018-12-12T08:22:24","date_gmt":"2018-12-12T07:22:24","guid":{"rendered":"http:\/\/fence2go.eu\/?page_id=2135"},"modified":"2018-12-12T09:55:20","modified_gmt":"2018-12-12T08:55:20","slug":"pare-ballons","status":"publish","type":"page","link":"https:\/\/fence2go.eu\/index.php\/pare-ballons\/","title":{"rendered":"Pare-ballons."},"content":{"rendered":"<p><img loading=\"lazy\" class=\"size-medium wp-image-2069 alignleft\" src=\"http:\/\/fence2go.eu\/wp-content\/uploads\/2018\/12\/Poteau-ProSport-01--268x300.jpg\" alt=\"\" width=\"268\" height=\"300\" srcset=\"https:\/\/fence2go.eu\/wp-content\/uploads\/2018\/12\/Poteau-ProSport-01--268x300.jpg 268w, https:\/\/fence2go.eu\/wp-content\/uploads\/2018\/12\/Poteau-ProSport-01-.jpg 461w\" sizes=\"(max-width: 268px) 100vw, 268px\" \/>Un pare-ballons est un ouvrage construit en hauteur, g\u00e9n\u00e9ralement destin\u00e9 \u00e0 emp\u00eacher les ballons de sortir hors d&rsquo;un terrain.\u00a0 Il peut \u00eatre compos\u00e9 de poteaux ronds, treillis \u00e0 simple torsion et filet en partie sup\u00e9rieure, mais dans cette rubrique, nous l&rsquo;avons limit\u00e9 \u00e0 une construction avec panneaux soud\u00e9s \u00e0 double fil et une maille de 50&#215;200 ou 100&#215;200 mm.<\/p>\n<p>Gr\u00e2ce \u00e0 sa rigidit\u00e9, il constitue \u00e9galement un excellent ouvrage pour permettre le d\u00e9veloppement de plantes sur une grande hauteur et embellir ou cacher un espace.<\/p>\n<p>Selon le mod\u00e8le choisi, la hauteur varie entre 3100 mm et 6170 mm.<\/p>\n<p>Disponible de base en version galvanis\u00e9e, il est livrable en option en finition plastifi\u00e9e.<\/p>\n<p>&nbsp;<\/p>\n<p>&nbsp;<\/p>\n<figure id=\"attachment_2072\" aria-describedby=\"caption-attachment-2072\" style=\"width: 150px\" class=\"wp-caption aligncenter\"><a href=\"http:\/\/fence2go.eu\/index.php\/panneaux-soudes-et-poteaux\/pare-ballons\/pare-ballons-prosport-basic\/\"><img loading=\"lazy\" class=\"wp-image-2072 size-thumbnail\" src=\"http:\/\/fence2go.eu\/wp-content\/uploads\/2018\/12\/D\u00e9tail-poteau-ProSport-Basic-01-150x150.jpg\" alt=\"\" width=\"150\" height=\"150\" \/><\/a><figcaption id=\"caption-attachment-2072\" class=\"wp-caption-text\">Pare-ballons ProSport Basic<\/figcaption><\/figure>\n<figure id=\"attachment_2079\" aria-describedby=\"caption-attachment-2079\" style=\"width: 150px\" class=\"wp-caption aligncenter\"><a href=\"http:\/\/fence2go.eu\/index.php\/panneaux-soudes-et-poteaux\/pare-ballons\/pare-ballons-fence2-sport-summit\/\"><img loading=\"lazy\" class=\"wp-image-2079 size-thumbnail\" src=\"http:\/\/fence2go.eu\/wp-content\/uploads\/2018\/12\/Poteau-Summit-01-150x150.jpg\" alt=\"\" width=\"150\" height=\"150\" srcset=\"https:\/\/fence2go.eu\/wp-content\/uploads\/2018\/12\/Poteau-Summit-01-150x150.jpg 150w, https:\/\/fence2go.eu\/wp-content\/uploads\/2018\/12\/Poteau-Summit-01-300x300.jpg 300w, https:\/\/fence2go.eu\/wp-content\/uploads\/2018\/12\/Poteau-Summit-01.jpg 360w\" sizes=\"(max-width: 150px) 100vw, 150px\" \/><\/a><figcaption id=\"caption-attachment-2079\" class=\"wp-caption-text\">Pare-ballons Summit<\/figcaption><\/figure>\n<p>&nbsp;<\/p>\n<p>&nbsp;<\/p>\n<p>&nbsp;<\/p>\n","protected":false},"excerpt":{"rendered":"<p>Un pare-ballons est un ouvrage construit en hauteur, g\u00e9n\u00e9ralement destin\u00e9 \u00e0 emp\u00eacher les ballons de sortir hors d&rsquo;un terrain.\u00a0 Il peut \u00eatre compos\u00e9 de poteaux ronds, treillis \u00e0 simple torsion et filet en partie sup\u00e9rieure, mais dans cette rubrique, nous l&rsquo;avons limit\u00e9 \u00e0 une construction avec panneaux soud\u00e9s \u00e0 double fil et une maille de [&hellip;]<\/p>\n","protected":false},"author":2,"featured_media":0,"parent":0,"menu_order":2,"comment_status":"closed","ping_status":"closed","template":"","meta":{"ngg_post_thumbnail":0},"_links":{"self":[{"href":"https:\/\/fence2go.eu\/index.php\/wp-json\/wp\/v2\/pages\/2135"}],"collection":[{"href":"https:\/\/fence2go.eu\/index.php\/wp-json\/wp\/v2\/pages"}],"about":[{"href":"https:\/\/fence2go.eu\/index.php\/wp-json\/wp\/v2\/types\/page"}],"author":[{"embeddable":true,"href":"https:\/\/fence2go.eu\/index.php\/wp-json\/wp\/v2\/users\/2"}],"replies":[{"embeddable":true,"href":"https:\/\/fence2go.eu\/index.php\/wp-json\/wp\/v2\/comments?post=2135"}],"version-history":[{"count":3,"href":"https:\/\/fence2go.eu\/index.php\/wp-json\/wp\/v2\/pages\/2135\/revisions"}],"predecessor-version":[{"id":2145,"href":"https:\/\/fence2go.eu\/index.php\/wp-json\/wp\/v2\/pages\/2135\/revisions\/2145"}],"wp:attachment":[{"href":"https:\/\/fence2go.eu\/index.php\/wp-json\/wp\/v2\/media?parent=2135"}],"curies":[{"name":"wp","href":"https:\/\/api.w.org\/{rel}","templated":true}]}}