{"id":2267,"date":"2018-12-13T09:07:03","date_gmt":"2018-12-13T08:07:03","guid":{"rendered":"http:\/\/fence2go.eu\/?page_id=2267"},"modified":"2021-04-19T08:57:24","modified_gmt":"2021-04-19T07:57:24","slug":"divers","status":"publish","type":"page","link":"https:\/\/fence2go.eu\/index.php\/divers\/","title":{"rendered":"Divers."},"content":{"rendered":"<p>Bien que les activit\u00e9s de <strong>Fence2Go<\/strong> soient principalement ax\u00e9es sur les cl\u00f4tures et portails ext\u00e9rieurs, cette page est destin\u00e9e \u00e0 mettre plus en avant des <strong>produits de qualit\u00e9<\/strong> dont nous parlons moins souvent, mais qui m\u00e9ritent que l&rsquo;on s&rsquo;attarde un peu sur leurs sp\u00e9cificit\u00e9s.<\/p>\n<figure id=\"attachment_3778\" aria-describedby=\"caption-attachment-3778\" style=\"width: 300px\" class=\"wp-caption aligncenter\"><a href=\"http:\/\/fence2go.eu\/index.php\/clotures-en-beton\/\"><img loading=\"lazy\" class=\"wp-image-3778\" src=\"http:\/\/fence2go.eu\/wp-content\/uploads\/2019\/07\/Mur-ancien-02.jpg\" alt=\"\" width=\"300\" height=\"158\"><\/a><figcaption id=\"caption-attachment-3778\" class=\"wp-caption-text\">Cl\u00f4tures en b\u00e9ton et panneaux en bois<\/figcaption><\/figure>\n<figure id=\"attachment_3482\" aria-describedby=\"caption-attachment-3482\" style=\"width: 300px\" class=\"wp-caption aligncenter\"><a href=\"http:\/\/fence2go.eu\/index.php\/borne-escamotable\/\"><img loading=\"lazy\" class=\"wp-image-3482 size-medium\" src=\"http:\/\/fence2go.eu\/wp-content\/uploads\/2019\/01\/Bollard-dessin-02-300x177.jpg\" alt=\"\" width=\"300\" height=\"177\" srcset=\"https:\/\/fence2go.eu\/wp-content\/uploads\/2019\/01\/Bollard-dessin-02-300x177.jpg 300w, https:\/\/fence2go.eu\/wp-content\/uploads\/2019\/01\/Bollard-dessin-02-768x453.jpg 768w, https:\/\/fence2go.eu\/wp-content\/uploads\/2019\/01\/Bollard-dessin-02.jpg 775w\" sizes=\"(max-width: 300px) 100vw, 300px\" \/><\/a><figcaption id=\"caption-attachment-3482\" class=\"wp-caption-text\">Borne escamotable<\/figcaption><\/figure>\n<p>&nbsp;<\/p>\n<figure id=\"attachment_3374\" aria-describedby=\"caption-attachment-3374\" style=\"width: 300px\" class=\"wp-caption aligncenter\"><a href=\"http:\/\/fence2go.eu\/index.php\/tambour-rotatif\/\"><img loading=\"lazy\" class=\"wp-image-3374 size-medium\" src=\"http:\/\/fence2go.eu\/wp-content\/uploads\/2019\/01\/Tourniquet-03-300x265.jpg\" alt=\"\" width=\"300\" height=\"265\" srcset=\"https:\/\/fence2go.eu\/wp-content\/uploads\/2019\/01\/Tourniquet-03-300x265.jpg 300w, https:\/\/fence2go.eu\/wp-content\/uploads\/2019\/01\/Tourniquet-03.jpg 370w\" sizes=\"(max-width: 300px) 100vw, 300px\" \/><\/a><figcaption id=\"caption-attachment-3374\" class=\"wp-caption-text\">Tambour rotatif<\/figcaption><\/figure>\n<figure id=\"attachment_3672\" aria-describedby=\"caption-attachment-3672\" style=\"width: 300px\" class=\"wp-caption aligncenter\"><a href=\"http:\/\/fence2go.eu\/index.php\/barriere-levantes\/\"><img loading=\"lazy\" class=\"wp-image-3672 size-medium\" src=\"http:\/\/fence2go.eu\/wp-content\/uploads\/2019\/02\/IMG_7991-300x225.jpg\" alt=\"\" width=\"300\" height=\"225\" srcset=\"https:\/\/fence2go.eu\/wp-content\/uploads\/2019\/02\/IMG_7991-300x225.jpg 300w, https:\/\/fence2go.eu\/wp-content\/uploads\/2019\/02\/IMG_7991-768x576.jpg 768w, https:\/\/fence2go.eu\/wp-content\/uploads\/2019\/02\/IMG_7991-1024x768.jpg 1024w\" sizes=\"(max-width: 300px) 100vw, 300px\" \/><\/a><figcaption id=\"caption-attachment-3672\" class=\"wp-caption-text\">Barri\u00e8res levantes<\/figcaption><\/figure>\n<figure id=\"attachment_2377\" aria-describedby=\"caption-attachment-2377\" style=\"width: 300px\" class=\"wp-caption aligncenter\"><a href=\"http:\/\/fence2go.eu\/index.php\/cloture-de-protection\/\"><img loading=\"lazy\" class=\"wp-image-2377 size-medium\" src=\"http:\/\/fence2go.eu\/wp-content\/uploads\/2018\/12\/Bruhl-projet-Flex-II-01-300x200.jpg\" alt=\"\" width=\"300\" height=\"200\" srcset=\"https:\/\/fence2go.eu\/wp-content\/uploads\/2018\/12\/Bruhl-projet-Flex-II-01-300x200.jpg 300w, https:\/\/fence2go.eu\/wp-content\/uploads\/2018\/12\/Bruhl-projet-Flex-II-01-768x512.jpg 768w, https:\/\/fence2go.eu\/wp-content\/uploads\/2018\/12\/Bruhl-projet-Flex-II-01-1024x683.jpg 1024w, https:\/\/fence2go.eu\/wp-content\/uploads\/2018\/12\/Bruhl-projet-Flex-II-01.jpg 1800w\" sizes=\"(max-width: 300px) 100vw, 300px\" \/><\/a><figcaption id=\"caption-attachment-2377\" class=\"wp-caption-text\">Cl\u00f4tures de protection pour environnement industriel<\/figcaption><\/figure>\n<p>&nbsp;<\/p>\n<p>&nbsp;<\/p>\n<p>&nbsp;<\/p>\n<p>&nbsp;<\/p>\n<p>&nbsp;<\/p>\n<p>&nbsp;<\/p>\n<p>&nbsp;<\/p>\n<p>&nbsp;<\/p>\n","protected":false},"excerpt":{"rendered":"<p>Bien que les activit\u00e9s de Fence2Go soient principalement ax\u00e9es sur les cl\u00f4tures et portails ext\u00e9rieurs, cette page est destin\u00e9e \u00e0 mettre plus en avant des produits de qualit\u00e9 dont nous parlons moins souvent, mais qui m\u00e9ritent que l&rsquo;on s&rsquo;attarde un peu sur leurs sp\u00e9cificit\u00e9s. &nbsp; &nbsp; &nbsp; &nbsp; &nbsp; &nbsp; &nbsp; &nbsp; &nbsp;<\/p>\n","protected":false},"author":2,"featured_media":0,"parent":0,"menu_order":0,"comment_status":"closed","ping_status":"closed","template":"","meta":{"ngg_post_thumbnail":0},"_links":{"self":[{"href":"https:\/\/fence2go.eu\/index.php\/wp-json\/wp\/v2\/pages\/2267"}],"collection":[{"href":"https:\/\/fence2go.eu\/index.php\/wp-json\/wp\/v2\/pages"}],"about":[{"href":"https:\/\/fence2go.eu\/index.php\/wp-json\/wp\/v2\/types\/page"}],"author":[{"embeddable":true,"href":"https:\/\/fence2go.eu\/index.php\/wp-json\/wp\/v2\/users\/2"}],"replies":[{"embeddable":true,"href":"https:\/\/fence2go.eu\/index.php\/wp-json\/wp\/v2\/comments?post=2267"}],"version-history":[{"count":25,"href":"https:\/\/fence2go.eu\/index.php\/wp-json\/wp\/v2\/pages\/2267\/revisions"}],"predecessor-version":[{"id":4634,"href":"https:\/\/fence2go.eu\/index.php\/wp-json\/wp\/v2\/pages\/2267\/revisions\/4634"}],"wp:attachment":[{"href":"https:\/\/fence2go.eu\/index.php\/wp-json\/wp\/v2\/media?parent=2267"}],"curies":[{"name":"wp","href":"https:\/\/api.w.org\/{rel}","templated":true}]}}