{"id":2791,"date":"2018-12-18T08:24:05","date_gmt":"2018-12-18T07:24:05","guid":{"rendered":"http:\/\/fence2go.eu\/?page_id=2791"},"modified":"2018-12-18T10:12:02","modified_gmt":"2018-12-18T09:12:02","slug":"portes-pivotantes-en-panneau-opaque-home-inclusive-aw-10-200","status":"publish","type":"page","link":"https:\/\/fence2go.eu\/index.php\/portes-pivotantes-en-panneau-opaque-home-inclusive-aw-10-200\/","title":{"rendered":"Portes pivotantes en panneau opaque Home Inclusive AW.10.200."},"content":{"rendered":"<p><img loading=\"lazy\" class=\"size-full wp-image-2793 alignleft\" src=\"http:\/\/fence2go.eu\/wp-content\/uploads\/2018\/12\/Portes-pivotantes-Home-Inclusive-10.200-deux-habillements-01.jpg\" alt=\"\" width=\"273\" height=\"258\" \/>Cadre 40&#215;40 mm<\/p>\n<p>Habillage en t\u00f4le d&rsquo;une \u00e9paisseur de 0,7 mm sur les 2 faces, rivet\u00e9 sur le cadre<br \/>\nLamelles de 250 ou 500 mm<br \/>\nPanneau plein, \u00e9paisseur 2 mm, avec 2 ouvertures sur toute la largeur<br \/>\nEspace de 100 mm entre le soubassement et le sol<br \/>\nPoteaux carr\u00e9s \u00e0 b\u00e9tonner \u00e0 une profondeur de 600 mm<br \/>\nPlatines disponibles en option, sauf pour poteaux de 160x160x4 mm<br \/>\nSerrure int\u00e9gr\u00e9e, livr\u00e9e avec 3 cl\u00e9s<br \/>\nFinition galvanis\u00e9e et plastifi\u00e9e<\/p>\n<p>&nbsp;<\/p>\n<p>Largeurs standard portillons : 1000, 1200 et 1350 mm.<br \/>\nLargeurs standard portails : 3000, 4000, 5000 et 6000 mm.<\/p>\n<p>Hauteurs standard pos\u00e9es (incluant 100 mm de jeu sous le panneau) : 1100, 1350, 1600, 1850, 2100 et 2350 mm.<\/p>\n<p>Ce type de panneau peut recevoir diff\u00e9rents types d&rsquo;appliques d\u00e9coratives en option.<br \/>\n<img loading=\"lazy\" class=\"aligncenter wp-image-2397 size-large\" src=\"http:\/\/fence2go.eu\/wp-content\/uploads\/2018\/12\/Appliques-d\u00e9coratives-Home-Inclusive-01-1024x158.jpg\" alt=\"\" width=\"1024\" height=\"158\" srcset=\"https:\/\/fence2go.eu\/wp-content\/uploads\/2018\/12\/Appliques-d\u00e9coratives-Home-Inclusive-01-1024x158.jpg 1024w, https:\/\/fence2go.eu\/wp-content\/uploads\/2018\/12\/Appliques-d\u00e9coratives-Home-Inclusive-01-300x46.jpg 300w, https:\/\/fence2go.eu\/wp-content\/uploads\/2018\/12\/Appliques-d\u00e9coratives-Home-Inclusive-01-768x118.jpg 768w, https:\/\/fence2go.eu\/wp-content\/uploads\/2018\/12\/Appliques-d\u00e9coratives-Home-Inclusive-01.jpg 1096w\" sizes=\"(max-width: 1024px) 100vw, 1024px\" \/><\/p>\n<p><img loading=\"lazy\" class=\"aligncenter wp-image-2403 size-full\" src=\"http:\/\/fence2go.eu\/wp-content\/uploads\/2018\/12\/Home-Inclusive-panneau-et-portes.jpg\" alt=\"\" width=\"791\" height=\"161\" srcset=\"https:\/\/fence2go.eu\/wp-content\/uploads\/2018\/12\/Home-Inclusive-panneau-et-portes.jpg 791w, https:\/\/fence2go.eu\/wp-content\/uploads\/2018\/12\/Home-Inclusive-panneau-et-portes-300x61.jpg 300w, https:\/\/fence2go.eu\/wp-content\/uploads\/2018\/12\/Home-Inclusive-panneau-et-portes-768x156.jpg 768w\" sizes=\"(max-width: 791px) 100vw, 791px\" \/><\/p>\n<p>Couleurs standard : bleu gentiane RAL 5010 mat, vert mousse RAL 6005 mat, gris anthracite RAL 7016 mat, gris pierre RAL 7030 mat, brun s\u00e9pia RAL 8014, brun gris RAL 8019, noir mat et mat structur\u00e9 RAL 9005.<\/p>\n<p>Couleurs non-standard moyennant suppl\u00e9ment : rouge vin RAL 3005 mat, gris fen\u00eatre RAL 7040 mat, brun chocolat RAL 8017 mat et blanc RAL 9016 mat.<\/p>\n<p>Couleurs non-standard issues de la gamme Home Inclusive 2.0 : HIEarth (Smoke Green, Willow Green, Fern Green, Deep Green), HISteel (True Blue, Marina Horizon, Anthracite, Modern Graphite), HIStone (Comfort Grey, Warm Stone, Quartz Grey, Brown Stone), HIRuby (Moody Coral, Flame Red, Modern Maroon, Deep Brown).<\/p>\n<figure id=\"attachment_2799\" aria-describedby=\"caption-attachment-2799\" style=\"width: 300px\" class=\"wp-caption aligncenter\"><a href=\"http:\/\/fence2go.eu\/index.php\/cloture-en-panneau-opaque-home-inclusive\/\"><img loading=\"lazy\" class=\"wp-image-2799 size-medium\" src=\"http:\/\/fence2go.eu\/wp-content\/uploads\/2018\/12\/Panneaux-Home-Inclusive-10.200-asoci\u00e9s-01-300x212.jpg\" alt=\"\" width=\"300\" height=\"212\" srcset=\"https:\/\/fence2go.eu\/wp-content\/uploads\/2018\/12\/Panneaux-Home-Inclusive-10.200-asoci\u00e9s-01-300x212.jpg 300w, https:\/\/fence2go.eu\/wp-content\/uploads\/2018\/12\/Panneaux-Home-Inclusive-10.200-asoci\u00e9s-01-768x544.jpg 768w, https:\/\/fence2go.eu\/wp-content\/uploads\/2018\/12\/Panneaux-Home-Inclusive-10.200-asoci\u00e9s-01-1024x725.jpg 1024w, https:\/\/fence2go.eu\/wp-content\/uploads\/2018\/12\/Panneaux-Home-Inclusive-10.200-asoci\u00e9s-01.jpg 1551w\" sizes=\"(max-width: 300px) 100vw, 300px\" \/><\/a><figcaption id=\"caption-attachment-2799\" class=\"wp-caption-text\">Cl\u00f4ture assortie<\/figcaption><\/figure>\n<figure id=\"attachment_751\" aria-describedby=\"caption-attachment-751\" style=\"width: 300px\" class=\"wp-caption aligncenter\"><a href=\"http:\/\/fence2go.eu\/index.php\/portail-coulissant-autoportant-home-inclusive-aw-10-200\/\"><img loading=\"lazy\" class=\"wp-image-751 size-medium\" src=\"http:\/\/fence2go.eu\/wp-content\/uploads\/2018\/11\/Home-Inclusive-coulissant-et-autoportant-01-300x230.jpg\" alt=\"\" width=\"300\" height=\"230\" srcset=\"https:\/\/fence2go.eu\/wp-content\/uploads\/2018\/11\/Home-Inclusive-coulissant-et-autoportant-01-300x230.jpg 300w, https:\/\/fence2go.eu\/wp-content\/uploads\/2018\/11\/Home-Inclusive-coulissant-et-autoportant-01.jpg 500w\" sizes=\"(max-width: 300px) 100vw, 300px\" \/><\/a><figcaption id=\"caption-attachment-751\" class=\"wp-caption-text\">Portails coulissants assortis<\/figcaption><\/figure>\n<p>&nbsp;<\/p>\n<p>&nbsp;<\/p>\n<p>&nbsp;<\/p>\n","protected":false},"excerpt":{"rendered":"<p>Cadre 40&#215;40 mm Habillage en t\u00f4le d&rsquo;une \u00e9paisseur de 0,7 mm sur les 2 faces, rivet\u00e9 sur le cadre Lamelles de 250 ou 500 mm Panneau plein, \u00e9paisseur 2 mm, avec 2 ouvertures sur toute la largeur Espace de 100 mm entre le soubassement et le sol Poteaux carr\u00e9s \u00e0 b\u00e9tonner \u00e0 une profondeur de [&hellip;]<\/p>\n","protected":false},"author":2,"featured_media":2793,"parent":0,"menu_order":0,"comment_status":"closed","ping_status":"closed","template":"","meta":{"ngg_post_thumbnail":0},"_links":{"self":[{"href":"https:\/\/fence2go.eu\/index.php\/wp-json\/wp\/v2\/pages\/2791"}],"collection":[{"href":"https:\/\/fence2go.eu\/index.php\/wp-json\/wp\/v2\/pages"}],"about":[{"href":"https:\/\/fence2go.eu\/index.php\/wp-json\/wp\/v2\/types\/page"}],"author":[{"embeddable":true,"href":"https:\/\/fence2go.eu\/index.php\/wp-json\/wp\/v2\/users\/2"}],"replies":[{"embeddable":true,"href":"https:\/\/fence2go.eu\/index.php\/wp-json\/wp\/v2\/comments?post=2791"}],"version-history":[{"count":3,"href":"https:\/\/fence2go.eu\/index.php\/wp-json\/wp\/v2\/pages\/2791\/revisions"}],"predecessor-version":[{"id":2803,"href":"https:\/\/fence2go.eu\/index.php\/wp-json\/wp\/v2\/pages\/2791\/revisions\/2803"}],"wp:featuredmedia":[{"embeddable":true,"href":"https:\/\/fence2go.eu\/index.php\/wp-json\/wp\/v2\/media\/2793"}],"wp:attachment":[{"href":"https:\/\/fence2go.eu\/index.php\/wp-json\/wp\/v2\/media?parent=2791"}],"curies":[{"name":"wp","href":"https:\/\/api.w.org\/{rel}","templated":true}]}}