{"id":3385,"date":"2019-01-08T16:12:11","date_gmt":"2019-01-08T15:12:11","guid":{"rendered":"http:\/\/fence2go.eu\/?page_id=3385"},"modified":"2019-01-08T16:18:21","modified_gmt":"2019-01-08T15:18:21","slug":"contact","status":"publish","type":"page","link":"https:\/\/fence2go.eu\/index.php\/contact\/","title":{"rendered":"Contact."},"content":{"rendered":"<div class=\"frm_forms  with_frm_style frm_style_formidable-style\" id=\"frm_form_3_container\" ><form enctype=\"multipart\/form-data\" method=\"post\" class=\"frm-show-form \" id=\"form_fr3q8\" ><div class=\"frm_form_fields \"><fieldset><legend class=\"frm_screen_reader\">Vous souhaitez contacter l'\u00e9quipe de Fence2Go ? Faites-le en quelques clics via notre formulaire de contact.<\/legend><div class=\"frm_fields_container\"><input type=\"hidden\" name=\"frm_action\" value=\"create\" \/><input type=\"hidden\" name=\"form_id\" value=\"3\" \/><input type=\"hidden\" name=\"frm_hide_fields_3\" id=\"frm_hide_fields_3\" value=\"\" \/><input type=\"hidden\" name=\"form_key\" value=\"fr3q8\" \/><input type=\"hidden\" name=\"item_meta[0]\" value=\"\" \/><input type=\"hidden\" id=\"frm_submit_entry_3\" name=\"frm_submit_entry_3\" value=\"6237626020\" \/><input type=\"hidden\" name=\"_wp_http_referer\" value=\"\/index.php\/wp-json\/wp\/v2\/pages\/3385\" \/><div id=\"frm_field_20_container\" class=\"frm_form_field form-field  frm_top_container\"><label for=\"field_yljmy\" class=\"frm_primary_label\">Votre pr\u00e9nom :<span class=\"frm_required\"><\/span><\/label><input type=\"text\" id=\"field_yljmy\" name=\"item_meta[20]\" value=\"\"  data-invmsg=\"Text is invalid\" aria-invalid=\"false\"   aria-describedby=\"frm_desc_field_yljmy\"\/><div class=\"frm_description\" id=\"frm_desc_field_yljmy\">(Ins\u00e9rez votre pr\u00e9nom)<\/div><\/div><div id=\"frm_field_21_container\" class=\"frm_form_field form-field  frm_top_container\"><label for=\"field_ief5a\" class=\"frm_primary_label\">Votre nom :<span class=\"frm_required\"><\/span><\/label><input type=\"text\" id=\"field_ief5a\" name=\"item_meta[21]\" value=\"\"  data-invmsg=\"Text is invalid\" aria-invalid=\"false\"   aria-describedby=\"frm_desc_field_ief5a\"\/><div class=\"frm_description\" id=\"frm_desc_field_ief5a\">(Ins\u00e9rez votre nom)<\/div><\/div><div id=\"frm_field_29_container\" class=\"frm_form_field form-field  frm_top_container vertical_radio\"><label for=\"field_v9smn\" class=\"frm_primary_label\">Qui \u00eates-vous ?<span class=\"frm_required\"><\/span><\/label><div class=\"frm_opt_container\"><div class=\"frm_radio\" id=\"frm_radio_29-0\"><label  for=\"field_v9smn-0\"><input type=\"radio\" name=\"item_meta[29]\" id=\"field_v9smn-0\" value=\"particulier\"   data-invmsg=\"Qui \u00eates-vous ? is invalid\"  \/> particulier<\/label><\/div><div class=\"frm_radio\" id=\"frm_radio_29-1\"><label  for=\"field_v9smn-1\"><input type=\"radio\" name=\"item_meta[29]\" id=\"field_v9smn-1\" value=\"entreprise\"   data-invmsg=\"Qui \u00eates-vous ? is invalid\"  \/> entreprise<\/label><\/div><div class=\"frm_radio\" id=\"frm_radio_29-2\"><label  for=\"field_v9smn-2\"><input type=\"radio\" name=\"item_meta[29]\" id=\"field_v9smn-2\" value=\"ville, commune ou intercommunale\"   data-invmsg=\"Qui \u00eates-vous ? is invalid\"  \/> ville, commune ou intercommunale<\/label><\/div><div class=\"frm_radio\" id=\"frm_radio_29-4\"><label  for=\"field_v9smn-4\"><input type=\"radio\" name=\"item_meta[29]\" id=\"field_v9smn-4\" value=\"association\"   data-invmsg=\"Qui \u00eates-vous ? is invalid\"  \/> association<\/label><\/div><\/div><div class=\"frm_description\" id=\"frm_desc_field_v9smn\">(Choisissez une option)<\/div><\/div><div id=\"frm_field_22_container\" class=\"frm_form_field form-field  frm_top_container\"><label for=\"field_i47qa\" class=\"frm_primary_label\">Votre adresse :<span class=\"frm_required\"><\/span><\/label><input type=\"text\" id=\"field_i47qa\" name=\"item_meta[22]\" value=\"\"  data-invmsg=\"Text is invalid\" aria-invalid=\"false\"   aria-describedby=\"frm_desc_field_i47qa\"\/><div class=\"frm_description\" id=\"frm_desc_field_i47qa\">(Ins\u00e9rez le nom de votre rue, le num\u00e9ro de maison et de bo\u00eete)<\/div><\/div><div id=\"frm_field_23_container\" class=\"frm_form_field form-field  frm_top_container\"><label for=\"field_rp8e\" class=\"frm_primary_label\">Votre code postal :<span class=\"frm_required\"><\/span><\/label><input type=\"text\" id=\"field_rp8e\" name=\"item_meta[23]\" value=\"\"  data-invmsg=\"Text is invalid\" aria-invalid=\"false\"   aria-describedby=\"frm_desc_field_rp8e\"\/><div class=\"frm_description\" id=\"frm_desc_field_rp8e\">(Ajoutez votre code postal)<\/div><\/div><div id=\"frm_field_24_container\" class=\"frm_form_field form-field  frm_top_container\"><label for=\"field_1t262\" class=\"frm_primary_label\">Votre localit\u00e9 :<span class=\"frm_required\"><\/span><\/label><input type=\"text\" id=\"field_1t262\" name=\"item_meta[24]\" value=\"\"  data-invmsg=\"Text is invalid\" aria-invalid=\"false\"   aria-describedby=\"frm_desc_field_1t262\"\/><div class=\"frm_description\" id=\"frm_desc_field_1t262\">(Ins\u00e9rez votre localit\u00e9)<\/div><\/div><div id=\"frm_field_25_container\" class=\"frm_form_field form-field  frm_top_container\"><label for=\"field_k55g4\" class=\"frm_primary_label\">Votre num\u00e9ro de t\u00e9l\u00e9phone :<span class=\"frm_required\"><\/span><\/label><input type=\"text\" id=\"field_k55g4\" name=\"item_meta[25]\" value=\"\"  data-invmsg=\"Text is invalid\" aria-invalid=\"false\"   aria-describedby=\"frm_desc_field_k55g4\"\/><div class=\"frm_description\" id=\"frm_desc_field_k55g4\">(Ins\u00e9rez votre num\u00e9ro de t\u00e9l\u00e9phone fixe ou GSM)<\/div><\/div><div id=\"frm_field_26_container\" class=\"frm_form_field form-field  frm_top_container\"><label for=\"field_a63l9\" class=\"frm_primary_label\">Votre email :<span class=\"frm_required\"><\/span><\/label><input type=\"email\" id=\"field_a63l9\" name=\"item_meta[26]\" value=\"\"  data-invmsg=\"Email is invalid\" aria-invalid=\"false\"   aria-describedby=\"frm_desc_field_a63l9\"\/><div class=\"frm_description\" id=\"frm_desc_field_a63l9\">(Ins\u00e9rez votre email)<\/div><\/div><div id=\"frm_field_27_container\" class=\"frm_form_field form-field  frm_top_container\"><label for=\"field_c09ar\" class=\"frm_primary_label\">Comment pouvons-nous vous aider ?<span class=\"frm_required\"><\/span><\/label><input type=\"text\" id=\"field_c09ar\" name=\"item_meta[27]\" value=\"\"  data-invmsg=\"Text is invalid\" aria-invalid=\"false\"   aria-describedby=\"frm_desc_field_c09ar\"\/><div class=\"frm_description\" id=\"frm_desc_field_c09ar\">(Ins\u00e9rez votre message)<\/div><\/div><input type=\"hidden\" name=\"item_key\" value=\"\" \/><div id=\"frm_field_30_container\"><label for=\"field_dxgye\" >If you are human, leave this field blank.<\/label><input  id=\"field_dxgye\" type=\"text\" class=\"frm_form_field form-field frm_verify\" name=\"item_meta[30]\" value=\"\"  \/><\/div><input name=\"frm_state\" type=\"hidden\" value=\"R8Zd\/HqWh6BMbd738QLHWIG\/8aIj+4VsjWBCeGa9Akw=\" \/><div class=\"frm_submit\"><button class=\"frm_button_submit\" type=\"submit\"  >Envoyer<\/button><\/div><\/div><\/fieldset><\/div><\/form><\/div>\n","protected":false},"excerpt":{"rendered":"","protected":false},"author":2,"featured_media":0,"parent":0,"menu_order":0,"comment_status":"closed","ping_status":"closed","template":"","meta":{"ngg_post_thumbnail":0},"_links":{"self":[{"href":"https:\/\/fence2go.eu\/index.php\/wp-json\/wp\/v2\/pages\/3385"}],"collection":[{"href":"https:\/\/fence2go.eu\/index.php\/wp-json\/wp\/v2\/pages"}],"about":[{"href":"https:\/\/fence2go.eu\/index.php\/wp-json\/wp\/v2\/types\/page"}],"author":[{"embeddable":true,"href":"https:\/\/fence2go.eu\/index.php\/wp-json\/wp\/v2\/users\/2"}],"replies":[{"embeddable":true,"href":"https:\/\/fence2go.eu\/index.php\/wp-json\/wp\/v2\/comments?post=3385"}],"version-history":[{"count":2,"href":"https:\/\/fence2go.eu\/index.php\/wp-json\/wp\/v2\/pages\/3385\/revisions"}],"predecessor-version":[{"id":3388,"href":"https:\/\/fence2go.eu\/index.php\/wp-json\/wp\/v2\/pages\/3385\/revisions\/3388"}],"wp:attachment":[{"href":"https:\/\/fence2go.eu\/index.php\/wp-json\/wp\/v2\/media?parent=3385"}],"curies":[{"name":"wp","href":"https:\/\/api.w.org\/{rel}","templated":true}]}}