{"id":3479,"date":"2019-01-25T10:06:59","date_gmt":"2019-01-25T09:06:59","guid":{"rendered":"http:\/\/fence2go.eu\/?page_id=3479"},"modified":"2019-01-25T10:13:42","modified_gmt":"2019-01-25T09:13:42","slug":"borne-escamotable","status":"publish","type":"page","link":"https:\/\/fence2go.eu\/index.php\/borne-escamotable\/","title":{"rendered":"Borne escamotable."},"content":{"rendered":"<p><img loading=\"lazy\" width=\"225\" height=\"300\" class=\"size-medium wp-image-3480 alignleft\" alt=\"\" src=\"http:\/\/fence2go.eu\/wp-content\/uploads\/2019\/01\/Bollard-02-225x300.jpg\" srcset=\"https:\/\/fence2go.eu\/wp-content\/uploads\/2019\/01\/Bollard-02-225x300.jpg 225w, https:\/\/fence2go.eu\/wp-content\/uploads\/2019\/01\/Bollard-02-768x1024.jpg 768w\" sizes=\"(max-width: 225px) 100vw, 225px\" \/>Une borne escamotable \u00e9galement nomm\u00e9e bollard, est un outil de contr\u00f4le d&rsquo;acc\u00e8s constitu\u00e9 d&rsquo;un cylindre renforc\u00e9 escamotable.<\/p>\n<p>Avec un diam\u00e8tre unique de 204 mm, plusieurs hauteurs hors sol sont disponibles jusqu&rsquo;\u00e0 785 mm.<\/p>\n<p>Cette borne est en acier inoxydable 304 et est livr\u00e9e avec une platine de commande \u00e9lectronique et une batterie de secours, permettant l&rsquo;ouverture en cas de panne de courant.&nbsp; La borne clignote lors de chaque mouvement mont\u00e9e\/descente.<\/p>\n<p>A c\u00f4t\u00e9 de la version mobile, une borne fixe est \u00e9galement disponible, avec \u00e9clairage LED.<\/p>\n<p>&nbsp;<\/p>\n<p>&nbsp;<\/p>\n<p>&nbsp;<\/p>\n<p>&nbsp;<\/p>\n<p><img loading=\"lazy\" width=\"300\" height=\"177\" class=\"size-medium wp-image-3482 aligncenter\" alt=\"\" src=\"http:\/\/fence2go.eu\/wp-content\/uploads\/2019\/01\/Bollard-dessin-02-300x177.jpg\" srcset=\"https:\/\/fence2go.eu\/wp-content\/uploads\/2019\/01\/Bollard-dessin-02-300x177.jpg 300w, https:\/\/fence2go.eu\/wp-content\/uploads\/2019\/01\/Bollard-dessin-02-768x453.jpg 768w, https:\/\/fence2go.eu\/wp-content\/uploads\/2019\/01\/Bollard-dessin-02.jpg 775w\" sizes=\"(max-width: 300px) 100vw, 300px\" \/><\/p>\n","protected":false},"excerpt":{"rendered":"<p>Une borne escamotable \u00e9galement nomm\u00e9e bollard, est un outil de contr\u00f4le d&rsquo;acc\u00e8s constitu\u00e9 d&rsquo;un cylindre renforc\u00e9 escamotable. Avec un diam\u00e8tre unique de 204 mm, plusieurs hauteurs hors sol sont disponibles jusqu&rsquo;\u00e0 785 mm. Cette borne est en acier inoxydable 304 et est livr\u00e9e avec une platine de commande \u00e9lectronique et une batterie de secours, permettant [&hellip;]<\/p>\n","protected":false},"author":2,"featured_media":0,"parent":0,"menu_order":0,"comment_status":"closed","ping_status":"closed","template":"","meta":{"ngg_post_thumbnail":0},"_links":{"self":[{"href":"https:\/\/fence2go.eu\/index.php\/wp-json\/wp\/v2\/pages\/3479"}],"collection":[{"href":"https:\/\/fence2go.eu\/index.php\/wp-json\/wp\/v2\/pages"}],"about":[{"href":"https:\/\/fence2go.eu\/index.php\/wp-json\/wp\/v2\/types\/page"}],"author":[{"embeddable":true,"href":"https:\/\/fence2go.eu\/index.php\/wp-json\/wp\/v2\/users\/2"}],"replies":[{"embeddable":true,"href":"https:\/\/fence2go.eu\/index.php\/wp-json\/wp\/v2\/comments?post=3479"}],"version-history":[{"count":3,"href":"https:\/\/fence2go.eu\/index.php\/wp-json\/wp\/v2\/pages\/3479\/revisions"}],"predecessor-version":[{"id":3486,"href":"https:\/\/fence2go.eu\/index.php\/wp-json\/wp\/v2\/pages\/3479\/revisions\/3486"}],"wp:attachment":[{"href":"https:\/\/fence2go.eu\/index.php\/wp-json\/wp\/v2\/media?parent=3479"}],"curies":[{"name":"wp","href":"https:\/\/api.w.org\/{rel}","templated":true}]}}