{"id":36,"date":"2018-11-20T20:24:39","date_gmt":"2018-11-20T20:24:39","guid":{"rendered":"http:\/\/fence2go.eu\/?page_id=36"},"modified":"2018-12-12T18:21:49","modified_gmt":"2018-12-12T17:21:49","slug":"barreaudage","status":"publish","type":"page","link":"https:\/\/fence2go.eu\/index.php\/barreaudage\/","title":{"rendered":"Cl\u00f4ture barreaud\u00e9e."},"content":{"rendered":"<p>Une <strong>cl\u00f4ture barreaud\u00e9e<\/strong> est un ensemble lourd compos\u00e9 de tubes ou profil\u00e9s soud\u00e9s dans un cadre ou entre deux lisses horizontales.\u00a0 Cette cl\u00f4ture est pos\u00e9e \u00e0 l&rsquo;aide de fixations aveugles sur des poteaux ou contre une ma\u00e7onnerie.<\/p>\n<p>D\u00e9clin\u00e9e en une <strong>gamme r\u00e9sidentielle<\/strong> et une <strong>gamme industrielle<\/strong>, la cl\u00f4ture barreaud\u00e9e fera la part belle \u00e0 l&rsquo;esth\u00e9tique dans le premier cas et visera la s\u00e9curit\u00e9 renforc\u00e9e dans le second.<\/p>\n<figure id=\"attachment_312\" aria-describedby=\"caption-attachment-312\" style=\"width: 300px\" class=\"wp-caption alignleft\"><a href=\"http:\/\/fence2go.eu\/index.php\/barreaudage\/barreaudage-pour-votre-domicile\/\"><img loading=\"lazy\" class=\"wp-image-312\" src=\"http:\/\/fence2go.eu\/wp-content\/uploads\/2018\/11\/Cl\u00f4ture-barreaud\u00e9e-Style-g\u00e9n\u00e9ralit\u00e9-300x184.jpg\" alt=\"\" width=\"300\" height=\"184\" srcset=\"https:\/\/fence2go.eu\/wp-content\/uploads\/2018\/11\/Cl\u00f4ture-barreaud\u00e9e-Style-g\u00e9n\u00e9ralit\u00e9-300x184.jpg 300w, https:\/\/fence2go.eu\/wp-content\/uploads\/2018\/11\/Cl\u00f4ture-barreaud\u00e9e-Style-g\u00e9n\u00e9ralit\u00e9-768x470.jpg 768w, https:\/\/fence2go.eu\/wp-content\/uploads\/2018\/11\/Cl\u00f4ture-barreaud\u00e9e-Style-g\u00e9n\u00e9ralit\u00e9.jpg 873w\" sizes=\"(max-width: 300px) 100vw, 300px\" \/><\/a><figcaption id=\"caption-attachment-312\" class=\"wp-caption-text\">D\u00e9couvrir la gamme r\u00e9sidentielle<\/figcaption><\/figure>\n<figure id=\"attachment_1436\" aria-describedby=\"caption-attachment-1436\" style=\"width: 300px\" class=\"wp-caption alignright\"><a href=\"http:\/\/fence2go.eu\/index.php\/barreaudage\/barreaudage-pour-site-industriel\/\"><img loading=\"lazy\" class=\"wp-image-1436 size-medium\" src=\"http:\/\/fence2go.eu\/wp-content\/uploads\/2018\/12\/Barreaudage-Vesta-300x184-001-1-300x184.jpg\" alt=\"\" width=\"300\" height=\"184\" \/><\/a><figcaption id=\"caption-attachment-1436\" class=\"wp-caption-text\">D\u00e9couvrir la gamme industrielle<\/figcaption><\/figure>\n<p>&nbsp;<\/p>\n","protected":false},"excerpt":{"rendered":"<p>Une cl\u00f4ture barreaud\u00e9e est un ensemble lourd compos\u00e9 de tubes ou profil\u00e9s soud\u00e9s dans un cadre ou entre deux lisses horizontales.\u00a0 Cette cl\u00f4ture est pos\u00e9e \u00e0 l&rsquo;aide de fixations aveugles sur des poteaux ou contre une ma\u00e7onnerie. D\u00e9clin\u00e9e en une gamme r\u00e9sidentielle et une gamme industrielle, la cl\u00f4ture barreaud\u00e9e fera la part belle \u00e0 l&rsquo;esth\u00e9tique [&hellip;]<\/p>\n","protected":false},"author":1,"featured_media":0,"parent":0,"menu_order":2,"comment_status":"closed","ping_status":"closed","template":"","meta":{"ngg_post_thumbnail":0},"_links":{"self":[{"href":"https:\/\/fence2go.eu\/index.php\/wp-json\/wp\/v2\/pages\/36"}],"collection":[{"href":"https:\/\/fence2go.eu\/index.php\/wp-json\/wp\/v2\/pages"}],"about":[{"href":"https:\/\/fence2go.eu\/index.php\/wp-json\/wp\/v2\/types\/page"}],"author":[{"embeddable":true,"href":"https:\/\/fence2go.eu\/index.php\/wp-json\/wp\/v2\/users\/1"}],"replies":[{"embeddable":true,"href":"https:\/\/fence2go.eu\/index.php\/wp-json\/wp\/v2\/comments?post=36"}],"version-history":[{"count":8,"href":"https:\/\/fence2go.eu\/index.php\/wp-json\/wp\/v2\/pages\/36\/revisions"}],"predecessor-version":[{"id":2231,"href":"https:\/\/fence2go.eu\/index.php\/wp-json\/wp\/v2\/pages\/36\/revisions\/2231"}],"wp:attachment":[{"href":"https:\/\/fence2go.eu\/index.php\/wp-json\/wp\/v2\/media?parent=36"}],"curies":[{"name":"wp","href":"https:\/\/api.w.org\/{rel}","templated":true}]}}