{"id":3671,"date":"2019-02-01T11:06:37","date_gmt":"2019-02-01T10:06:37","guid":{"rendered":"http:\/\/fence2go.eu\/?page_id=3671"},"modified":"2019-02-01T11:06:51","modified_gmt":"2019-02-01T10:06:51","slug":"barriere-levantes","status":"publish","type":"page","link":"https:\/\/fence2go.eu\/index.php\/barriere-levantes\/","title":{"rendered":"Barri\u00e8re levantes."},"content":{"rendered":"<p><img loading=\"lazy\" width=\"300\" height=\"225\" class=\"size-medium wp-image-3672 alignleft\" alt=\"\" src=\"http:\/\/fence2go.eu\/wp-content\/uploads\/2019\/02\/IMG_7991-300x225.jpg\" srcset=\"https:\/\/fence2go.eu\/wp-content\/uploads\/2019\/02\/IMG_7991-300x225.jpg 300w, https:\/\/fence2go.eu\/wp-content\/uploads\/2019\/02\/IMG_7991-768x576.jpg 768w, https:\/\/fence2go.eu\/wp-content\/uploads\/2019\/02\/IMG_7991-1024x768.jpg 1024w\" sizes=\"(max-width: 300px) 100vw, 300px\" \/>Une barri\u00e8re levante permet de contr\u00f4ler facilement un acc\u00e8s.<\/p>\n<p>Les mod\u00e8les les plus simples sont dot\u00e9s d&rsquo;un bras jusque 3 ou 4 m\u00e8tres, mais des versions plus lourdes avec un bras plus long ou une motorisation pour un usage intensif existent aussi.<\/p>\n<p>La plupart des barri\u00e8res levantes peuvent \u00eatre pourvues en option d&rsquo;une batterie de secours, qui autorisera une ouverture en cas de coupure de l&rsquo;alimentation \u00e9lectrique.<\/p>\n<p>&nbsp;<\/p>\n<p>&nbsp;<\/p>\n<p><img loading=\"lazy\" width=\"300\" height=\"225\" class=\"size-medium wp-image-3673 aligncenter\" alt=\"\" src=\"http:\/\/fence2go.eu\/wp-content\/uploads\/2019\/02\/IMG_7992-300x225.jpg\" srcset=\"https:\/\/fence2go.eu\/wp-content\/uploads\/2019\/02\/IMG_7992-300x225.jpg 300w, https:\/\/fence2go.eu\/wp-content\/uploads\/2019\/02\/IMG_7992-768x576.jpg 768w, https:\/\/fence2go.eu\/wp-content\/uploads\/2019\/02\/IMG_7992-1024x768.jpg 1024w\" sizes=\"(max-width: 300px) 100vw, 300px\" \/><\/p>\n<p>&nbsp;<\/p>\n","protected":false},"excerpt":{"rendered":"<p>Une barri\u00e8re levante permet de contr\u00f4ler facilement un acc\u00e8s. Les mod\u00e8les les plus simples sont dot\u00e9s d&rsquo;un bras jusque 3 ou 4 m\u00e8tres, mais des versions plus lourdes avec un bras plus long ou une motorisation pour un usage intensif existent aussi. La plupart des barri\u00e8res levantes peuvent \u00eatre pourvues en option d&rsquo;une batterie de [&hellip;]<\/p>\n","protected":false},"author":2,"featured_media":0,"parent":0,"menu_order":0,"comment_status":"closed","ping_status":"closed","template":"","meta":{"ngg_post_thumbnail":0},"_links":{"self":[{"href":"https:\/\/fence2go.eu\/index.php\/wp-json\/wp\/v2\/pages\/3671"}],"collection":[{"href":"https:\/\/fence2go.eu\/index.php\/wp-json\/wp\/v2\/pages"}],"about":[{"href":"https:\/\/fence2go.eu\/index.php\/wp-json\/wp\/v2\/types\/page"}],"author":[{"embeddable":true,"href":"https:\/\/fence2go.eu\/index.php\/wp-json\/wp\/v2\/users\/2"}],"replies":[{"embeddable":true,"href":"https:\/\/fence2go.eu\/index.php\/wp-json\/wp\/v2\/comments?post=3671"}],"version-history":[{"count":1,"href":"https:\/\/fence2go.eu\/index.php\/wp-json\/wp\/v2\/pages\/3671\/revisions"}],"predecessor-version":[{"id":3675,"href":"https:\/\/fence2go.eu\/index.php\/wp-json\/wp\/v2\/pages\/3671\/revisions\/3675"}],"wp:attachment":[{"href":"https:\/\/fence2go.eu\/index.php\/wp-json\/wp\/v2\/media?parent=3671"}],"curies":[{"name":"wp","href":"https:\/\/api.w.org\/{rel}","templated":true}]}}