{"id":3742,"date":"2019-07-01T11:03:42","date_gmt":"2019-07-01T10:03:42","guid":{"rendered":"http:\/\/fence2go.eu\/?page_id=3742"},"modified":"2019-07-01T11:03:42","modified_gmt":"2019-07-01T10:03:42","slug":"cloture-en-dalles-en-beton","status":"publish","type":"page","link":"https:\/\/fence2go.eu\/index.php\/cloture-en-dalles-en-beton\/","title":{"rendered":"Cl\u00f4ture en dalles en b\u00e9ton."},"content":{"rendered":"<p>Pendant longtemps, les cl\u00f4tures en b\u00e9ton se sont limit\u00e9es \u00e0 une dalle lisse de couleur b\u00e9ton.<\/p>\n<p>&nbsp;<\/p>\n<p>Depuis une dizaine d&rsquo;ann\u00e9es, les fabricants de produits en b\u00e9ton ont d\u00e9velopp\u00e9 de nouveaux produits, faisant la part belle \u00e0 l&rsquo;esth\u00e9tique et \u00e0 la diversit\u00e9 dans les couleurs.<\/p>\n<figure id=\"attachment_3744\" aria-describedby=\"caption-attachment-3744\" style=\"width: 152px\" class=\"wp-caption aligncenter\"><a href=\"http:\/\/fence2go.eu\/index.php\/cloture-en-dalles-en-beton-finesse\/\"><img loading=\"lazy\" width=\"152\" height=\"175\" class=\"wp-image-3744 size-full\" alt=\"\" src=\"http:\/\/fence2go.eu\/wp-content\/uploads\/2019\/07\/Finesse-01.jpg\"><\/a><figcaption id=\"caption-attachment-3744\" class=\"wp-caption-text\">Finesse<\/figcaption><\/figure>\n<figure id=\"attachment_3745\" aria-describedby=\"caption-attachment-3745\" style=\"width: 159px\" class=\"wp-caption aligncenter\"><a href=\"http:\/\/fence2go.eu\/index.php\/clotures-en-dalles-en-beton-forest\/\"><img loading=\"lazy\" width=\"159\" height=\"177\" class=\"wp-image-3745 size-full\" alt=\"\" src=\"http:\/\/fence2go.eu\/wp-content\/uploads\/2019\/07\/Forest-01.jpg\"><\/a><figcaption id=\"caption-attachment-3745\" class=\"wp-caption-text\">Forest<\/figcaption><\/figure>\n<figure id=\"attachment_3746\" aria-describedby=\"caption-attachment-3746\" style=\"width: 141px\" class=\"wp-caption aligncenter\"><a href=\"http:\/\/fence2go.eu\/index.php\/cloture-en-dalles-en-beton-wave\/\"><img loading=\"lazy\" width=\"141\" height=\"150\" class=\"wp-image-3746 size-full\" alt=\"\" src=\"http:\/\/fence2go.eu\/wp-content\/uploads\/2019\/07\/Wave-01.jpg\"><\/a><figcaption id=\"caption-attachment-3746\" class=\"wp-caption-text\">Wave<\/figcaption><\/figure>\n<figure id=\"attachment_3747\" aria-describedby=\"caption-attachment-3747\" style=\"width: 141px\" class=\"wp-caption aligncenter\"><a href=\"http:\/\/fence2go.eu\/index.php\/cloture-en-dalles-en-beton-toscane\/\"><img loading=\"lazy\" width=\"141\" height=\"159\" class=\"wp-image-3747 size-full\" alt=\"\" src=\"http:\/\/fence2go.eu\/wp-content\/uploads\/2019\/07\/Toscane-01.jpg\"><\/a><figcaption id=\"caption-attachment-3747\" class=\"wp-caption-text\">Toscane<\/figcaption><\/figure>\n<figure id=\"attachment_3748\" aria-describedby=\"caption-attachment-3748\" style=\"width: 150px\" class=\"wp-caption aligncenter\"><a href=\"http:\/\/fence2go.eu\/index.php\/cloture-en-dalles-en-beton-rempart\/\"><img loading=\"lazy\" width=\"150\" height=\"168\" class=\"wp-image-3748 size-full\" alt=\"\" src=\"http:\/\/fence2go.eu\/wp-content\/uploads\/2019\/07\/Rempart-01.jpg\"><\/a><figcaption id=\"caption-attachment-3748\" class=\"wp-caption-text\">Rempart<\/figcaption><\/figure>\n<figure id=\"attachment_3749\" aria-describedby=\"caption-attachment-3749\" style=\"width: 126px\" class=\"wp-caption aligncenter\"><a href=\"http:\/\/fence2go.eu\/index.php\/cloture-en-dalles-en-beton-mur-ancien\/\"><img loading=\"lazy\" width=\"126\" height=\"142\" class=\"wp-image-3749 size-full\" alt=\"\" src=\"http:\/\/fence2go.eu\/wp-content\/uploads\/2019\/07\/Mur-ancien-01.jpg\"><\/a><figcaption id=\"caption-attachment-3749\" class=\"wp-caption-text\">Mur ancien<\/figcaption><\/figure>\n<figure id=\"attachment_3750\" aria-describedby=\"caption-attachment-3750\" style=\"width: 153px\" class=\"wp-caption aligncenter\"><a href=\"http:\/\/fence2go.eu\/index.php\/cloture-en-dalles-en-beton-blocs-larges\/\"><img loading=\"lazy\" width=\"153\" height=\"180\" class=\"wp-image-3750 size-full\" alt=\"\" src=\"http:\/\/fence2go.eu\/wp-content\/uploads\/2019\/07\/Blocs-larges-01.jpg\"><\/a><figcaption id=\"caption-attachment-3750\" class=\"wp-caption-text\">Blocs larges<\/figcaption><\/figure>\n<figure id=\"attachment_3751\" aria-describedby=\"caption-attachment-3751\" style=\"width: 141px\" class=\"wp-caption aligncenter\"><a href=\"http:\/\/fence2go.eu\/index.php\/cloture-en-dalles-en-beton-vario\/\"><img loading=\"lazy\" width=\"141\" height=\"165\" class=\"wp-image-3751 size-full\" alt=\"\" src=\"http:\/\/fence2go.eu\/wp-content\/uploads\/2019\/07\/Vario-01.jpg\"><\/a><figcaption id=\"caption-attachment-3751\" class=\"wp-caption-text\">Vario<\/figcaption><\/figure>\n<figure id=\"attachment_3752\" aria-describedby=\"caption-attachment-3752\" style=\"width: 157px\" class=\"wp-caption aligncenter\"><a href=\"http:\/\/fence2go.eu\/index.php\/cloture-en-dalles-en-beton-minimal\/\"><img loading=\"lazy\" width=\"157\" height=\"174\" class=\"wp-image-3752 size-full\" alt=\"\" src=\"http:\/\/fence2go.eu\/wp-content\/uploads\/2019\/07\/Minimal-01.jpg\"><\/a><figcaption id=\"caption-attachment-3752\" class=\"wp-caption-text\">Minimal<\/figcaption><\/figure>\n<figure id=\"attachment_3753\" aria-describedby=\"caption-attachment-3753\" style=\"width: 137px\" class=\"wp-caption aligncenter\"><a href=\"http:\/\/fence2go.eu\/index.php\/cloture-en-dalles-en-beton-latte-inclinee\/\"><img loading=\"lazy\" width=\"137\" height=\"153\" class=\"wp-image-3753 size-full\" alt=\"\" src=\"http:\/\/fence2go.eu\/wp-content\/uploads\/2019\/07\/Latte-inclin\u00e9e-01.jpg\"><\/a><figcaption id=\"caption-attachment-3753\" class=\"wp-caption-text\">Latte inclin\u00e9e<\/figcaption><\/figure>\n<figure id=\"attachment_3754\" aria-describedby=\"caption-attachment-3754\" style=\"width: 135px\" class=\"wp-caption aligncenter\"><a href=\"http:\/\/fence2go.eu\/index.php\/cloture-en-dalles-en-beton-bois-tresse\/\"><img loading=\"lazy\" width=\"135\" height=\"158\" class=\"wp-image-3754 size-full\" alt=\"\" src=\"http:\/\/fence2go.eu\/wp-content\/uploads\/2019\/07\/Bois-tress\u00e9-01.jpg\"><\/a><figcaption id=\"caption-attachment-3754\" class=\"wp-caption-text\">Bois tress\u00e9<\/figcaption><\/figure>\n<figure id=\"attachment_3755\" aria-describedby=\"caption-attachment-3755\" style=\"width: 129px\" class=\"wp-caption aligncenter\"><a href=\"http:\/\/fence2go.eu\/index.php\/cloture-en-dalles-en-beton-bois-non-tresse\/\"><img loading=\"lazy\" width=\"129\" height=\"152\" class=\"wp-image-3755 size-full\" alt=\"\" src=\"http:\/\/fence2go.eu\/wp-content\/uploads\/2019\/07\/Bois-non-tress\u00e9-01.jpg\"><\/a><figcaption id=\"caption-attachment-3755\" class=\"wp-caption-text\">Bois non tress\u00e9<\/figcaption><\/figure>\n<figure id=\"attachment_3756\" aria-describedby=\"caption-attachment-3756\" style=\"width: 132px\" class=\"wp-caption aligncenter\"><a href=\"http:\/\/fence2go.eu\/index.php\/cloture-en-dalles-en-beton-brique-en-relief\/\"><img loading=\"lazy\" width=\"132\" height=\"154\" class=\"wp-image-3756 size-full\" alt=\"\" src=\"http:\/\/fence2go.eu\/wp-content\/uploads\/2019\/07\/Brique-en-relief-01.jpg\"><\/a><figcaption id=\"caption-attachment-3756\" class=\"wp-caption-text\">Brique en relief<\/figcaption><\/figure>\n<figure id=\"attachment_3757\" aria-describedby=\"caption-attachment-3757\" style=\"width: 162px\" class=\"wp-caption aligncenter\"><a href=\"http:\/\/fence2go.eu\/index.php\/cloture-en-dalles-en-beton-new-look\/\"><img loading=\"lazy\" width=\"162\" height=\"155\" class=\"wp-image-3757 size-full\" alt=\"\" src=\"http:\/\/fence2go.eu\/wp-content\/uploads\/2019\/07\/New-Look-01.jpg\"><\/a><figcaption id=\"caption-attachment-3757\" class=\"wp-caption-text\">New-Look<\/figcaption><\/figure>\n<figure id=\"attachment_3805\" aria-describedby=\"caption-attachment-3805\" style=\"width: 150px\" class=\"wp-caption aligncenter\"><a href=\"http:\/\/fence2go.eu\/index.php\/cloture-en-dalles-en-beton-lisse\/\"><img loading=\"lazy\" width=\"150\" height=\"148\" class=\"wp-image-3805\" alt=\"\" src=\"http:\/\/fence2go.eu\/wp-content\/uploads\/2019\/07\/B\u00e9ton-lisse-01.jpg\"><\/a><figcaption id=\"caption-attachment-3805\" class=\"wp-caption-text\">B\u00e9ton lisse<\/figcaption><\/figure>\n","protected":false},"excerpt":{"rendered":"<p>Pendant longtemps, les cl\u00f4tures en b\u00e9ton se sont limit\u00e9es \u00e0 une dalle lisse de couleur b\u00e9ton. &nbsp; Depuis une dizaine d&rsquo;ann\u00e9es, les fabricants de produits en b\u00e9ton ont d\u00e9velopp\u00e9 de nouveaux produits, faisant la part belle \u00e0 l&rsquo;esth\u00e9tique et \u00e0 la diversit\u00e9 dans les couleurs.<\/p>\n","protected":false},"author":2,"featured_media":0,"parent":0,"menu_order":0,"comment_status":"closed","ping_status":"closed","template":"","meta":{"ngg_post_thumbnail":0},"_links":{"self":[{"href":"https:\/\/fence2go.eu\/index.php\/wp-json\/wp\/v2\/pages\/3742"}],"collection":[{"href":"https:\/\/fence2go.eu\/index.php\/wp-json\/wp\/v2\/pages"}],"about":[{"href":"https:\/\/fence2go.eu\/index.php\/wp-json\/wp\/v2\/types\/page"}],"author":[{"embeddable":true,"href":"https:\/\/fence2go.eu\/index.php\/wp-json\/wp\/v2\/users\/2"}],"replies":[{"embeddable":true,"href":"https:\/\/fence2go.eu\/index.php\/wp-json\/wp\/v2\/comments?post=3742"}],"version-history":[{"count":4,"href":"https:\/\/fence2go.eu\/index.php\/wp-json\/wp\/v2\/pages\/3742\/revisions"}],"predecessor-version":[{"id":3822,"href":"https:\/\/fence2go.eu\/index.php\/wp-json\/wp\/v2\/pages\/3742\/revisions\/3822"}],"wp:attachment":[{"href":"https:\/\/fence2go.eu\/index.php\/wp-json\/wp\/v2\/media?parent=3742"}],"curies":[{"name":"wp","href":"https:\/\/api.w.org\/{rel}","templated":true}]}}