{"id":3760,"date":"2019-07-01T08:42:57","date_gmt":"2019-07-01T07:42:57","guid":{"rendered":"http:\/\/fence2go.eu\/?page_id=3760"},"modified":"2019-07-01T08:42:57","modified_gmt":"2019-07-01T07:42:57","slug":"cloture-en-dalles-en-beton-finesse","status":"publish","type":"page","link":"https:\/\/fence2go.eu\/index.php\/cloture-en-dalles-en-beton-finesse\/","title":{"rendered":"Cl\u00f4ture en dalles en b\u00e9ton Finesse."},"content":{"rendered":"<p>La simplicit\u00e9 toute en finesse, repr\u00e9sentant de fines couches de pierres de tailles diff\u00e9rentes.<\/p>\n<p>Cette dalle est disponible dans les dimensions suivantes :<\/p>\n<ul>\n<li>Dalle droite de longueur 2000 mm et hauteur 400 mm, avec une ou deux faces d\u00e9coratives<\/li>\n<li>Dalle arrondie de longueur 2000 mm et hauteur 500 mm, avec une ou deux faces d\u00e9coratives<\/li>\n<li>Latte de finition au sommet de la cl\u00f4ture (option pour les dalles droites)<\/li>\n<li>Couleur anthracite, gris, gris clair, jaune, cr\u00e8me, brun clair, brun fonc\u00e9, b\u00e9ton naturel ou blanc cass\u00e9<\/li>\n<\/ul>\n<p><img loading=\"lazy\" width=\"255\" height=\"167\" class=\"size-full wp-image-3761 alignleft\" alt=\"\" src=\"http:\/\/fence2go.eu\/wp-content\/uploads\/2019\/07\/Finesse-02.jpg\"><img loading=\"lazy\" width=\"152\" height=\"175\" class=\"size-full wp-image-3744 alignright\" alt=\"\" src=\"http:\/\/fence2go.eu\/wp-content\/uploads\/2019\/07\/Finesse-01.jpg\"><\/p>\n<p>&nbsp;<\/p>\n<p>&nbsp;<\/p>\n<p>&nbsp;<\/p>\n<p>&nbsp;<\/p>\n<p>&nbsp;<\/p>\n","protected":false},"excerpt":{"rendered":"<p>La simplicit\u00e9 toute en finesse, repr\u00e9sentant de fines couches de pierres de tailles diff\u00e9rentes. Cette dalle est disponible dans les dimensions suivantes : Dalle droite de longueur 2000 mm et hauteur 400 mm, avec une ou deux faces d\u00e9coratives Dalle arrondie de longueur 2000 mm et hauteur 500 mm, avec une ou deux faces d\u00e9coratives [&hellip;]<\/p>\n","protected":false},"author":2,"featured_media":0,"parent":0,"menu_order":0,"comment_status":"closed","ping_status":"closed","template":"","meta":{"ngg_post_thumbnail":0},"_links":{"self":[{"href":"https:\/\/fence2go.eu\/index.php\/wp-json\/wp\/v2\/pages\/3760"}],"collection":[{"href":"https:\/\/fence2go.eu\/index.php\/wp-json\/wp\/v2\/pages"}],"about":[{"href":"https:\/\/fence2go.eu\/index.php\/wp-json\/wp\/v2\/types\/page"}],"author":[{"embeddable":true,"href":"https:\/\/fence2go.eu\/index.php\/wp-json\/wp\/v2\/users\/2"}],"replies":[{"embeddable":true,"href":"https:\/\/fence2go.eu\/index.php\/wp-json\/wp\/v2\/comments?post=3760"}],"version-history":[{"count":2,"href":"https:\/\/fence2go.eu\/index.php\/wp-json\/wp\/v2\/pages\/3760\/revisions"}],"predecessor-version":[{"id":3763,"href":"https:\/\/fence2go.eu\/index.php\/wp-json\/wp\/v2\/pages\/3760\/revisions\/3763"}],"wp:attachment":[{"href":"https:\/\/fence2go.eu\/index.php\/wp-json\/wp\/v2\/media?parent=3760"}],"curies":[{"name":"wp","href":"https:\/\/api.w.org\/{rel}","templated":true}]}}