{"id":3765,"date":"2019-07-01T09:04:51","date_gmt":"2019-07-01T08:04:51","guid":{"rendered":"http:\/\/fence2go.eu\/?page_id=3765"},"modified":"2019-07-01T09:05:10","modified_gmt":"2019-07-01T08:05:10","slug":"clotures-en-dalles-en-beton-forest","status":"publish","type":"page","link":"https:\/\/fence2go.eu\/index.php\/clotures-en-dalles-en-beton-forest\/","title":{"rendered":"Cl\u00f4ture en dalles en b\u00e9ton Forest."},"content":{"rendered":"<p>Ressemblant \u00e0 des lames en bois horizontales, la plaque Forest procure un sentiment d&rsquo;apaisement.<\/p>\n<p>Cette dalle est disponible dans les dimensions suivantes :<\/p>\n<ul>\n<li>Dalle droite de longueur 2000 mm et hauteur 400 mm, avec une ou deux faces d\u00e9coratives<\/li>\n<li>Latte de finition au sommet de la cl\u00f4ture (option pour les dalles droites)<\/li>\n<li>Couleur anthracite, gris, gris clair, jaune, cr\u00e8me, brun clair, brun fonc\u00e9, b\u00e9ton naturel ou blanc cass\u00e9<\/li>\n<\/ul>\n<p><img loading=\"lazy\" width=\"254\" height=\"168\" class=\"size-full wp-image-3764 alignleft\" alt=\"\" src=\"http:\/\/fence2go.eu\/wp-content\/uploads\/2019\/07\/Forest-02.jpg\"><img loading=\"lazy\" width=\"159\" height=\"177\" class=\"size-full wp-image-3745 alignright\" alt=\"\" src=\"http:\/\/fence2go.eu\/wp-content\/uploads\/2019\/07\/Forest-01.jpg\"><\/p>\n","protected":false},"excerpt":{"rendered":"<p>Ressemblant \u00e0 des lames en bois horizontales, la plaque Forest procure un sentiment d&rsquo;apaisement. Cette dalle est disponible dans les dimensions suivantes : Dalle droite de longueur 2000 mm et hauteur 400 mm, avec une ou deux faces d\u00e9coratives Latte de finition au sommet de la cl\u00f4ture (option pour les dalles droites) Couleur anthracite, gris, [&hellip;]<\/p>\n","protected":false},"author":2,"featured_media":0,"parent":0,"menu_order":0,"comment_status":"closed","ping_status":"closed","template":"","meta":{"ngg_post_thumbnail":0},"_links":{"self":[{"href":"https:\/\/fence2go.eu\/index.php\/wp-json\/wp\/v2\/pages\/3765"}],"collection":[{"href":"https:\/\/fence2go.eu\/index.php\/wp-json\/wp\/v2\/pages"}],"about":[{"href":"https:\/\/fence2go.eu\/index.php\/wp-json\/wp\/v2\/types\/page"}],"author":[{"embeddable":true,"href":"https:\/\/fence2go.eu\/index.php\/wp-json\/wp\/v2\/users\/2"}],"replies":[{"embeddable":true,"href":"https:\/\/fence2go.eu\/index.php\/wp-json\/wp\/v2\/comments?post=3765"}],"version-history":[{"count":2,"href":"https:\/\/fence2go.eu\/index.php\/wp-json\/wp\/v2\/pages\/3765\/revisions"}],"predecessor-version":[{"id":3767,"href":"https:\/\/fence2go.eu\/index.php\/wp-json\/wp\/v2\/pages\/3765\/revisions\/3767"}],"wp:attachment":[{"href":"https:\/\/fence2go.eu\/index.php\/wp-json\/wp\/v2\/media?parent=3765"}],"curies":[{"name":"wp","href":"https:\/\/api.w.org\/{rel}","templated":true}]}}