{"id":3774,"date":"2019-07-01T09:40:56","date_gmt":"2019-07-01T08:40:56","guid":{"rendered":"http:\/\/fence2go.eu\/?page_id=3774"},"modified":"2019-07-01T09:40:56","modified_gmt":"2019-07-01T08:40:56","slug":"cloture-en-dalles-en-beton-rempart","status":"publish","type":"page","link":"https:\/\/fence2go.eu\/index.php\/cloture-en-dalles-en-beton-rempart\/","title":{"rendered":"Cl\u00f4ture en dalles en b\u00e9ton Rempart."},"content":{"rendered":"<p>L&rsquo;aspect rugueux de cette dalle lui conf\u00e8re une impression&nbsp; de grande stabilit\u00e9 et inspire la qui\u00e9tude. &nbsp;<\/p>\n<p>Cette dalle est disponible dans les dimensions suivantes :<\/p>\n<ul>\n<li>Dalle droite de longueur 2000 mm et hauteur 400 mm, avec une ou deux faces d\u00e9coratives<\/li>\n<li>Latte de finition au sommet de la cl\u00f4ture (option pour les dalles droites)<\/li>\n<li>Couleur anthracite, gris, gris clair, jaune, cr\u00e8me, brun clair, brun fonc\u00e9, b\u00e9ton naturel ou blanc cass\u00e9<\/li>\n<\/ul>\n<p><img loading=\"lazy\" width=\"252\" height=\"171\" class=\"size-full wp-image-3775 alignleft\" alt=\"\" src=\"http:\/\/fence2go.eu\/wp-content\/uploads\/2019\/07\/Rempart-02.jpg\"><img loading=\"lazy\" width=\"150\" height=\"168\" class=\"size-full wp-image-3748 alignright\" alt=\"\" src=\"http:\/\/fence2go.eu\/wp-content\/uploads\/2019\/07\/Rempart-01.jpg\"><\/p>\n","protected":false},"excerpt":{"rendered":"<p>L&rsquo;aspect rugueux de cette dalle lui conf\u00e8re une impression&nbsp; de grande stabilit\u00e9 et inspire la qui\u00e9tude. &nbsp; Cette dalle est disponible dans les dimensions suivantes : Dalle droite de longueur 2000 mm et hauteur 400 mm, avec une ou deux faces d\u00e9coratives Latte de finition au sommet de la cl\u00f4ture (option pour les dalles droites) [&hellip;]<\/p>\n","protected":false},"author":2,"featured_media":0,"parent":0,"menu_order":0,"comment_status":"closed","ping_status":"closed","template":"","meta":{"ngg_post_thumbnail":0},"_links":{"self":[{"href":"https:\/\/fence2go.eu\/index.php\/wp-json\/wp\/v2\/pages\/3774"}],"collection":[{"href":"https:\/\/fence2go.eu\/index.php\/wp-json\/wp\/v2\/pages"}],"about":[{"href":"https:\/\/fence2go.eu\/index.php\/wp-json\/wp\/v2\/types\/page"}],"author":[{"embeddable":true,"href":"https:\/\/fence2go.eu\/index.php\/wp-json\/wp\/v2\/users\/2"}],"replies":[{"embeddable":true,"href":"https:\/\/fence2go.eu\/index.php\/wp-json\/wp\/v2\/comments?post=3774"}],"version-history":[{"count":1,"href":"https:\/\/fence2go.eu\/index.php\/wp-json\/wp\/v2\/pages\/3774\/revisions"}],"predecessor-version":[{"id":3776,"href":"https:\/\/fence2go.eu\/index.php\/wp-json\/wp\/v2\/pages\/3774\/revisions\/3776"}],"wp:attachment":[{"href":"https:\/\/fence2go.eu\/index.php\/wp-json\/wp\/v2\/media?parent=3774"}],"curies":[{"name":"wp","href":"https:\/\/api.w.org\/{rel}","templated":true}]}}