{"id":3777,"date":"2019-07-01T09:44:24","date_gmt":"2019-07-01T08:44:24","guid":{"rendered":"http:\/\/fence2go.eu\/?page_id=3777"},"modified":"2019-07-01T09:44:24","modified_gmt":"2019-07-01T08:44:24","slug":"cloture-en-dalles-en-beton-mur-ancien","status":"publish","type":"page","link":"https:\/\/fence2go.eu\/index.php\/cloture-en-dalles-en-beton-mur-ancien\/","title":{"rendered":"Cl\u00f4ture en dalles en b\u00e9ton Mur ancien."},"content":{"rendered":"<p>La finition de cette dalle fait imm\u00e9diatement penser aux murs tels qu&rsquo;ils \u00e9taient ma\u00e7onn\u00e9s il y a bien longtemps.<\/p>\n<p>Cette dalle est disponible dans les dimensions suivantes :<\/p>\n<ul>\n<li>Dalle droite de longueur 2000 mm et hauteur 400 mm, avec une ou deux faces d\u00e9coratives<\/li>\n<li>Dalle arrondie de longueur 2000 mm et hauteur 500 mm, avec une ou deux faces d\u00e9coratives<\/li>\n<li>Latte de finition au sommet de la cl\u00f4ture (option pour les dalles droites)<\/li>\n<li>Couleur anthracite, gris, gris clair, jaune, cr\u00e8me, brun clair, brun fonc\u00e9, b\u00e9ton naturel ou blanc cass\u00e9<\/li>\n<\/ul>\n<p><img loading=\"lazy\" width=\"269\" height=\"142\" class=\"size-full wp-image-3778 alignleft\" alt=\"\" src=\"http:\/\/fence2go.eu\/wp-content\/uploads\/2019\/07\/Mur-ancien-02.jpg\"><img loading=\"lazy\" width=\"126\" height=\"142\" class=\"size-full wp-image-3749 alignright\" alt=\"\" src=\"http:\/\/fence2go.eu\/wp-content\/uploads\/2019\/07\/Mur-ancien-01.jpg\"><\/p>\n","protected":false},"excerpt":{"rendered":"<p>La finition de cette dalle fait imm\u00e9diatement penser aux murs tels qu&rsquo;ils \u00e9taient ma\u00e7onn\u00e9s il y a bien longtemps. Cette dalle est disponible dans les dimensions suivantes : Dalle droite de longueur 2000 mm et hauteur 400 mm, avec une ou deux faces d\u00e9coratives Dalle arrondie de longueur 2000 mm et hauteur 500 mm, avec [&hellip;]<\/p>\n","protected":false},"author":2,"featured_media":0,"parent":0,"menu_order":0,"comment_status":"closed","ping_status":"closed","template":"","meta":{"ngg_post_thumbnail":0},"_links":{"self":[{"href":"https:\/\/fence2go.eu\/index.php\/wp-json\/wp\/v2\/pages\/3777"}],"collection":[{"href":"https:\/\/fence2go.eu\/index.php\/wp-json\/wp\/v2\/pages"}],"about":[{"href":"https:\/\/fence2go.eu\/index.php\/wp-json\/wp\/v2\/types\/page"}],"author":[{"embeddable":true,"href":"https:\/\/fence2go.eu\/index.php\/wp-json\/wp\/v2\/users\/2"}],"replies":[{"embeddable":true,"href":"https:\/\/fence2go.eu\/index.php\/wp-json\/wp\/v2\/comments?post=3777"}],"version-history":[{"count":1,"href":"https:\/\/fence2go.eu\/index.php\/wp-json\/wp\/v2\/pages\/3777\/revisions"}],"predecessor-version":[{"id":3779,"href":"https:\/\/fence2go.eu\/index.php\/wp-json\/wp\/v2\/pages\/3777\/revisions\/3779"}],"wp:attachment":[{"href":"https:\/\/fence2go.eu\/index.php\/wp-json\/wp\/v2\/media?parent=3777"}],"curies":[{"name":"wp","href":"https:\/\/api.w.org\/{rel}","templated":true}]}}