{"id":3780,"date":"2019-07-01T09:48:34","date_gmt":"2019-07-01T08:48:34","guid":{"rendered":"http:\/\/fence2go.eu\/?page_id=3780"},"modified":"2019-07-01T09:48:56","modified_gmt":"2019-07-01T08:48:56","slug":"cloture-en-dalles-en-beton-blocs-larges","status":"publish","type":"page","link":"https:\/\/fence2go.eu\/index.php\/cloture-en-dalles-en-beton-blocs-larges\/","title":{"rendered":"Cl\u00f4ture en dalles en b\u00e9ton Blocs larges."},"content":{"rendered":"<p>On ne peut qu&rsquo;\u00eatre impressionn\u00e9 par la largeur des blocs imprim\u00e9s dans cette dalle.<\/p>\n<p>Cette dalle est disponible dans les dimensions suivantes :<\/p>\n<ul>\n<li>Dalle droite de longueur 2000 mm et hauteur 400 mm, avec une ou deux faces d\u00e9coratives<\/li>\n<li>Latte de finition au sommet de la cl\u00f4ture (option pour les dalles droites)<\/li>\n<li>Couleur anthracite, gris, gris clair, jaune, cr\u00e8me, brun clair, brun fonc\u00e9, b\u00e9ton naturel ou blanc cass\u00e9<\/li>\n<\/ul>\n<p><img loading=\"lazy\" width=\"239\" height=\"167\" class=\"size-full wp-image-3781 alignleft\" alt=\"\" src=\"http:\/\/fence2go.eu\/wp-content\/uploads\/2019\/07\/Blocs-larges-02.jpg\"><img loading=\"lazy\" width=\"153\" height=\"180\" class=\"size-full wp-image-3750 alignright\" alt=\"\" src=\"http:\/\/fence2go.eu\/wp-content\/uploads\/2019\/07\/Blocs-larges-01.jpg\"><\/p>\n","protected":false},"excerpt":{"rendered":"<p>On ne peut qu&rsquo;\u00eatre impressionn\u00e9 par la largeur des blocs imprim\u00e9s dans cette dalle. Cette dalle est disponible dans les dimensions suivantes : Dalle droite de longueur 2000 mm et hauteur 400 mm, avec une ou deux faces d\u00e9coratives Latte de finition au sommet de la cl\u00f4ture (option pour les dalles droites) Couleur anthracite, gris, [&hellip;]<\/p>\n","protected":false},"author":2,"featured_media":0,"parent":0,"menu_order":0,"comment_status":"closed","ping_status":"closed","template":"","meta":{"ngg_post_thumbnail":0},"_links":{"self":[{"href":"https:\/\/fence2go.eu\/index.php\/wp-json\/wp\/v2\/pages\/3780"}],"collection":[{"href":"https:\/\/fence2go.eu\/index.php\/wp-json\/wp\/v2\/pages"}],"about":[{"href":"https:\/\/fence2go.eu\/index.php\/wp-json\/wp\/v2\/types\/page"}],"author":[{"embeddable":true,"href":"https:\/\/fence2go.eu\/index.php\/wp-json\/wp\/v2\/users\/2"}],"replies":[{"embeddable":true,"href":"https:\/\/fence2go.eu\/index.php\/wp-json\/wp\/v2\/comments?post=3780"}],"version-history":[{"count":1,"href":"https:\/\/fence2go.eu\/index.php\/wp-json\/wp\/v2\/pages\/3780\/revisions"}],"predecessor-version":[{"id":3782,"href":"https:\/\/fence2go.eu\/index.php\/wp-json\/wp\/v2\/pages\/3780\/revisions\/3782"}],"wp:attachment":[{"href":"https:\/\/fence2go.eu\/index.php\/wp-json\/wp\/v2\/media?parent=3780"}],"curies":[{"name":"wp","href":"https:\/\/api.w.org\/{rel}","templated":true}]}}