{"id":3783,"date":"2019-07-01T09:54:30","date_gmt":"2019-07-01T08:54:30","guid":{"rendered":"http:\/\/fence2go.eu\/?page_id=3783"},"modified":"2019-07-01T09:54:30","modified_gmt":"2019-07-01T08:54:30","slug":"cloture-en-dalles-en-beton-vario","status":"publish","type":"page","link":"https:\/\/fence2go.eu\/index.php\/cloture-en-dalles-en-beton-vario\/","title":{"rendered":"Cl\u00f4ture en dalles en b\u00e9ton Vario."},"content":{"rendered":"<p>Cette dalle fait la part belle \u00e0 la vari\u00e9t\u00e9, en \u00e9tant compos\u00e9e de pierres de diff\u00e9rentes tailles.&nbsp;<\/p>\n<p>Cette dalle est disponible dans les dimensions suivantes :<\/p>\n<ul>\n<li>Dalle droite de longueur 2000 mm et hauteur 400 mm, avec une ou deux faces d\u00e9coratives<\/li>\n<li>Latte de finition au sommet de la cl\u00f4ture (option pour les dalles droites)<\/li>\n<li>Couleur anthracite, gris, gris clair, jaune, cr\u00e8me, brun clair, brun fonc\u00e9, b\u00e9ton naturel ou blanc cass\u00e9<\/li>\n<\/ul>\n<p><img loading=\"lazy\" width=\"228\" height=\"163\" class=\"size-full wp-image-3784 alignleft\" alt=\"\" src=\"http:\/\/fence2go.eu\/wp-content\/uploads\/2019\/07\/Vario-02.jpg\"><img loading=\"lazy\" width=\"141\" height=\"165\" class=\"size-full wp-image-3751 alignright\" alt=\"\" src=\"http:\/\/fence2go.eu\/wp-content\/uploads\/2019\/07\/Vario-01.jpg\"><\/p>\n","protected":false},"excerpt":{"rendered":"<p>Cette dalle fait la part belle \u00e0 la vari\u00e9t\u00e9, en \u00e9tant compos\u00e9e de pierres de diff\u00e9rentes tailles.&nbsp; Cette dalle est disponible dans les dimensions suivantes : Dalle droite de longueur 2000 mm et hauteur 400 mm, avec une ou deux faces d\u00e9coratives Latte de finition au sommet de la cl\u00f4ture (option pour les dalles droites) [&hellip;]<\/p>\n","protected":false},"author":2,"featured_media":0,"parent":0,"menu_order":0,"comment_status":"closed","ping_status":"closed","template":"","meta":{"ngg_post_thumbnail":0},"_links":{"self":[{"href":"https:\/\/fence2go.eu\/index.php\/wp-json\/wp\/v2\/pages\/3783"}],"collection":[{"href":"https:\/\/fence2go.eu\/index.php\/wp-json\/wp\/v2\/pages"}],"about":[{"href":"https:\/\/fence2go.eu\/index.php\/wp-json\/wp\/v2\/types\/page"}],"author":[{"embeddable":true,"href":"https:\/\/fence2go.eu\/index.php\/wp-json\/wp\/v2\/users\/2"}],"replies":[{"embeddable":true,"href":"https:\/\/fence2go.eu\/index.php\/wp-json\/wp\/v2\/comments?post=3783"}],"version-history":[{"count":1,"href":"https:\/\/fence2go.eu\/index.php\/wp-json\/wp\/v2\/pages\/3783\/revisions"}],"predecessor-version":[{"id":3785,"href":"https:\/\/fence2go.eu\/index.php\/wp-json\/wp\/v2\/pages\/3783\/revisions\/3785"}],"wp:attachment":[{"href":"https:\/\/fence2go.eu\/index.php\/wp-json\/wp\/v2\/media?parent=3783"}],"curies":[{"name":"wp","href":"https:\/\/api.w.org\/{rel}","templated":true}]}}