{"id":3786,"date":"2019-07-01T09:59:07","date_gmt":"2019-07-01T08:59:07","guid":{"rendered":"http:\/\/fence2go.eu\/?page_id=3786"},"modified":"2019-07-01T09:59:07","modified_gmt":"2019-07-01T08:59:07","slug":"cloture-en-dalles-en-beton-minimal","status":"publish","type":"page","link":"https:\/\/fence2go.eu\/index.php\/cloture-en-dalles-en-beton-minimal\/","title":{"rendered":"Cl\u00f4ture en dalles en b\u00e9ton Minimal."},"content":{"rendered":"<p>Un design minimal est la marque de fabrique de cette dalle d\u00e9corative Minimal.&nbsp;<\/p>\n<p>Cette dalle est disponible dans les dimensions suivantes :<\/p>\n<ul>\n<li>Dalle droite de longueur 2000 mm et hauteur 400 mm, avec une ou deux faces d\u00e9coratives<\/li>\n<li>Latte de finition au sommet de la cl\u00f4ture (option pour les dalles droites)<\/li>\n<li>Couleur anthracite, gris, gris clair, jaune, cr\u00e8me, brun clair, brun fonc\u00e9, b\u00e9ton naturel ou blanc cass\u00e9<\/li>\n<\/ul>\n<p><img loading=\"lazy\" width=\"255\" height=\"168\" class=\"size-full wp-image-3787 alignleft\" alt=\"\" src=\"http:\/\/fence2go.eu\/wp-content\/uploads\/2019\/07\/Minimal-02.jpg\"><img loading=\"lazy\" width=\"157\" height=\"174\" class=\"size-full wp-image-3752 alignright\" alt=\"\" src=\"http:\/\/fence2go.eu\/wp-content\/uploads\/2019\/07\/Minimal-01.jpg\"><\/p>\n","protected":false},"excerpt":{"rendered":"<p>Un design minimal est la marque de fabrique de cette dalle d\u00e9corative Minimal.&nbsp; Cette dalle est disponible dans les dimensions suivantes : Dalle droite de longueur 2000 mm et hauteur 400 mm, avec une ou deux faces d\u00e9coratives Latte de finition au sommet de la cl\u00f4ture (option pour les dalles droites) Couleur anthracite, gris, gris [&hellip;]<\/p>\n","protected":false},"author":2,"featured_media":0,"parent":0,"menu_order":0,"comment_status":"closed","ping_status":"closed","template":"","meta":{"ngg_post_thumbnail":0},"_links":{"self":[{"href":"https:\/\/fence2go.eu\/index.php\/wp-json\/wp\/v2\/pages\/3786"}],"collection":[{"href":"https:\/\/fence2go.eu\/index.php\/wp-json\/wp\/v2\/pages"}],"about":[{"href":"https:\/\/fence2go.eu\/index.php\/wp-json\/wp\/v2\/types\/page"}],"author":[{"embeddable":true,"href":"https:\/\/fence2go.eu\/index.php\/wp-json\/wp\/v2\/users\/2"}],"replies":[{"embeddable":true,"href":"https:\/\/fence2go.eu\/index.php\/wp-json\/wp\/v2\/comments?post=3786"}],"version-history":[{"count":1,"href":"https:\/\/fence2go.eu\/index.php\/wp-json\/wp\/v2\/pages\/3786\/revisions"}],"predecessor-version":[{"id":3788,"href":"https:\/\/fence2go.eu\/index.php\/wp-json\/wp\/v2\/pages\/3786\/revisions\/3788"}],"wp:attachment":[{"href":"https:\/\/fence2go.eu\/index.php\/wp-json\/wp\/v2\/media?parent=3786"}],"curies":[{"name":"wp","href":"https:\/\/api.w.org\/{rel}","templated":true}]}}