{"id":3789,"date":"2019-07-01T10:03:37","date_gmt":"2019-07-01T09:03:37","guid":{"rendered":"http:\/\/fence2go.eu\/?page_id=3789"},"modified":"2019-07-01T10:03:37","modified_gmt":"2019-07-01T09:03:37","slug":"cloture-en-dalles-en-beton-latte-inclinee","status":"publish","type":"page","link":"https:\/\/fence2go.eu\/index.php\/cloture-en-dalles-en-beton-latte-inclinee\/","title":{"rendered":"Cl\u00f4ture en dalles en b\u00e9ton Latte inclin\u00e9e."},"content":{"rendered":"<p>Une impression de profondeur se d\u00e9gage de cette dalle car les lattes donnent \u00e0 penser qu&rsquo;elles se superposent. &nbsp;<\/p>\n<p>Cette dalle est disponible dans les dimensions suivantes :<\/p>\n<ul>\n<li>Dalle droite de longueur 2000 mm et hauteur 400 mm, avec une ou deux faces d\u00e9coratives<\/li>\n<li>Latte de finition au sommet de la cl\u00f4ture (option pour les dalles droites)<\/li>\n<li>Couleur anthracite, gris, gris clair, jaune, cr\u00e8me, brun clair, brun fonc\u00e9, b\u00e9ton naturel ou blanc cass\u00e9<\/li>\n<\/ul>\n<p><img loading=\"lazy\" width=\"174\" height=\"156\" class=\"size-full wp-image-3790 alignleft\" alt=\"\" src=\"http:\/\/fence2go.eu\/wp-content\/uploads\/2019\/07\/Latte-inclin\u00e9e-02.jpg\"><img loading=\"lazy\" width=\"137\" height=\"153\" class=\"size-full wp-image-3753 alignright\" alt=\"\" src=\"http:\/\/fence2go.eu\/wp-content\/uploads\/2019\/07\/Latte-inclin\u00e9e-01.jpg\"><\/p>\n","protected":false},"excerpt":{"rendered":"<p>Une impression de profondeur se d\u00e9gage de cette dalle car les lattes donnent \u00e0 penser qu&rsquo;elles se superposent. &nbsp; Cette dalle est disponible dans les dimensions suivantes : Dalle droite de longueur 2000 mm et hauteur 400 mm, avec une ou deux faces d\u00e9coratives Latte de finition au sommet de la cl\u00f4ture (option pour les [&hellip;]<\/p>\n","protected":false},"author":2,"featured_media":0,"parent":0,"menu_order":0,"comment_status":"closed","ping_status":"closed","template":"","meta":{"ngg_post_thumbnail":0},"_links":{"self":[{"href":"https:\/\/fence2go.eu\/index.php\/wp-json\/wp\/v2\/pages\/3789"}],"collection":[{"href":"https:\/\/fence2go.eu\/index.php\/wp-json\/wp\/v2\/pages"}],"about":[{"href":"https:\/\/fence2go.eu\/index.php\/wp-json\/wp\/v2\/types\/page"}],"author":[{"embeddable":true,"href":"https:\/\/fence2go.eu\/index.php\/wp-json\/wp\/v2\/users\/2"}],"replies":[{"embeddable":true,"href":"https:\/\/fence2go.eu\/index.php\/wp-json\/wp\/v2\/comments?post=3789"}],"version-history":[{"count":1,"href":"https:\/\/fence2go.eu\/index.php\/wp-json\/wp\/v2\/pages\/3789\/revisions"}],"predecessor-version":[{"id":3791,"href":"https:\/\/fence2go.eu\/index.php\/wp-json\/wp\/v2\/pages\/3789\/revisions\/3791"}],"wp:attachment":[{"href":"https:\/\/fence2go.eu\/index.php\/wp-json\/wp\/v2\/media?parent=3789"}],"curies":[{"name":"wp","href":"https:\/\/api.w.org\/{rel}","templated":true}]}}