{"id":3792,"date":"2019-07-01T10:09:13","date_gmt":"2019-07-01T09:09:13","guid":{"rendered":"http:\/\/fence2go.eu\/?page_id=3792"},"modified":"2019-07-01T10:09:13","modified_gmt":"2019-07-01T09:09:13","slug":"cloture-en-dalles-en-beton-bois-tresse","status":"publish","type":"page","link":"https:\/\/fence2go.eu\/index.php\/cloture-en-dalles-en-beton-bois-tresse\/","title":{"rendered":"Cl\u00f4ture en dalles en b\u00e9ton Bois tress\u00e9."},"content":{"rendered":"<p>Le classique parmi les classiques, avec une durabilit\u00e9 sup\u00e9rieure \u00e0 son \u00e9quivalent en bois.<\/p>\n<p>Cette dalle est disponible dans les dimensions suivantes :<\/p>\n<ul>\n<li>Dalle droite de longueur 2000 mm et hauteur 400 mm, avec une ou deux faces d\u00e9coratives<\/li>\n<li>Dalle arrondie de longueur 2000 mm et hauteur 500 mm, avec une ou deux faces d\u00e9coratives<\/li>\n<li>Latte de finition au sommet de la cl\u00f4ture (option pour les dalles droites)<\/li>\n<li>Couleur anthracite, gris, gris clair, jaune, cr\u00e8me, brun clair, brun fonc\u00e9, b\u00e9ton naturel ou blanc cass\u00e9<\/li>\n<\/ul>\n<p><img loading=\"lazy\" width=\"234\" height=\"154\" class=\"size-full wp-image-3793 alignleft\" alt=\"\" src=\"http:\/\/fence2go.eu\/wp-content\/uploads\/2019\/07\/Bois-tress\u00e9-02.jpg\"><img loading=\"lazy\" width=\"135\" height=\"158\" class=\"size-full wp-image-3754 alignright\" alt=\"\" src=\"http:\/\/fence2go.eu\/wp-content\/uploads\/2019\/07\/Bois-tress\u00e9-01.jpg\"><\/p>\n","protected":false},"excerpt":{"rendered":"<p>Le classique parmi les classiques, avec une durabilit\u00e9 sup\u00e9rieure \u00e0 son \u00e9quivalent en bois. Cette dalle est disponible dans les dimensions suivantes : Dalle droite de longueur 2000 mm et hauteur 400 mm, avec une ou deux faces d\u00e9coratives Dalle arrondie de longueur 2000 mm et hauteur 500 mm, avec une ou deux faces d\u00e9coratives [&hellip;]<\/p>\n","protected":false},"author":2,"featured_media":0,"parent":0,"menu_order":0,"comment_status":"closed","ping_status":"closed","template":"","meta":{"ngg_post_thumbnail":0},"_links":{"self":[{"href":"https:\/\/fence2go.eu\/index.php\/wp-json\/wp\/v2\/pages\/3792"}],"collection":[{"href":"https:\/\/fence2go.eu\/index.php\/wp-json\/wp\/v2\/pages"}],"about":[{"href":"https:\/\/fence2go.eu\/index.php\/wp-json\/wp\/v2\/types\/page"}],"author":[{"embeddable":true,"href":"https:\/\/fence2go.eu\/index.php\/wp-json\/wp\/v2\/users\/2"}],"replies":[{"embeddable":true,"href":"https:\/\/fence2go.eu\/index.php\/wp-json\/wp\/v2\/comments?post=3792"}],"version-history":[{"count":1,"href":"https:\/\/fence2go.eu\/index.php\/wp-json\/wp\/v2\/pages\/3792\/revisions"}],"predecessor-version":[{"id":3794,"href":"https:\/\/fence2go.eu\/index.php\/wp-json\/wp\/v2\/pages\/3792\/revisions\/3794"}],"wp:attachment":[{"href":"https:\/\/fence2go.eu\/index.php\/wp-json\/wp\/v2\/media?parent=3792"}],"curies":[{"name":"wp","href":"https:\/\/api.w.org\/{rel}","templated":true}]}}