{"id":3795,"date":"2019-07-01T10:12:34","date_gmt":"2019-07-01T09:12:34","guid":{"rendered":"http:\/\/fence2go.eu\/?page_id=3795"},"modified":"2019-07-01T10:13:13","modified_gmt":"2019-07-01T09:13:13","slug":"cloture-en-dalles-en-beton-bois-non-tresse","status":"publish","type":"page","link":"https:\/\/fence2go.eu\/index.php\/cloture-en-dalles-en-beton-bois-non-tresse\/","title":{"rendered":"Cl\u00f4ture en dalles en b\u00e9ton Bois non tress\u00e9."},"content":{"rendered":"<p>Une impression de profondeur se d\u00e9gage de cette dalle,&nbsp; car les lattes donnent \u00e0 penser qu&rsquo;elles se superposent.<\/p>\n<p>Cette dalle est disponible dans les dimensions suivantes :<\/p>\n<ul>\n<li>Dalle droite de longueur 2000 mm et hauteur 400 mm, avec une ou deux faces d\u00e9coratives<\/li>\n<li>Dalle arrondie de longueur 2000 mm et hauteur 500 mm, avec une ou deux faces d\u00e9coratives<\/li>\n<li>Latte de finition au sommet de la cl\u00f4ture (option pour les dalles droites)<\/li>\n<li>Couleur anthracite, gris, gris clair, jaune, cr\u00e8me, brun clair, brun fonc\u00e9, b\u00e9ton naturel ou blanc cass\u00e9<\/li>\n<\/ul>\n<p><img loading=\"lazy\" width=\"275\" height=\"153\" class=\"size-full wp-image-3796 alignleft\" alt=\"\" src=\"http:\/\/fence2go.eu\/wp-content\/uploads\/2019\/07\/Bois-non-tress\u00e9-02.jpg\"><img loading=\"lazy\" width=\"129\" height=\"152\" class=\"size-full wp-image-3755 alignright\" alt=\"\" src=\"http:\/\/fence2go.eu\/wp-content\/uploads\/2019\/07\/Bois-non-tress\u00e9-01.jpg\"><\/p>\n","protected":false},"excerpt":{"rendered":"<p>Une impression de profondeur se d\u00e9gage de cette dalle,&nbsp; car les lattes donnent \u00e0 penser qu&rsquo;elles se superposent. Cette dalle est disponible dans les dimensions suivantes : Dalle droite de longueur 2000 mm et hauteur 400 mm, avec une ou deux faces d\u00e9coratives Dalle arrondie de longueur 2000 mm et hauteur 500 mm, avec une [&hellip;]<\/p>\n","protected":false},"author":2,"featured_media":0,"parent":0,"menu_order":0,"comment_status":"closed","ping_status":"closed","template":"","meta":{"ngg_post_thumbnail":0},"_links":{"self":[{"href":"https:\/\/fence2go.eu\/index.php\/wp-json\/wp\/v2\/pages\/3795"}],"collection":[{"href":"https:\/\/fence2go.eu\/index.php\/wp-json\/wp\/v2\/pages"}],"about":[{"href":"https:\/\/fence2go.eu\/index.php\/wp-json\/wp\/v2\/types\/page"}],"author":[{"embeddable":true,"href":"https:\/\/fence2go.eu\/index.php\/wp-json\/wp\/v2\/users\/2"}],"replies":[{"embeddable":true,"href":"https:\/\/fence2go.eu\/index.php\/wp-json\/wp\/v2\/comments?post=3795"}],"version-history":[{"count":1,"href":"https:\/\/fence2go.eu\/index.php\/wp-json\/wp\/v2\/pages\/3795\/revisions"}],"predecessor-version":[{"id":3797,"href":"https:\/\/fence2go.eu\/index.php\/wp-json\/wp\/v2\/pages\/3795\/revisions\/3797"}],"wp:attachment":[{"href":"https:\/\/fence2go.eu\/index.php\/wp-json\/wp\/v2\/media?parent=3795"}],"curies":[{"name":"wp","href":"https:\/\/api.w.org\/{rel}","templated":true}]}}