{"id":38,"date":"2018-11-20T20:24:55","date_gmt":"2018-11-20T20:24:55","guid":{"rendered":"http:\/\/fence2go.eu\/?page_id=38"},"modified":"2018-12-18T13:38:50","modified_gmt":"2018-12-18T12:38:50","slug":"portes-pivotantes","status":"publish","type":"page","link":"https:\/\/fence2go.eu\/index.php\/portes-pivotantes\/","title":{"rendered":"Portes pivotantes"},"content":{"rendered":"<p>Une <strong>porte pivotante<\/strong> est un moyen simple d&rsquo;acc\u00e9der \u00e0 un site priv\u00e9 ou industriel.\u00a0 Sous la d\u00e9nomination portillon, elle se compose d&rsquo;un seul vantail.\u00a0 Un portail sera quant \u00e0 lui compos\u00e9 de deux voire plusieurs vantaux.<\/p>\n<p><img loading=\"lazy\" class=\"alignnone size-medium wp-image-322\" src=\"http:\/\/fence2go.eu\/wp-content\/uploads\/2018\/11\/Portail-pivotant-Style-AW.10.20-avec-t\u00f4le-au-bas-01-300x225.jpg\" alt=\"\" width=\"300\" height=\"225\" srcset=\"https:\/\/fence2go.eu\/wp-content\/uploads\/2018\/11\/Portail-pivotant-Style-AW.10.20-avec-t\u00f4le-au-bas-01-300x225.jpg 300w, https:\/\/fence2go.eu\/wp-content\/uploads\/2018\/11\/Portail-pivotant-Style-AW.10.20-avec-t\u00f4le-au-bas-01-768x576.jpg 768w, https:\/\/fence2go.eu\/wp-content\/uploads\/2018\/11\/Portail-pivotant-Style-AW.10.20-avec-t\u00f4le-au-bas-01-1024x768.jpg 1024w, https:\/\/fence2go.eu\/wp-content\/uploads\/2018\/11\/Portail-pivotant-Style-AW.10.20-avec-t\u00f4le-au-bas-01.jpg 2048w\" sizes=\"(max-width: 300px) 100vw, 300px\" \/><\/p>\n<p>De <strong>nombreux habillages diff\u00e9rents<\/strong> permettent de r\u00e9pondre \u00e0 la plupart des demandes.<\/p>\n<p>Une porte pivotante est pos\u00e9e dans la plupart des cas sur des poteaux en acier, mais il arrive qu&rsquo;elle le soit sur la ma\u00e7onnerie, \u00e0 l&rsquo;aide de charni\u00e8res murales.<\/p>\n<p>Une <strong>porte pivotante<\/strong> est par d\u00e9faut <strong>manuelle<\/strong> et est alors pourvue d&rsquo;une serrure.\u00a0 En version <strong>motoris\u00e9e<\/strong>, elle sera alors d\u00e9pourvue de serrure.<\/p>\n<p>Dans un site public avec acc\u00e8s pour des v\u00e9hicules, une ouverture de minimum 4000 mm sera souvent requise.<\/p>\n<figure id=\"attachment_1619\" aria-describedby=\"caption-attachment-1619\" style=\"width: 250px\" class=\"wp-caption alignleft\"><a href=\"http:\/\/fence2go.eu\/index.php\/portillon-et-portail-pivotants\/\"><img loading=\"lazy\" class=\"wp-image-1619\" src=\"http:\/\/fence2go.eu\/wp-content\/uploads\/2018\/12\/Portail-pivotant-Modern-10.104-03-300x225.jpg\" alt=\"\" width=\"250\" height=\"188\" srcset=\"https:\/\/fence2go.eu\/wp-content\/uploads\/2018\/12\/Portail-pivotant-Modern-10.104-03-300x225.jpg 300w, https:\/\/fence2go.eu\/wp-content\/uploads\/2018\/12\/Portail-pivotant-Modern-10.104-03-768x576.jpg 768w, https:\/\/fence2go.eu\/wp-content\/uploads\/2018\/12\/Portail-pivotant-Modern-10.104-03-1024x768.jpg 1024w\" sizes=\"(max-width: 250px) 100vw, 250px\" \/><\/a><figcaption id=\"caption-attachment-1619\" class=\"wp-caption-text\">D\u00e9couvrir la gamme r\u00e9sidentielle<\/figcaption><\/figure>\n<p>&nbsp;<\/p>\n<figure id=\"attachment_1620\" aria-describedby=\"caption-attachment-1620\" style=\"width: 250px\" class=\"wp-caption alignright\"><a href=\"http:\/\/fence2go.eu\/index.php\/portes-pivotantes-industrielles\/\"><img loading=\"lazy\" class=\"wp-image-1620\" src=\"http:\/\/fence2go.eu\/wp-content\/uploads\/2018\/12\/Portail-pivotant-industriel-3-vantaux-01-300x225.jpg\" alt=\"\" width=\"250\" height=\"188\" srcset=\"https:\/\/fence2go.eu\/wp-content\/uploads\/2018\/12\/Portail-pivotant-industriel-3-vantaux-01-300x225.jpg 300w, https:\/\/fence2go.eu\/wp-content\/uploads\/2018\/12\/Portail-pivotant-industriel-3-vantaux-01-768x576.jpg 768w, https:\/\/fence2go.eu\/wp-content\/uploads\/2018\/12\/Portail-pivotant-industriel-3-vantaux-01-1024x768.jpg 1024w\" sizes=\"(max-width: 250px) 100vw, 250px\" \/><\/a><figcaption id=\"caption-attachment-1620\" class=\"wp-caption-text\">D\u00e9couvrir la gamme industrielle<\/figcaption><\/figure>\n<p>&nbsp;<\/p>\n<p>&nbsp;<\/p>\n<p>&nbsp;<\/p>\n<p>&nbsp;<\/p>\n<p>&nbsp;<\/p>\n<p>&nbsp;<\/p>\n<p>&nbsp;<\/p>\n<p>&nbsp;<\/p>\n<p>&nbsp;<\/p>\n","protected":false},"excerpt":{"rendered":"<p>Une porte pivotante est un moyen simple d&rsquo;acc\u00e9der \u00e0 un site priv\u00e9 ou industriel.\u00a0 Sous la d\u00e9nomination portillon, elle se compose d&rsquo;un seul vantail.\u00a0 Un portail sera quant \u00e0 lui compos\u00e9 de deux voire plusieurs vantaux. De nombreux habillages diff\u00e9rents permettent de r\u00e9pondre \u00e0 la plupart des demandes. Une porte pivotante est pos\u00e9e dans la [&hellip;]<\/p>\n","protected":false},"author":1,"featured_media":0,"parent":0,"menu_order":0,"comment_status":"closed","ping_status":"closed","template":"","meta":{"ngg_post_thumbnail":0},"_links":{"self":[{"href":"https:\/\/fence2go.eu\/index.php\/wp-json\/wp\/v2\/pages\/38"}],"collection":[{"href":"https:\/\/fence2go.eu\/index.php\/wp-json\/wp\/v2\/pages"}],"about":[{"href":"https:\/\/fence2go.eu\/index.php\/wp-json\/wp\/v2\/types\/page"}],"author":[{"embeddable":true,"href":"https:\/\/fence2go.eu\/index.php\/wp-json\/wp\/v2\/users\/1"}],"replies":[{"embeddable":true,"href":"https:\/\/fence2go.eu\/index.php\/wp-json\/wp\/v2\/comments?post=38"}],"version-history":[{"count":6,"href":"https:\/\/fence2go.eu\/index.php\/wp-json\/wp\/v2\/pages\/38\/revisions"}],"predecessor-version":[{"id":2814,"href":"https:\/\/fence2go.eu\/index.php\/wp-json\/wp\/v2\/pages\/38\/revisions\/2814"}],"wp:attachment":[{"href":"https:\/\/fence2go.eu\/index.php\/wp-json\/wp\/v2\/media?parent=38"}],"curies":[{"name":"wp","href":"https:\/\/api.w.org\/{rel}","templated":true}]}}