{"id":3804,"date":"2019-07-01T10:25:53","date_gmt":"2019-07-01T09:25:53","guid":{"rendered":"http:\/\/fence2go.eu\/?page_id=3804"},"modified":"2019-07-01T11:03:01","modified_gmt":"2019-07-01T10:03:01","slug":"cloture-en-dalles-en-beton-lisse","status":"publish","type":"page","link":"https:\/\/fence2go.eu\/index.php\/cloture-en-dalles-en-beton-lisse\/","title":{"rendered":"Cl\u00f4ture en dalles en b\u00e9ton lisse."},"content":{"rendered":"<p>La dalle pr\u00e9sent\u00e9e dans cette rubrique est la dalle traditionnelle lisse.<\/p>\n<p>Cette dalle est disponible dans les dimensions suivantes :<\/p>\n<ul>\n<li>Dalle droite de longueur 2000 mm et hauteur 400 mm (*)(**)<\/li>\n<li>Dalle droite de longueur 2500 mm et hauteur 300 mm (*)<\/li>\n<li>Dalle droite renforc\u00e9e, de longueur 2000 mm et hauteur 400 mm (*)<\/li>\n<li>Couleur b\u00e9ton naturel (*)<\/li>\n<li>Couleur anthracite, gris, gris clair, jaune, cr\u00e8me, brun clair, brun fonc\u00e9, b\u00e9ton naturel ou blanc cass\u00e9 (**)<\/li>\n<\/ul>\n<p><img loading=\"lazy\" width=\"81\" height=\"80\" class=\"size-full wp-image-3805 alignleft\" alt=\"\" src=\"http:\/\/fence2go.eu\/wp-content\/uploads\/2019\/07\/B\u00e9ton-lisse-01.jpg\"><img loading=\"lazy\" width=\"85\" height=\"76\" class=\"size-full wp-image-3806 alignright\" alt=\"\" src=\"http:\/\/fence2go.eu\/wp-content\/uploads\/2019\/07\/Dalle-en-b\u00e9ton-renforc\u00e9-01.jpg\"><\/p>\n","protected":false},"excerpt":{"rendered":"<p>La dalle pr\u00e9sent\u00e9e dans cette rubrique est la dalle traditionnelle lisse. Cette dalle est disponible dans les dimensions suivantes : Dalle droite de longueur 2000 mm et hauteur 400 mm (*)(**) Dalle droite de longueur 2500 mm et hauteur 300 mm (*) Dalle droite renforc\u00e9e, de longueur 2000 mm et hauteur 400 mm (*) Couleur [&hellip;]<\/p>\n","protected":false},"author":2,"featured_media":0,"parent":0,"menu_order":0,"comment_status":"closed","ping_status":"closed","template":"","meta":{"ngg_post_thumbnail":0},"_links":{"self":[{"href":"https:\/\/fence2go.eu\/index.php\/wp-json\/wp\/v2\/pages\/3804"}],"collection":[{"href":"https:\/\/fence2go.eu\/index.php\/wp-json\/wp\/v2\/pages"}],"about":[{"href":"https:\/\/fence2go.eu\/index.php\/wp-json\/wp\/v2\/types\/page"}],"author":[{"embeddable":true,"href":"https:\/\/fence2go.eu\/index.php\/wp-json\/wp\/v2\/users\/2"}],"replies":[{"embeddable":true,"href":"https:\/\/fence2go.eu\/index.php\/wp-json\/wp\/v2\/comments?post=3804"}],"version-history":[{"count":2,"href":"https:\/\/fence2go.eu\/index.php\/wp-json\/wp\/v2\/pages\/3804\/revisions"}],"predecessor-version":[{"id":3821,"href":"https:\/\/fence2go.eu\/index.php\/wp-json\/wp\/v2\/pages\/3804\/revisions\/3821"}],"wp:attachment":[{"href":"https:\/\/fence2go.eu\/index.php\/wp-json\/wp\/v2\/media?parent=3804"}],"curies":[{"name":"wp","href":"https:\/\/api.w.org\/{rel}","templated":true}]}}