{"id":3808,"date":"2019-07-01T10:35:57","date_gmt":"2019-07-01T09:35:57","guid":{"rendered":"http:\/\/fence2go.eu\/?page_id=3808"},"modified":"2019-07-01T10:35:57","modified_gmt":"2019-07-01T09:35:57","slug":"cloture-en-panneau-en-pin-pretraite-a-lames-horizontales","status":"publish","type":"page","link":"https:\/\/fence2go.eu\/index.php\/cloture-en-panneau-en-pin-pretraite-a-lames-horizontales\/","title":{"rendered":"Cl\u00f4ture en panneau en pin pr\u00e9trait\u00e9, \u00e0 lames horizontales."},"content":{"rendered":"<p>Cette cl\u00f4ture se compose d&rsquo;un panneau en pin pr\u00e9trait\u00e9 \u00e0 lames horizontales, assembl\u00e9 avec des lisses en inox.<\/p>\n<p>Chaque panneau \u00e0 une longueur de 1990 mm et vient s&rsquo;intercaler entre 2 poteaux en b\u00e9ton.<\/p>\n<p>&nbsp;<\/p>\n<p>Ce panneau en pin est disponible avec les caract\u00e9ristiques suivantes :<\/p>\n<ul>\n<li>Panneau droit ou arrondi en son sommet<\/li>\n<li>Hauteurs 430, 750, 960, 11170, 1380, 1590, 1800, 2010 et 2310 mm<\/li>\n<li>Latte en T de longueur 1800 mm disponible en option, pour raccourcir un panneau<\/li>\n<li>Planche en pin 120&#215;1940 mm arrondie sur 2 c\u00f4t\u00e9s, en vrac<\/li>\n<\/ul>\n<p><img loading=\"lazy\" width=\"136\" height=\"94\" class=\"size-full wp-image-3809 alignleft\" alt=\"\" src=\"http:\/\/fence2go.eu\/wp-content\/uploads\/2019\/07\/Pin-lames-horizontales-01.jpg\"><img loading=\"lazy\" width=\"77\" height=\"98\" class=\"size-full wp-image-3810 alignright\" alt=\"\" src=\"http:\/\/fence2go.eu\/wp-content\/uploads\/2019\/07\/Pin-lames-horizontales-02.jpg\"><\/p>\n","protected":false},"excerpt":{"rendered":"<p>Cette cl\u00f4ture se compose d&rsquo;un panneau en pin pr\u00e9trait\u00e9 \u00e0 lames horizontales, assembl\u00e9 avec des lisses en inox. Chaque panneau \u00e0 une longueur de 1990 mm et vient s&rsquo;intercaler entre 2 poteaux en b\u00e9ton. &nbsp; Ce panneau en pin est disponible avec les caract\u00e9ristiques suivantes : Panneau droit ou arrondi en son sommet Hauteurs 430, [&hellip;]<\/p>\n","protected":false},"author":2,"featured_media":0,"parent":0,"menu_order":0,"comment_status":"closed","ping_status":"closed","template":"","meta":{"ngg_post_thumbnail":0},"_links":{"self":[{"href":"https:\/\/fence2go.eu\/index.php\/wp-json\/wp\/v2\/pages\/3808"}],"collection":[{"href":"https:\/\/fence2go.eu\/index.php\/wp-json\/wp\/v2\/pages"}],"about":[{"href":"https:\/\/fence2go.eu\/index.php\/wp-json\/wp\/v2\/types\/page"}],"author":[{"embeddable":true,"href":"https:\/\/fence2go.eu\/index.php\/wp-json\/wp\/v2\/users\/2"}],"replies":[{"embeddable":true,"href":"https:\/\/fence2go.eu\/index.php\/wp-json\/wp\/v2\/comments?post=3808"}],"version-history":[{"count":1,"href":"https:\/\/fence2go.eu\/index.php\/wp-json\/wp\/v2\/pages\/3808\/revisions"}],"predecessor-version":[{"id":3811,"href":"https:\/\/fence2go.eu\/index.php\/wp-json\/wp\/v2\/pages\/3808\/revisions\/3811"}],"wp:attachment":[{"href":"https:\/\/fence2go.eu\/index.php\/wp-json\/wp\/v2\/media?parent=3808"}],"curies":[{"name":"wp","href":"https:\/\/api.w.org\/{rel}","templated":true}]}}