{"id":3816,"date":"2019-07-01T10:51:15","date_gmt":"2019-07-01T09:51:15","guid":{"rendered":"http:\/\/fence2go.eu\/?page_id=3816"},"modified":"2019-07-01T10:51:15","modified_gmt":"2019-07-01T09:51:15","slug":"cloture-en-lames-en-pin-a-assembler-suivant-le-principe-tenon-mortaise","status":"publish","type":"page","link":"https:\/\/fence2go.eu\/index.php\/cloture-en-lames-en-pin-a-assembler-suivant-le-principe-tenon-mortaise\/","title":{"rendered":"Cl\u00f4ture en lames en pin \u00e0 assembler, suivant le principe tenon-mortaise."},"content":{"rendered":"<p>Cette cl\u00f4ture se compose de lames horizontales en pin assembl\u00e9es selon le principe tenon-mortaise. Chaque lame a une longueur de 1990 mm et vient s&rsquo;intercaler entre 2 poteaux en b\u00e9ton.<\/p>\n<p>Ces lames ont les caract\u00e9ristiques suivantes :<\/p>\n<p>&nbsp;<\/p>\n<ul>\n<li>Lame interm\u00e9diaire 135x40x2000 mm&nbsp;<\/li>\n<li>Lame sup\u00e9rieure arrondie 135x40x2000 mm<\/li>\n<li>Latte de fixation 58x22x1800 mm en option<\/li>\n<li>Latte de calage en V 30&#215;5-10&#215;2000 mm<\/li>\n<\/ul>\n<p><img loading=\"lazy\" width=\"98\" height=\"95\" class=\"size-full wp-image-3817 aligncenter\" alt=\"\" src=\"http:\/\/fence2go.eu\/wp-content\/uploads\/2019\/07\/Lames-horizontales-tenon-mortaise-01.jpg\"><\/p>\n<p><img loading=\"lazy\" width=\"159\" height=\"85\" class=\"size-full wp-image-3818 alignleft\" alt=\"\" src=\"http:\/\/fence2go.eu\/wp-content\/uploads\/2019\/07\/Latte-de-fixation-01.jpg\"><img loading=\"lazy\" width=\"44\" height=\"99\" class=\"size-full wp-image-3819 alignright\" alt=\"\" src=\"http:\/\/fence2go.eu\/wp-content\/uploads\/2019\/07\/Latte-de-calage-01.jpg\"><\/p>\n","protected":false},"excerpt":{"rendered":"<p>Cette cl\u00f4ture se compose de lames horizontales en pin assembl\u00e9es selon le principe tenon-mortaise. Chaque lame a une longueur de 1990 mm et vient s&rsquo;intercaler entre 2 poteaux en b\u00e9ton. Ces lames ont les caract\u00e9ristiques suivantes : &nbsp; Lame interm\u00e9diaire 135x40x2000 mm&nbsp; Lame sup\u00e9rieure arrondie 135x40x2000 mm Latte de fixation 58x22x1800 mm en option Latte [&hellip;]<\/p>\n","protected":false},"author":2,"featured_media":0,"parent":0,"menu_order":0,"comment_status":"closed","ping_status":"closed","template":"","meta":{"ngg_post_thumbnail":0},"_links":{"self":[{"href":"https:\/\/fence2go.eu\/index.php\/wp-json\/wp\/v2\/pages\/3816"}],"collection":[{"href":"https:\/\/fence2go.eu\/index.php\/wp-json\/wp\/v2\/pages"}],"about":[{"href":"https:\/\/fence2go.eu\/index.php\/wp-json\/wp\/v2\/types\/page"}],"author":[{"embeddable":true,"href":"https:\/\/fence2go.eu\/index.php\/wp-json\/wp\/v2\/users\/2"}],"replies":[{"embeddable":true,"href":"https:\/\/fence2go.eu\/index.php\/wp-json\/wp\/v2\/comments?post=3816"}],"version-history":[{"count":1,"href":"https:\/\/fence2go.eu\/index.php\/wp-json\/wp\/v2\/pages\/3816\/revisions"}],"predecessor-version":[{"id":3820,"href":"https:\/\/fence2go.eu\/index.php\/wp-json\/wp\/v2\/pages\/3816\/revisions\/3820"}],"wp:attachment":[{"href":"https:\/\/fence2go.eu\/index.php\/wp-json\/wp\/v2\/media?parent=3816"}],"curies":[{"name":"wp","href":"https:\/\/api.w.org\/{rel}","templated":true}]}}