{"id":3823,"date":"2019-07-01T11:10:27","date_gmt":"2019-07-01T10:10:27","guid":{"rendered":"http:\/\/fence2go.eu\/?page_id=3823"},"modified":"2019-07-01T11:10:51","modified_gmt":"2019-07-01T10:10:51","slug":"cloture-en-beton-avec-panneaux-en-bois","status":"publish","type":"page","link":"https:\/\/fence2go.eu\/index.php\/cloture-en-beton-avec-panneaux-en-bois\/","title":{"rendered":"Cl\u00f4ture en b\u00e9ton avec panneaux en bois."},"content":{"rendered":"<p>A c\u00f4t\u00e9 de la cl\u00f4ture 100% b\u00e9ton, ont trouve aussi des panneaux de bois, en pin.&nbsp;<\/p>\n<p>Ces derniers sont disponibles en lames horizontales ou verticales, mais aussi \u00e0 embo\u00eetement selon le principe tenon-mortaise.&nbsp;<\/p>\n<p>Ces trois types d&rsquo;ex\u00e9cutions se montent entre 2 poteaux rainur\u00e9s en b\u00e9ton, avec une dalle \u00e0 la base.<\/p>\n<p>&nbsp;<\/p>\n<figure id=\"attachment_3809\" aria-describedby=\"caption-attachment-3809\" style=\"width: 136px\" class=\"wp-caption aligncenter\"><a href=\"http:\/\/fence2go.eu\/index.php\/cloture-en-panneau-en-pin-pretraite-a-lames-horizontales\/\"><img loading=\"lazy\" width=\"136\" height=\"94\" class=\"wp-image-3809 size-full\" alt=\"\" src=\"http:\/\/fence2go.eu\/wp-content\/uploads\/2019\/07\/Pin-lames-horizontales-01.jpg\"><\/a><figcaption id=\"caption-attachment-3809\" class=\"wp-caption-text\">Panneau en bois \u00e0 lames horizontales<\/figcaption><\/figure>\n<figure id=\"attachment_3813\" aria-describedby=\"caption-attachment-3813\" style=\"width: 129px\" class=\"wp-caption aligncenter\"><a href=\"http:\/\/fence2go.eu\/index.php\/cloture-en-panneau-en-pin-pretraite-a-lames-verticales\/\"><img loading=\"lazy\" width=\"129\" height=\"97\" class=\"wp-image-3813 size-full\" alt=\"\" src=\"http:\/\/fence2go.eu\/wp-content\/uploads\/2019\/07\/Pin-lames-verticales-01.jpg\"><\/a><figcaption id=\"caption-attachment-3813\" class=\"wp-caption-text\">Panneau en bois \u00e0 lames verticales<\/figcaption><\/figure>\n<p>&nbsp;<\/p>\n<figure id=\"attachment_3817\" aria-describedby=\"caption-attachment-3817\" style=\"width: 98px\" class=\"wp-caption aligncenter\"><a href=\"http:\/\/fence2go.eu\/index.php\/cloture-en-lames-en-pin-a-assembler-suivant-le-principe-tenon-mortaise\/\"><img loading=\"lazy\" width=\"98\" height=\"95\" class=\"wp-image-3817 size-full\" alt=\"\" src=\"http:\/\/fence2go.eu\/wp-content\/uploads\/2019\/07\/Lames-horizontales-tenon-mortaise-01.jpg\"><\/a><figcaption id=\"caption-attachment-3817\" class=\"wp-caption-text\">Lames en bois \u00e0 embo\u00eeter selon le principe tenon-mortaise<\/figcaption><\/figure>\n<p>&nbsp;<\/p>\n","protected":false},"excerpt":{"rendered":"<p>A c\u00f4t\u00e9 de la cl\u00f4ture 100% b\u00e9ton, ont trouve aussi des panneaux de bois, en pin.&nbsp; Ces derniers sont disponibles en lames horizontales ou verticales, mais aussi \u00e0 embo\u00eetement selon le principe tenon-mortaise.&nbsp; Ces trois types d&rsquo;ex\u00e9cutions se montent entre 2 poteaux rainur\u00e9s en b\u00e9ton, avec une dalle \u00e0 la base. &nbsp; &nbsp; &nbsp;<\/p>\n","protected":false},"author":2,"featured_media":0,"parent":0,"menu_order":0,"comment_status":"closed","ping_status":"closed","template":"","meta":{"ngg_post_thumbnail":0},"_links":{"self":[{"href":"https:\/\/fence2go.eu\/index.php\/wp-json\/wp\/v2\/pages\/3823"}],"collection":[{"href":"https:\/\/fence2go.eu\/index.php\/wp-json\/wp\/v2\/pages"}],"about":[{"href":"https:\/\/fence2go.eu\/index.php\/wp-json\/wp\/v2\/types\/page"}],"author":[{"embeddable":true,"href":"https:\/\/fence2go.eu\/index.php\/wp-json\/wp\/v2\/users\/2"}],"replies":[{"embeddable":true,"href":"https:\/\/fence2go.eu\/index.php\/wp-json\/wp\/v2\/comments?post=3823"}],"version-history":[{"count":1,"href":"https:\/\/fence2go.eu\/index.php\/wp-json\/wp\/v2\/pages\/3823\/revisions"}],"predecessor-version":[{"id":3824,"href":"https:\/\/fence2go.eu\/index.php\/wp-json\/wp\/v2\/pages\/3823\/revisions\/3824"}],"wp:attachment":[{"href":"https:\/\/fence2go.eu\/index.php\/wp-json\/wp\/v2\/media?parent=3823"}],"curies":[{"name":"wp","href":"https:\/\/api.w.org\/{rel}","templated":true}]}}