{"id":3825,"date":"2019-07-01T11:16:36","date_gmt":"2019-07-01T10:16:36","guid":{"rendered":"http:\/\/fence2go.eu\/?page_id=3825"},"modified":"2019-07-01T11:16:46","modified_gmt":"2019-07-01T10:16:46","slug":"clotures-en-beton","status":"publish","type":"page","link":"https:\/\/fence2go.eu\/index.php\/clotures-en-beton\/","title":{"rendered":"Cl\u00f4tures en b\u00e9ton."},"content":{"rendered":"<p>On la pensait pass\u00e9e de mode, mais la cl\u00f4ture en b\u00e9ton a encore de beaux jours devant elle, parce qu&rsquo;elle a su se r\u00e9inventer.<\/p>\n<p>Cette rubrique se limite aux cl\u00f4tures 100% en b\u00e9ton et celles \u00e0 poteaux en b\u00e9ton avec habillage en pin.<\/p>\n<p>&nbsp;<\/p>\n<figure id=\"attachment_3796\" aria-describedby=\"caption-attachment-3796\" style=\"width: 275px\" class=\"wp-caption aligncenter\"><a href=\"http:\/\/fence2go.eu\/index.php\/cloture-en-dalles-en-beton\/\"><img loading=\"lazy\" width=\"275\" height=\"153\" class=\"wp-image-3796 size-full\" alt=\"\" src=\"http:\/\/fence2go.eu\/wp-content\/uploads\/2019\/07\/Bois-non-tress\u00e9-02.jpg\"><\/a><figcaption id=\"caption-attachment-3796\" class=\"wp-caption-text\">Cl\u00f4tures 100% en b\u00e9ton<\/figcaption><\/figure>\n<figure id=\"attachment_3813\" aria-describedby=\"caption-attachment-3813\" style=\"width: 275px\" class=\"wp-caption aligncenter\"><a href=\"http:\/\/fence2go.eu\/index.php\/cloture-en-beton-avec-panneaux-en-bois\/\"><img loading=\"lazy\" width=\"275\" height=\"207\" class=\"wp-image-3813\" alt=\"\" src=\"http:\/\/fence2go.eu\/wp-content\/uploads\/2019\/07\/Pin-lames-verticales-01.jpg\"><\/a><figcaption id=\"caption-attachment-3813\" class=\"wp-caption-text\">Cl\u00f4tures en b\u00e9ton avec panneaux en bois<\/figcaption><\/figure>\n","protected":false},"excerpt":{"rendered":"<p>On la pensait pass\u00e9e de mode, mais la cl\u00f4ture en b\u00e9ton a encore de beaux jours devant elle, parce qu&rsquo;elle a su se r\u00e9inventer. Cette rubrique se limite aux cl\u00f4tures 100% en b\u00e9ton et celles \u00e0 poteaux en b\u00e9ton avec habillage en pin. &nbsp;<\/p>\n","protected":false},"author":2,"featured_media":0,"parent":0,"menu_order":0,"comment_status":"closed","ping_status":"closed","template":"","meta":{"ngg_post_thumbnail":0},"_links":{"self":[{"href":"https:\/\/fence2go.eu\/index.php\/wp-json\/wp\/v2\/pages\/3825"}],"collection":[{"href":"https:\/\/fence2go.eu\/index.php\/wp-json\/wp\/v2\/pages"}],"about":[{"href":"https:\/\/fence2go.eu\/index.php\/wp-json\/wp\/v2\/types\/page"}],"author":[{"embeddable":true,"href":"https:\/\/fence2go.eu\/index.php\/wp-json\/wp\/v2\/users\/2"}],"replies":[{"embeddable":true,"href":"https:\/\/fence2go.eu\/index.php\/wp-json\/wp\/v2\/comments?post=3825"}],"version-history":[{"count":1,"href":"https:\/\/fence2go.eu\/index.php\/wp-json\/wp\/v2\/pages\/3825\/revisions"}],"predecessor-version":[{"id":3826,"href":"https:\/\/fence2go.eu\/index.php\/wp-json\/wp\/v2\/pages\/3825\/revisions\/3826"}],"wp:attachment":[{"href":"https:\/\/fence2go.eu\/index.php\/wp-json\/wp\/v2\/media?parent=3825"}],"curies":[{"name":"wp","href":"https:\/\/api.w.org\/{rel}","templated":true}]}}