{"id":3883,"date":"2020-07-31T11:16:56","date_gmt":"2020-07-31T10:16:56","guid":{"rendered":"http:\/\/fence2go.eu\/?page_id=3883"},"modified":"2020-07-31T13:23:36","modified_gmt":"2020-07-31T12:23:36","slug":"portails-pivotants-modern-aw-10-128","status":"publish","type":"page","link":"https:\/\/fence2go.eu\/index.php\/portails-pivotants-modern-aw-10-128\/","title":{"rendered":"Portails pivotants Modern AW.10.128."},"content":{"rendered":"\n<div class=\"wp-block-image\"><figure class=\"alignleft size-large is-resized\"><img loading=\"lazy\" src=\"http:\/\/fence2go.eu\/wp-content\/uploads\/2020\/07\/Brama-dwuskrzyd\u0142owa-AW.08.128-1024x791.jpg\" alt=\"\" class=\"wp-image-3849\" width=\"267\" height=\"206\" srcset=\"https:\/\/fence2go.eu\/wp-content\/uploads\/2020\/07\/Brama-dwuskrzyd\u0142owa-AW.08.128-1024x791.jpg 1024w, https:\/\/fence2go.eu\/wp-content\/uploads\/2020\/07\/Brama-dwuskrzyd\u0142owa-AW.08.128-300x232.jpg 300w, https:\/\/fence2go.eu\/wp-content\/uploads\/2020\/07\/Brama-dwuskrzyd\u0142owa-AW.08.128-768x593.jpg 768w, https:\/\/fence2go.eu\/wp-content\/uploads\/2020\/07\/Brama-dwuskrzyd\u0142owa-AW.08.128-1536x1186.jpg 1536w, https:\/\/fence2go.eu\/wp-content\/uploads\/2020\/07\/Brama-dwuskrzyd\u0142owa-AW.08.128-2048x1582.jpg 2048w\" sizes=\"(max-width: 267px) 100vw, 267px\" \/><\/figure><\/div>\n\n\n\n<p>Cadre 40\u00d740 mm<br>Panneau plein, avec plusieurs ouvertures sur toute la largeur<br>Espace de 100 mm entre le soubassement et le sol<br>Poteaux carr\u00e9s \u00e0 b\u00e9tonner \u00e0 une profondeur de 600 mm<br>Platines disponibles en option, sauf pour poteaux de 160x160x4 mm<br>Serrure int\u00e9gr\u00e9e, livr\u00e9e avec 3 cl\u00e9s<br>Finition galvanis\u00e9e et plastifi\u00e9e<\/p>\n\n\n\n<p>Largeurs standard portillons : 1000, 1200 et 1350 mm.<br>Largeurs standard portails : 3000, 4000, 5000 et 6000 mm.<\/p>\n\n\n\n<p>Hauteurs standard pos\u00e9es (incluant 100 mm de jeu sous le panneau) : 1150, 1400, 1650, 1900 et 2150 mm.<\/p>\n\n\n\n<p>Disponible uniquement en version sup\u00e9rieure droite.<\/p>\n\n\n\n<p>Couleurs standard : bleu gentiane RAL 5010 mat, vert mousse RAL 6005 mat, gris anthracite RAL 7016 mat, gris pierre RAL 7030 mat, brun s\u00e9pia RAL 8014, brun gris RAL 8019, noir mat et mat structur\u00e9 RAL 9005.<\/p>\n\n\n\n<p>Couleurs non-standard moyennant suppl\u00e9ment : rouge vin RAL 3005 mat, gris fen\u00eatre RAL 7040 mat, brun chocolat RAL 8017 mat et blanc RAL 9016 mat.<\/p>\n\n\n\n<p>Couleurs non-standard issues de la gamme Home Inclusive 2.0 : HIEarth (Smoke Green, Willow Green, Fern Green, Deep Green), HISteel (True Blue, Marina Horizon, Anthracite, Modern Graphite), HIStone (Comfort Grey, Warm Stone, Quartz Grey, Brown Stone), HIRuby (Moody Coral, Flame Red, Modern Maroon, Deep Brown).<\/p>\n\n\n\n<figure class=\"wp-block-image size-large is-resized\"><a href=\"http:\/\/fence2go.eu\/index.php\/cloture-barreaudee-modern-aw-10-128\/\"><img loading=\"lazy\" src=\"http:\/\/fence2go.eu\/wp-content\/uploads\/2020\/07\/Segment-AW.10.128-927x1024.jpg\" alt=\"\" class=\"wp-image-3861\" width=\"267\" height=\"294\" srcset=\"https:\/\/fence2go.eu\/wp-content\/uploads\/2020\/07\/Segment-AW.10.128-927x1024.jpg 927w, https:\/\/fence2go.eu\/wp-content\/uploads\/2020\/07\/Segment-AW.10.128-272x300.jpg 272w, https:\/\/fence2go.eu\/wp-content\/uploads\/2020\/07\/Segment-AW.10.128-768x848.jpg 768w, https:\/\/fence2go.eu\/wp-content\/uploads\/2020\/07\/Segment-AW.10.128-1391x1536.jpg 1391w, https:\/\/fence2go.eu\/wp-content\/uploads\/2020\/07\/Segment-AW.10.128-1854x2048.jpg 1854w\" sizes=\"(max-width: 267px) 100vw, 267px\" \/><\/a><figcaption>Cl\u00f4ture barreaud\u00e9e assortie<\/figcaption><\/figure>\n\n\n\n<figure class=\"wp-block-image size-large is-resized\"><a href=\"http:\/\/fence2go.eu\/index.php\/portail-coulissant-autoportant-modern-aw-10-128\/\"><img loading=\"lazy\" src=\"http:\/\/fence2go.eu\/wp-content\/uploads\/2020\/07\/Brama-Przesuwna-21.128-1024x754.jpg\" alt=\"\" class=\"wp-image-3852\" width=\"267\" height=\"197\" srcset=\"https:\/\/fence2go.eu\/wp-content\/uploads\/2020\/07\/Brama-Przesuwna-21.128-1024x754.jpg 1024w, https:\/\/fence2go.eu\/wp-content\/uploads\/2020\/07\/Brama-Przesuwna-21.128-300x221.jpg 300w, https:\/\/fence2go.eu\/wp-content\/uploads\/2020\/07\/Brama-Przesuwna-21.128-768x565.jpg 768w, https:\/\/fence2go.eu\/wp-content\/uploads\/2020\/07\/Brama-Przesuwna-21.128-1536x1131.jpg 1536w, https:\/\/fence2go.eu\/wp-content\/uploads\/2020\/07\/Brama-Przesuwna-21.128-2048x1508.jpg 2048w\" sizes=\"(max-width: 267px) 100vw, 267px\" \/><\/a><figcaption>Portail coulissant autoportant assorti<\/figcaption><\/figure>\n\n\n\n<p><\/p>\n","protected":false},"excerpt":{"rendered":"<p>Cadre 40\u00d740 mmPanneau plein, avec plusieurs ouvertures sur toute la largeurEspace de 100 mm entre le soubassement et le solPoteaux carr\u00e9s \u00e0 b\u00e9tonner \u00e0 une profondeur de 600 mmPlatines disponibles en option, sauf pour poteaux de 160x160x4 mmSerrure int\u00e9gr\u00e9e, livr\u00e9e avec 3 cl\u00e9sFinition galvanis\u00e9e et plastifi\u00e9e Largeurs standard portillons : 1000, 1200 et 1350 mm.Largeurs [&hellip;]<\/p>\n","protected":false},"author":2,"featured_media":0,"parent":0,"menu_order":0,"comment_status":"closed","ping_status":"closed","template":"","meta":{"ngg_post_thumbnail":0},"_links":{"self":[{"href":"https:\/\/fence2go.eu\/index.php\/wp-json\/wp\/v2\/pages\/3883"}],"collection":[{"href":"https:\/\/fence2go.eu\/index.php\/wp-json\/wp\/v2\/pages"}],"about":[{"href":"https:\/\/fence2go.eu\/index.php\/wp-json\/wp\/v2\/types\/page"}],"author":[{"embeddable":true,"href":"https:\/\/fence2go.eu\/index.php\/wp-json\/wp\/v2\/users\/2"}],"replies":[{"embeddable":true,"href":"https:\/\/fence2go.eu\/index.php\/wp-json\/wp\/v2\/comments?post=3883"}],"version-history":[{"count":2,"href":"https:\/\/fence2go.eu\/index.php\/wp-json\/wp\/v2\/pages\/3883\/revisions"}],"predecessor-version":[{"id":3923,"href":"https:\/\/fence2go.eu\/index.php\/wp-json\/wp\/v2\/pages\/3883\/revisions\/3923"}],"wp:attachment":[{"href":"https:\/\/fence2go.eu\/index.php\/wp-json\/wp\/v2\/media?parent=3883"}],"curies":[{"name":"wp","href":"https:\/\/api.w.org\/{rel}","templated":true}]}}