{"id":407,"date":"2018-11-27T12:44:47","date_gmt":"2018-11-27T11:44:47","guid":{"rendered":"http:\/\/fence2go.eu\/?page_id=407"},"modified":"2018-12-14T11:28:32","modified_gmt":"2018-12-14T10:28:32","slug":"cloture-barreaudee-premium-aw-10-67","status":"publish","type":"page","link":"https:\/\/fence2go.eu\/index.php\/barreaudage\/barreaudage-pour-votre-domicile\/barreaudage-premium\/cloture-barreaudee-premium-aw-10-67\/","title":{"rendered":"Cl\u00f4ture barreaud\u00e9e Premium AW.10.67."},"content":{"rendered":"<p><img loading=\"lazy\" class=\"size-full wp-image-388 alignleft\" src=\"http:\/\/fence2go.eu\/wp-content\/uploads\/2018\/11\/Cl\u00f4ture-barreaud\u00e9e-Premium-AW.10.67.jpg\" alt=\"\" width=\"296\" height=\"215\" \/>El\u00e9ments soud\u00e9s comprenant :<br \/>\n3 lisses horizontales en tubes 30&#215;18 mm enserrant des carr\u00e9s de 12&#215;12 mm verticaux se terminant en pointes boules<br \/>\nLe panneau est arrondi en partie sup\u00e9rieure<br \/>\nDes barreaux interm\u00e9diaires concaves sont soud\u00e9s en partie basse.<br \/>\nLes barreaux sont termin\u00e9s en pointes boules<br \/>\nLe panneau est arrondi en partie sup\u00e9rieure<br \/>\nFixation sur des poteaux carr\u00e9s \u00e0 l&rsquo;aide de fixations aveugles<br \/>\nFinition galvanis\u00e9e et plastifi\u00e9e<\/p>\n<p>Largeurs standard : 2500 mm.<\/p>\n<p>Hauteurs standard pos\u00e9es (incluant 100 mm de jeu sous le panneau) : 1000, 1250, 1500 et 1800 mm.<\/p>\n<p>&nbsp;<\/p>\n<p>Disponible en version sup\u00e9rieure droite, concave et convexe.<\/p>\n<p>&nbsp;<\/p>\n<p>Couleurs standard : bleu gentiane RAL 5010 mat, vert mousse RAL 6005 mat, gris anthracite RAL 7016 mat, gris pierre RAL 7030 mat, brun s\u00e9pia RAL 8014, brun gris RAL 8019, noir mat et mat structur\u00e9 RAL 9005.<\/p>\n<p>Couleurs non-standard moyennant suppl\u00e9ment : rouge vin RAL 3005 mat, gris fen\u00eatre RAL 7040 mat, brun chocolat RAL 8017 mat et blanc RAL 9016 mat.<\/p>\n<p>Couleurs non-standard issues de la gamme Home Inclusive 2.0 : HIEarth (Smoke Green, Willow Green, Fern Green, Deep Green), HISteel (True Blue, Marina Horizon, Anthracite, Modern Graphite), HIStone (Comfort Grey, Warm Stone, Quartz Grey, Brown Stone), HIRuby (Moody Coral, Flame Red, Modern Maroon, Deep Brown).<\/p>\n<p>&nbsp;<\/p>\n<figure id=\"attachment_923\" aria-describedby=\"caption-attachment-923\" style=\"width: 276px\" class=\"wp-caption aligncenter\"><a href=\"http:\/\/fence2go.eu\/index.php\/portes-pivotantes\/portes-pivotantes-premium\/portes-pivotantes-premium-aw-10-67\/\"><img loading=\"lazy\" class=\"wp-image-923 size-full\" src=\"http:\/\/fence2go.eu\/wp-content\/uploads\/2018\/11\/Portail-pivotant-Premium-10.67.jpg\" alt=\"\" width=\"276\" height=\"183\" \/><\/a><figcaption id=\"caption-attachment-923\" class=\"wp-caption-text\">Portails pivotants assortis<\/figcaption><\/figure>\n<figure id=\"attachment_1280\" aria-describedby=\"caption-attachment-1280\" style=\"width: 300px\" class=\"wp-caption aligncenter\"><a href=\"http:\/\/fence2go.eu\/index.php\/portes-coulissantes\/portes-coulissantes-autoportantes-privees\/portails-coulissants-autoportants-premium\/portail-coulissant-autoportant-premium-aw-10-67\/\"><img loading=\"lazy\" class=\"wp-image-1280 size-medium\" src=\"http:\/\/fence2go.eu\/wp-content\/uploads\/2018\/12\/Portail-coulissant-autoportant-Premium-10.67-300x83.jpg\" alt=\"\" width=\"300\" height=\"83\" srcset=\"https:\/\/fence2go.eu\/wp-content\/uploads\/2018\/12\/Portail-coulissant-autoportant-Premium-10.67-300x83.jpg 300w, https:\/\/fence2go.eu\/wp-content\/uploads\/2018\/12\/Portail-coulissant-autoportant-Premium-10.67.jpg 304w\" sizes=\"(max-width: 300px) 100vw, 300px\" \/><\/a><figcaption id=\"caption-attachment-1280\" class=\"wp-caption-text\">Portail coulissants assortis<\/figcaption><\/figure>\n<p>&nbsp;<\/p>\n","protected":false},"excerpt":{"rendered":"<p>El\u00e9ments soud\u00e9s comprenant : 3 lisses horizontales en tubes 30&#215;18 mm enserrant des carr\u00e9s de 12&#215;12 mm verticaux se terminant en pointes boules Le panneau est arrondi en partie sup\u00e9rieure Des barreaux interm\u00e9diaires concaves sont soud\u00e9s en partie basse. Les barreaux sont termin\u00e9s en pointes boules Le panneau est arrondi en partie sup\u00e9rieure Fixation sur [&hellip;]<\/p>\n","protected":false},"author":2,"featured_media":388,"parent":107,"menu_order":5,"comment_status":"closed","ping_status":"closed","template":"","meta":{"ngg_post_thumbnail":0},"_links":{"self":[{"href":"https:\/\/fence2go.eu\/index.php\/wp-json\/wp\/v2\/pages\/407"}],"collection":[{"href":"https:\/\/fence2go.eu\/index.php\/wp-json\/wp\/v2\/pages"}],"about":[{"href":"https:\/\/fence2go.eu\/index.php\/wp-json\/wp\/v2\/types\/page"}],"author":[{"embeddable":true,"href":"https:\/\/fence2go.eu\/index.php\/wp-json\/wp\/v2\/users\/2"}],"replies":[{"embeddable":true,"href":"https:\/\/fence2go.eu\/index.php\/wp-json\/wp\/v2\/comments?post=407"}],"version-history":[{"count":6,"href":"https:\/\/fence2go.eu\/index.php\/wp-json\/wp\/v2\/pages\/407\/revisions"}],"predecessor-version":[{"id":2441,"href":"https:\/\/fence2go.eu\/index.php\/wp-json\/wp\/v2\/pages\/407\/revisions\/2441"}],"up":[{"embeddable":true,"href":"https:\/\/fence2go.eu\/index.php\/wp-json\/wp\/v2\/pages\/107"}],"wp:featuredmedia":[{"embeddable":true,"href":"https:\/\/fence2go.eu\/index.php\/wp-json\/wp\/v2\/media\/388"}],"wp:attachment":[{"href":"https:\/\/fence2go.eu\/index.php\/wp-json\/wp\/v2\/media?parent=407"}],"curies":[{"name":"wp","href":"https:\/\/api.w.org\/{rel}","templated":true}]}}