{"id":4556,"date":"2021-04-04T14:02:01","date_gmt":"2021-04-04T13:02:01","guid":{"rendered":"http:\/\/fence2go.eu\/?page_id=4556"},"modified":"2021-04-19T13:19:03","modified_gmt":"2021-04-19T12:19:03","slug":"wilkommen-auf-der-home-page-von-fence2go","status":"publish","type":"page","link":"https:\/\/fence2go.eu\/index.php\/de\/wilkommen-auf-der-home-page-von-fence2go\/","title":{"rendered":"Wilkommen auf der home page von Fence2Go"},"content":{"rendered":"\n<p>Willkommen auf unserer Seite und zun\u00e4chst m\u00f6chten wir uns bei Ihnen f\u00fcr Ihr Interesse an uns bedanken.<\/p>\n\n\n\n<p>Lassen Sie sich in wenigen Worten in unser Unternehmen einf\u00fchren.<\/p>\n\n\n\n<p>Fence2Go ist die Abteilung \u201eEinkauf und Handel\u201c von Euro-Fencing- und CAS-Lux-Unternehmen, die seit mehr als 25 Jahren in Belgien, im Gro\u00dfherzogtum Luxemburg und im Westen des Nordrheins Z\u00e4une, Tore und Motorisierungen installiert -Westphalia (Deutschland).<\/p>\n\n\n\n<p>Unter diesem Namen arbeitet unser Team seit vielen Jahren in enger Zusammenarbeit mit renommierten Herstellern und in v\u00f6lliger Transparenz daran, die L\u00f6sung zu entwickeln, die den Erwartungen unserer Kunden am besten entspricht. Um in der Installationsbranche aktiv zu sein, m\u00fcssen wir uns st\u00e4ndig selbst hinterfragen, um Trends nicht nur genau zu folgen, sondern auch die Produktimplementierung zu verbessern. Wir legen gro\u00dfen Wert auf ein finanziell koh\u00e4rentes Angebot, das mit einer p\u00fcnktlichen Lieferung einhergeht.<\/p>\n\n\n\n<p>Fence2Go m\u00f6chte Parks und G\u00e4rten, Outdoor-Landschaftsbauunternehmen und Einzelpersonen erreichen, indem es ihnen eine Reihe innovativer, aber auch bew\u00e4hrter Produkte anbietet, die sie selbst installieren k\u00f6nnen und die hoffentlich die Erwartungen am weitesten erf\u00fcllen werden.<\/p>\n\n\n\n<p>Fence2Go ist auch die Zusicherung, Sie bei der Konstruktion, Inbetriebnahme und Wartung Ihrer Anlage zu unterst\u00fctzen, wenn Sie dies w\u00fcnschen.<\/p>\n\n\n\n<p>Wir haben versucht, diese Website so vollst\u00e4ndig wie m\u00f6glich zu gestalten, und h\u00e4tten gerne so viele durchdachte Produkte hinzugef\u00fcgt, dass wir zum Zeitpunkt des Schreibens eine Auswahl treffen mussten. Wenn Sie also das Objekt Ihrer Lust nicht finden sollten, z\u00f6gern Sie nicht, uns zu kontaktieren, um Ihren Traum zu verwirklichen \u2026 oder n\u00e4her zu kommen.<\/p>\n\n\n\n<figure class=\"wp-block-image\"><img src=\"http:\/\/fence2go.eu\/wp-content\/uploads\/2018\/11\/D%C3%A9p%C3%B4t-225x300.jpg\" alt=\"\"\/><\/figure>\n\n\n\n<p>Wir w\u00fcnschen Ihnen viel Spa\u00df beim Lesen und stehen Ihnen f\u00fcr weitere Informationen zur Verf\u00fcgung.<\/p>\n\n\n\n<p>Fence2Go<br>Route de Go\u00e9, 5<br>4830 Limbourg<br>Tel : 087 \/ 67 93 40<br>Mail: <a href=\"mailto:info@fence2go.eu\">info@fence2go.eu<\/a><\/p>\n\n\n\n<p>oder <a href=\"mailto:sales@fence2go.eu\">sales@fence2go.eu<\/a><\/p>\n\n\n\n<p>Facebook : <a href=\"https:\/\/www.facebook.com\/Fence2Go-2166910943546867\/\">Fence2Go<\/a><\/p>\n\n\n\n<p>Instagram : <a href=\"https:\/\/www.instagram.com\/fence2go\/\">fence2go<\/a><\/p>\n\n\n\n<p>Facebook :&nbsp;<a href=\"https:\/\/www.facebook.com\/Fence2Go-2166910943546867\/\">Fence2Go<\/a><\/p>\n\n\n\n<p>Instagram :&nbsp;<a href=\"https:\/\/www.instagram.com\/fence2go\/\">fence2go<\/a><\/p>\n","protected":false},"excerpt":{"rendered":"<p>Willkommen auf unserer Seite und zun\u00e4chst m\u00f6chten wir uns bei Ihnen f\u00fcr Ihr Interesse an uns bedanken. Lassen Sie sich in wenigen Worten in unser Unternehmen einf\u00fchren. Fence2Go ist die Abteilung \u201eEinkauf und Handel\u201c von Euro-Fencing- und CAS-Lux-Unternehmen, die seit mehr als 25 Jahren in Belgien, im Gro\u00dfherzogtum Luxemburg und im Westen des Nordrheins Z\u00e4une, [&hellip;]<\/p>\n","protected":false},"author":2,"featured_media":0,"parent":0,"menu_order":1,"comment_status":"closed","ping_status":"closed","template":"","meta":{"ngg_post_thumbnail":0},"_links":{"self":[{"href":"https:\/\/fence2go.eu\/index.php\/wp-json\/wp\/v2\/pages\/4556"}],"collection":[{"href":"https:\/\/fence2go.eu\/index.php\/wp-json\/wp\/v2\/pages"}],"about":[{"href":"https:\/\/fence2go.eu\/index.php\/wp-json\/wp\/v2\/types\/page"}],"author":[{"embeddable":true,"href":"https:\/\/fence2go.eu\/index.php\/wp-json\/wp\/v2\/users\/2"}],"replies":[{"embeddable":true,"href":"https:\/\/fence2go.eu\/index.php\/wp-json\/wp\/v2\/comments?post=4556"}],"version-history":[{"count":3,"href":"https:\/\/fence2go.eu\/index.php\/wp-json\/wp\/v2\/pages\/4556\/revisions"}],"predecessor-version":[{"id":4657,"href":"https:\/\/fence2go.eu\/index.php\/wp-json\/wp\/v2\/pages\/4556\/revisions\/4657"}],"wp:attachment":[{"href":"https:\/\/fence2go.eu\/index.php\/wp-json\/wp\/v2\/media?parent=4556"}],"curies":[{"name":"wp","href":"https:\/\/api.w.org\/{rel}","templated":true}]}}