{"id":4558,"date":"2021-04-04T14:13:47","date_gmt":"2021-04-04T13:13:47","guid":{"rendered":"http:\/\/fence2go.eu\/?page_id=4558"},"modified":"2021-04-04T14:13:48","modified_gmt":"2021-04-04T13:13:48","slug":"draht","status":"publish","type":"page","link":"https:\/\/fence2go.eu\/index.php\/de\/draht\/","title":{"rendered":"Draht"},"content":{"rendered":"\n<p>Gitter ist die wirtschaftlichste L\u00f6sung, um den Zugang zu einem Wohn- oder Industriegel\u00e4nde zu sperren. Oft auf runden Pfosten platziert, wird es in den meisten F\u00e4llen einfach gedreht oder geschwei\u00dft und in einer Rolle geliefert.<\/p>\n\n\n\n<p>Wir haben uns jedoch entschlossen, unseren Lagerbestand zu rationalisieren, indem wir nur die g\u00e4ngigsten Produkte behalten. Auf Anfrage kann Fence2Go Ihre Erwartungen dennoch mit anderen L\u00f6sungen erf\u00fcllen.<\/p>\n\n\n\n<div class=\"wp-block-image\"><figure class=\"alignleft\"><img src=\"http:\/\/fence2go.eu\/wp-content\/uploads\/2018\/12\/Treillis-simple-torsion-01-150x150.jpg\" alt=\"\"\/><figcaption>Maschendrahtzaun<\/figcaption><\/figure><\/div>\n\n\n\n<p><\/p>\n\n\n\n<p><\/p>\n\n\n\n<p><\/p>\n\n\n\n<div class=\"wp-block-image\"><figure class=\"alignleft\"><img src=\"http:\/\/fence2go.eu\/wp-content\/uploads\/2018\/12\/Treillis-Luxor-150x150.jpg\" alt=\"\"\/><figcaption>Geschwei\u00dftes Draht<\/figcaption><\/figure><\/div>\n","protected":false},"excerpt":{"rendered":"<p>Gitter ist die wirtschaftlichste L\u00f6sung, um den Zugang zu einem Wohn- oder Industriegel\u00e4nde zu sperren. Oft auf runden Pfosten platziert, wird es in den meisten F\u00e4llen einfach gedreht oder geschwei\u00dft und in einer Rolle geliefert. Wir haben uns jedoch entschlossen, unseren Lagerbestand zu rationalisieren, indem wir nur die g\u00e4ngigsten Produkte behalten. Auf Anfrage kann Fence2Go [&hellip;]<\/p>\n","protected":false},"author":2,"featured_media":0,"parent":0,"menu_order":1,"comment_status":"closed","ping_status":"closed","template":"","meta":{"ngg_post_thumbnail":0},"_links":{"self":[{"href":"https:\/\/fence2go.eu\/index.php\/wp-json\/wp\/v2\/pages\/4558"}],"collection":[{"href":"https:\/\/fence2go.eu\/index.php\/wp-json\/wp\/v2\/pages"}],"about":[{"href":"https:\/\/fence2go.eu\/index.php\/wp-json\/wp\/v2\/types\/page"}],"author":[{"embeddable":true,"href":"https:\/\/fence2go.eu\/index.php\/wp-json\/wp\/v2\/users\/2"}],"replies":[{"embeddable":true,"href":"https:\/\/fence2go.eu\/index.php\/wp-json\/wp\/v2\/comments?post=4558"}],"version-history":[{"count":1,"href":"https:\/\/fence2go.eu\/index.php\/wp-json\/wp\/v2\/pages\/4558\/revisions"}],"predecessor-version":[{"id":4559,"href":"https:\/\/fence2go.eu\/index.php\/wp-json\/wp\/v2\/pages\/4558\/revisions\/4559"}],"wp:attachment":[{"href":"https:\/\/fence2go.eu\/index.php\/wp-json\/wp\/v2\/media?parent=4558"}],"curies":[{"name":"wp","href":"https:\/\/api.w.org\/{rel}","templated":true}]}}