{"id":4576,"date":"2021-04-04T18:27:04","date_gmt":"2021-04-04T17:27:04","guid":{"rendered":"http:\/\/fence2go.eu\/?page_id=4576"},"modified":"2021-04-04T18:27:05","modified_gmt":"2021-04-04T17:27:05","slug":"geschweiste-paneele-ballschutz-und-gabionen","status":"publish","type":"page","link":"https:\/\/fence2go.eu\/index.php\/de\/geschweiste-paneele-ballschutz-und-gabionen\/","title":{"rendered":"Geschwei\u00dfte Paneele, Ballschutz und Gabionen."},"content":{"rendered":"\n<p>Der Abschnitt geschwei\u00dfte matten ist in 3 Teile unterteilt, um Ihren Besuch zu erleichtern. Daher enth\u00e4lt der Abschnitt Z\u00e4une und Pfosten Zaun-3D-matten und Zaun-2D-8\/6 \/ 8- und 6\/5\/6-Doppeldrahtmatten sowie die Pfosten, auf denen sie installiert sind. Die zweite handelt von Ballsch\u00fctzern. Das letzte hebt verschiedene Arten von Gabionen, Wandverkleidungen, Pflanzgef\u00e4\u00dfen und passenden B\u00e4nken hervor.<\/p>\n\n\n\n<div class=\"wp-block-image\"><figure class=\"alignleft size-large\"><img loading=\"lazy\" width=\"150\" height=\"150\" src=\"http:\/\/fence2go.eu\/wp-content\/uploads\/2021\/04\/image-3.png\" alt=\"\" class=\"wp-image-4577\"\/><figcaption>Z\u00e4une und Pfosten<\/figcaption><\/figure><\/div>\n\n\n\n<p><\/p>\n\n\n\n<p><\/p>\n\n\n\n<p><\/p>\n\n\n\n<div class=\"wp-block-image\"><figure class=\"alignleft size-large\"><img loading=\"lazy\" width=\"150\" height=\"150\" src=\"http:\/\/fence2go.eu\/wp-content\/uploads\/2021\/04\/image-4.png\" alt=\"\" class=\"wp-image-4578\"\/><figcaption>Ballschutz<\/figcaption><\/figure><\/div>\n\n\n\n<p><\/p>\n\n\n\n<p><\/p>\n\n\n\n<p><\/p>\n\n\n\n<div class=\"wp-block-image\"><figure class=\"alignleft size-large\"><img loading=\"lazy\" width=\"150\" height=\"150\" src=\"http:\/\/fence2go.eu\/wp-content\/uploads\/2021\/04\/image-5.png\" alt=\"\" class=\"wp-image-4579\"\/><figcaption>Gabionen, Wandverkleidungen, Pflanzgef\u00e4\u00dfe und Passende B\u00e4nke<\/figcaption><\/figure><\/div>\n","protected":false},"excerpt":{"rendered":"<p>Der Abschnitt geschwei\u00dfte matten ist in 3 Teile unterteilt, um Ihren Besuch zu erleichtern. Daher enth\u00e4lt der Abschnitt Z\u00e4une und Pfosten Zaun-3D-matten und Zaun-2D-8\/6 \/ 8- und 6\/5\/6-Doppeldrahtmatten sowie die Pfosten, auf denen sie installiert sind. Die zweite handelt von Ballsch\u00fctzern. Das letzte hebt verschiedene Arten von Gabionen, Wandverkleidungen, Pflanzgef\u00e4\u00dfen und passenden B\u00e4nken hervor.<\/p>\n","protected":false},"author":2,"featured_media":0,"parent":0,"menu_order":0,"comment_status":"closed","ping_status":"closed","template":"","meta":{"ngg_post_thumbnail":0},"_links":{"self":[{"href":"https:\/\/fence2go.eu\/index.php\/wp-json\/wp\/v2\/pages\/4576"}],"collection":[{"href":"https:\/\/fence2go.eu\/index.php\/wp-json\/wp\/v2\/pages"}],"about":[{"href":"https:\/\/fence2go.eu\/index.php\/wp-json\/wp\/v2\/types\/page"}],"author":[{"embeddable":true,"href":"https:\/\/fence2go.eu\/index.php\/wp-json\/wp\/v2\/users\/2"}],"replies":[{"embeddable":true,"href":"https:\/\/fence2go.eu\/index.php\/wp-json\/wp\/v2\/comments?post=4576"}],"version-history":[{"count":1,"href":"https:\/\/fence2go.eu\/index.php\/wp-json\/wp\/v2\/pages\/4576\/revisions"}],"predecessor-version":[{"id":4580,"href":"https:\/\/fence2go.eu\/index.php\/wp-json\/wp\/v2\/pages\/4576\/revisions\/4580"}],"wp:attachment":[{"href":"https:\/\/fence2go.eu\/index.php\/wp-json\/wp\/v2\/media?parent=4576"}],"curies":[{"name":"wp","href":"https:\/\/api.w.org\/{rel}","templated":true}]}}