{"id":804,"date":"2018-11-28T13:52:08","date_gmt":"2018-11-28T12:52:08","guid":{"rendered":"http:\/\/fence2go.eu\/?page_id=804"},"modified":"2018-12-14T12:24:47","modified_gmt":"2018-12-14T11:24:47","slug":"portes-pivotantes-classic-aw-10-72","status":"publish","type":"page","link":"https:\/\/fence2go.eu\/index.php\/portes-pivotantes\/portails-pivotants-classic\/portes-pivotantes-classic-aw-10-72\/","title":{"rendered":"Portes pivotantes Classic AW.10.72."},"content":{"rendered":"<p><img loading=\"lazy\" class=\"alignleft wp-image-805\" src=\"http:\/\/fence2go.eu\/wp-content\/uploads\/2018\/11\/Portail-pivotant-Classic-AW.10.72.jpg\" alt=\"\" width=\"300\" height=\"236\" \/>Cadre en tubes 40&#215;27 mm<br \/>\nHabillage en tubes verticaux 70&#215;20 mm, soud\u00e9s dans le cadre<br \/>\nEspace de 100 mm entre le soubassement et le sol<br \/>\nPoteaux carr\u00e9s \u00e0 b\u00e9tonner \u00e0 une profondeur de 600 mm<br \/>\nPlatines disponibles en option, sauf pour poteaux 160x160x4 mm<br \/>\nSerrure int\u00e9gr\u00e9e, livr\u00e9e avec 3 cl\u00e9s<br \/>\nFinition galvanis\u00e9e et plastifi\u00e9e<\/p>\n<p>&nbsp;<\/p>\n<p>Largeurs standard portillons : 1000 et 1200 mm.<br \/>\nLargeurs standard portails : 3000, 3500, 4000, 4500, 5000, 5500 et 6000 mm.<\/p>\n<p>&nbsp;<\/p>\n<p>Hauteurs standard pos\u00e9es (incluant 100 mm de jeu sous le panneau) : 1100, 1300 et 1550 mm.<\/p>\n<p>&nbsp;<\/p>\n<p>Disponible uniquement en version sup\u00e9rieure droite.<\/p>\n<p>&nbsp;<\/p>\n<p>Couleurs standard : bleu gentiane RAL 5010 mat, vert mousse RAL 6005 mat, gris anthracite RAL 7016 mat, gris pierre RAL 7030 mat, brun s\u00e9pia RAL 8014, brun gris RAL 8019, noir mat et mat structur\u00e9 RAL 9005.<\/p>\n<p>&nbsp;<\/p>\n<p>Couleurs non-standard moyennant suppl\u00e9ment : rouge vin RAL 3005 mat, gris fen\u00eatre RAL 7040 mat, brun chocolat RAL 8017 mat et blanc RAL 9016 mat.<\/p>\n<p>&nbsp;<\/p>\n<p>Couleurs non-standard issues de la gamme Home Inclusive 2.0 : HIEarth (Smoke Green, Willow Green, Fern Green, Deep Green), HISteel (True Blue, Marina Horizon, Anthracite, Modern Graphite), HIStone (Comfort Grey, Warm Stone, Quartz Grey, Brown Stone), HIRuby (Moody Coral, Flame Red, Modern Maroon, Deep Brown).<\/p>\n<p>&nbsp;<\/p>\n<p><img loading=\"lazy\" class=\"size-medium wp-image-244 aligncenter\" src=\"http:\/\/fence2go.eu\/wp-content\/uploads\/2018\/11\/Autoportant-Classic-AW.10.72-300x167.jpg\" alt=\"\" width=\"300\" height=\"167\" srcset=\"https:\/\/fence2go.eu\/wp-content\/uploads\/2018\/11\/Autoportant-Classic-AW.10.72-300x167.jpg 300w, https:\/\/fence2go.eu\/wp-content\/uploads\/2018\/11\/Autoportant-Classic-AW.10.72-768x427.jpg 768w, https:\/\/fence2go.eu\/wp-content\/uploads\/2018\/11\/Autoportant-Classic-AW.10.72-1024x570.jpg 1024w, https:\/\/fence2go.eu\/wp-content\/uploads\/2018\/11\/Autoportant-Classic-AW.10.72.jpg 1300w\" sizes=\"(max-width: 300px) 100vw, 300px\" \/><\/p>\n<figure id=\"attachment_186\" aria-describedby=\"caption-attachment-186\" style=\"width: 300px\" class=\"wp-caption aligncenter\"><a href=\"http:\/\/fence2go.eu\/index.php\/barreaudage\/barreaudage-pour-votre-domicile\/barreaudage-classic\/cloture-barreaudee-classic-aw-10-72\/\"><img loading=\"lazy\" class=\"wp-image-186 size-medium\" src=\"http:\/\/fence2go.eu\/wp-content\/uploads\/2018\/11\/Barreaudage-Classic-AW.10.72-300x217.jpg\" alt=\"\" width=\"300\" height=\"217\" srcset=\"https:\/\/fence2go.eu\/wp-content\/uploads\/2018\/11\/Barreaudage-Classic-AW.10.72-300x217.jpg 300w, https:\/\/fence2go.eu\/wp-content\/uploads\/2018\/11\/Barreaudage-Classic-AW.10.72.jpg 305w\" sizes=\"(max-width: 300px) 100vw, 300px\" \/><\/a><figcaption id=\"caption-attachment-186\" class=\"wp-caption-text\">Cl\u00f4tures barreaud\u00e9es assorties<\/figcaption><\/figure>\n<figure id=\"attachment_1165\" aria-describedby=\"caption-attachment-1165\" style=\"width: 273px\" class=\"wp-caption aligncenter\"><a href=\"fence2go.eu\/index.php\/portes-coulissantes\/portes-coulissantes-autoportantes-privees\/portails-coulissants-autoportants-classic\/portail-coulissant-autoportant-classic-aw-10-72\/\"><img loading=\"lazy\" class=\"wp-image-1165 size-full\" src=\"http:\/\/fence2go.eu\/wp-content\/uploads\/2018\/12\/Portail-coulissant-autoportant-Classic-10.72.jpg\" alt=\"\" width=\"273\" height=\"68\" \/><\/a><figcaption id=\"caption-attachment-1165\" class=\"wp-caption-text\">Portails coulissants assortis<\/figcaption><\/figure>\n","protected":false},"excerpt":{"rendered":"<p>Cadre en tubes 40&#215;27 mm Habillage en tubes verticaux 70&#215;20 mm, soud\u00e9s dans le cadre Espace de 100 mm entre le soubassement et le sol Poteaux carr\u00e9s \u00e0 b\u00e9tonner \u00e0 une profondeur de 600 mm Platines disponibles en option, sauf pour poteaux 160x160x4 mm Serrure int\u00e9gr\u00e9e, livr\u00e9e avec 3 cl\u00e9s Finition galvanis\u00e9e et plastifi\u00e9e &nbsp; [&hellip;]<\/p>\n","protected":false},"author":2,"featured_media":805,"parent":1630,"menu_order":10,"comment_status":"closed","ping_status":"closed","template":"","meta":{"ngg_post_thumbnail":0},"_links":{"self":[{"href":"https:\/\/fence2go.eu\/index.php\/wp-json\/wp\/v2\/pages\/804"}],"collection":[{"href":"https:\/\/fence2go.eu\/index.php\/wp-json\/wp\/v2\/pages"}],"about":[{"href":"https:\/\/fence2go.eu\/index.php\/wp-json\/wp\/v2\/types\/page"}],"author":[{"embeddable":true,"href":"https:\/\/fence2go.eu\/index.php\/wp-json\/wp\/v2\/users\/2"}],"replies":[{"embeddable":true,"href":"https:\/\/fence2go.eu\/index.php\/wp-json\/wp\/v2\/comments?post=804"}],"version-history":[{"count":5,"href":"https:\/\/fence2go.eu\/index.php\/wp-json\/wp\/v2\/pages\/804\/revisions"}],"predecessor-version":[{"id":2494,"href":"https:\/\/fence2go.eu\/index.php\/wp-json\/wp\/v2\/pages\/804\/revisions\/2494"}],"up":[{"embeddable":true,"href":"https:\/\/fence2go.eu\/index.php\/wp-json\/wp\/v2\/pages\/1630"}],"wp:featuredmedia":[{"embeddable":true,"href":"https:\/\/fence2go.eu\/index.php\/wp-json\/wp\/v2\/media\/805"}],"wp:attachment":[{"href":"https:\/\/fence2go.eu\/index.php\/wp-json\/wp\/v2\/media?parent=804"}],"curies":[{"name":"wp","href":"https:\/\/api.w.org\/{rel}","templated":true}]}}