{"id":810,"date":"2018-11-28T13:49:01","date_gmt":"2018-11-28T12:49:01","guid":{"rendered":"http:\/\/fence2go.eu\/?page_id=810"},"modified":"2018-12-14T12:25:23","modified_gmt":"2018-12-14T11:25:23","slug":"portails-pivotants-classic-aw-10-tt","status":"publish","type":"page","link":"https:\/\/fence2go.eu\/index.php\/portes-pivotantes\/portails-pivotants-classic\/portails-pivotants-classic-aw-10-tt\/","title":{"rendered":"Portails pivotants Classic AW.10.TT."},"content":{"rendered":"<p><img loading=\"lazy\" class=\"alignleft wp-image-811 size-medium\" src=\"http:\/\/fence2go.eu\/wp-content\/uploads\/2018\/11\/Portail-pivotant-Classic-AW.10.TT_-300x147.jpg\" alt=\"\" width=\"300\" height=\"147\" srcset=\"https:\/\/fence2go.eu\/wp-content\/uploads\/2018\/11\/Portail-pivotant-Classic-AW.10.TT_-300x147.jpg 300w, https:\/\/fence2go.eu\/wp-content\/uploads\/2018\/11\/Portail-pivotant-Classic-AW.10.TT_.jpg 366w\" sizes=\"(max-width: 300px) 100vw, 300px\" \/>Cadre en tubes 40&#215;27 mm<br \/>\nHabillage en t\u00f4les trap\u00e9zo\u00efdales T10 (hauteur du trap\u00e8ze 10 mm) d\u2019une \u00e9paisseur de 2 mm c\u00f4t\u00e9 rue<\/p>\n<p>Espace de 100 mm entre le soubassement et le sol<br \/>\nPoteaux carr\u00e9s \u00e0 b\u00e9tonner \u00e0 une profondeur de 600 mm<br \/>\nPlatines disponibles en option, sauf pour poteaux 160x160x4 mm<br \/>\nSerrure int\u00e9gr\u00e9e, livr\u00e9e avec 3 cl\u00e9s<br \/>\nFinition galvanis\u00e9e et plastifi\u00e9e<\/p>\n<p>&nbsp;<\/p>\n<p>La t\u00f4le est disponible en couleurs (\u00e0\u00a0l&rsquo;ext\u00e9rieur) : RAL 6005 (vert), RAL 7016 (graphite), RAL 7035<br \/>\n(gris clair), RAL 8014 (brun), RAL 8017 (brun fonc\u00e9), RAL 9006 (argent), RAL 9016 (blanc), BTX 2701<br \/>\n(bordeaux), ch\u00eane dor\u00e9 et noyer, \u00e0\u00a0l&rsquo;int\u00e9rieur : la couleur de la peinture d&rsquo;appr\u00eat (grise ou cr\u00e8me).<\/p>\n<p>&nbsp;<\/p>\n<p>Un remplissage des 2 faces avec une t\u00f4le trap\u00e9zo\u00efdale est disponible en option.<\/p>\n<p>&nbsp;<\/p>\n<p>Largeurs standard portillons : 1000 et 1200 mm.<br \/>\nLargeurs standard portails : 3000, 3500, 4000, 4500, 5000, 5500 et 6000 mm.<\/p>\n<p>&nbsp;<\/p>\n<p>Hauteurs standard pos\u00e9es (incluant 100 mm de jeu sous le panneau) : 1100, 1300, 1550, 1850 et 2050 mm.<\/p>\n<p>&nbsp;<\/p>\n<p>Disponible uniquement en version sup\u00e9rieure droite.<\/p>\n<p>&nbsp;<\/p>\n<p>Couleurs standard : bleu gentiane RAL 5010 mat, vert mousse RAL 6005 mat, gris anthracite RAL 7016 mat, gris pierre RAL 7030 mat, brun s\u00e9pia RAL 8014, brun gris RAL 8019, noir mat et mat structur\u00e9 RAL 9005.<\/p>\n<p>&nbsp;<\/p>\n<p>Couleurs non-standard moyennant suppl\u00e9ment : rouge vin RAL 3005 mat, gris fen\u00eatre RAL 7040 mat, brun chocolat RAL 8017 mat et blanc RAL 9016 mat.<\/p>\n<p>&nbsp;<\/p>\n<p>Couleurs non-standard issues de la gamme Home Inclusive 2.0 : HIEarth (Smoke Green, Willow Green, Fern Green, Deep Green), HISteel (True Blue, Marina Horizon, Anthracite, Modern Graphite), HIStone (Comfort Grey, Warm Stone, Quartz Grey, Brown Stone), HIRuby (Moody Coral, Flame Red, Modern Maroon, Deep Brown).<\/p>\n<p>&nbsp;<\/p>\n<p><img loading=\"lazy\" class=\"alignnone size-medium wp-image-317\" src=\"http:\/\/fence2go.eu\/wp-content\/uploads\/2018\/11\/Coulissant-autoportant-AW.10.TT_-300x169.jpg\" alt=\"\" width=\"300\" height=\"169\" srcset=\"https:\/\/fence2go.eu\/wp-content\/uploads\/2018\/11\/Coulissant-autoportant-AW.10.TT_-300x169.jpg 300w, https:\/\/fence2go.eu\/wp-content\/uploads\/2018\/11\/Coulissant-autoportant-AW.10.TT_-768x434.jpg 768w, https:\/\/fence2go.eu\/wp-content\/uploads\/2018\/11\/Coulissant-autoportant-AW.10.TT_.jpg 1024w\" sizes=\"(max-width: 300px) 100vw, 300px\" \/><\/p>\n<figure id=\"attachment_187\" aria-describedby=\"caption-attachment-187\" style=\"width: 297px\" class=\"wp-caption aligncenter\"><a href=\"http:\/\/fence2go.eu\/index.php\/barreaudage\/barreaudage-pour-votre-domicile\/barreaudage-classic\/cloture-barreaudee-classic-aw-10-tt\/\"><img loading=\"lazy\" class=\"wp-image-187 size-full\" src=\"http:\/\/fence2go.eu\/wp-content\/uploads\/2018\/11\/Barreaudage-Classic-AW.10.TT_.jpg\" alt=\"\" width=\"297\" height=\"214\" \/><\/a><figcaption id=\"caption-attachment-187\" class=\"wp-caption-text\">Cl\u00f4ture barreaud\u00e9e assortie<\/figcaption><\/figure>\n<figure id=\"attachment_1175\" aria-describedby=\"caption-attachment-1175\" style=\"width: 278px\" class=\"wp-caption aligncenter\"><a href=\"http:\/\/fence2go.eu\/index.php\/portes-coulissantes\/portes-coulissantes-autoportantes-privees\/portails-coulissants-autoportants-classic\/portail-coulissant-autoportant-aw-10-tt\/\"><img loading=\"lazy\" class=\"wp-image-1175 size-full\" src=\"http:\/\/fence2go.eu\/wp-content\/uploads\/2018\/12\/Portail-coulissant-autoportant-10.TT_.jpg\" alt=\"\" width=\"278\" height=\"144\" \/><\/a><figcaption id=\"caption-attachment-1175\" class=\"wp-caption-text\">Portails coulissants assortis<\/figcaption><\/figure>\n","protected":false},"excerpt":{"rendered":"<p>Cadre en tubes 40&#215;27 mm Habillage en t\u00f4les trap\u00e9zo\u00efdales T10 (hauteur du trap\u00e8ze 10 mm) d\u2019une \u00e9paisseur de 2 mm c\u00f4t\u00e9 rue Espace de 100 mm entre le soubassement et le sol Poteaux carr\u00e9s \u00e0 b\u00e9tonner \u00e0 une profondeur de 600 mm Platines disponibles en option, sauf pour poteaux 160x160x4 mm Serrure int\u00e9gr\u00e9e, livr\u00e9e avec [&hellip;]<\/p>\n","protected":false},"author":2,"featured_media":811,"parent":1630,"menu_order":12,"comment_status":"closed","ping_status":"closed","template":"","meta":{"ngg_post_thumbnail":0},"_links":{"self":[{"href":"https:\/\/fence2go.eu\/index.php\/wp-json\/wp\/v2\/pages\/810"}],"collection":[{"href":"https:\/\/fence2go.eu\/index.php\/wp-json\/wp\/v2\/pages"}],"about":[{"href":"https:\/\/fence2go.eu\/index.php\/wp-json\/wp\/v2\/types\/page"}],"author":[{"embeddable":true,"href":"https:\/\/fence2go.eu\/index.php\/wp-json\/wp\/v2\/users\/2"}],"replies":[{"embeddable":true,"href":"https:\/\/fence2go.eu\/index.php\/wp-json\/wp\/v2\/comments?post=810"}],"version-history":[{"count":6,"href":"https:\/\/fence2go.eu\/index.php\/wp-json\/wp\/v2\/pages\/810\/revisions"}],"predecessor-version":[{"id":2495,"href":"https:\/\/fence2go.eu\/index.php\/wp-json\/wp\/v2\/pages\/810\/revisions\/2495"}],"up":[{"embeddable":true,"href":"https:\/\/fence2go.eu\/index.php\/wp-json\/wp\/v2\/pages\/1630"}],"wp:featuredmedia":[{"embeddable":true,"href":"https:\/\/fence2go.eu\/index.php\/wp-json\/wp\/v2\/media\/811"}],"wp:attachment":[{"href":"https:\/\/fence2go.eu\/index.php\/wp-json\/wp\/v2\/media?parent=810"}],"curies":[{"name":"wp","href":"https:\/\/api.w.org\/{rel}","templated":true}]}}