{"id":814,"date":"2018-11-28T13:58:27","date_gmt":"2018-11-28T12:58:27","guid":{"rendered":"http:\/\/fence2go.eu\/?page_id=814"},"modified":"2018-12-14T12:29:50","modified_gmt":"2018-12-14T11:29:50","slug":"portes-pivotantes-vario-aw-10-81","status":"publish","type":"page","link":"https:\/\/fence2go.eu\/index.php\/portes-pivotantes\/portes-pivotantes-vario\/portes-pivotantes-vario-aw-10-81\/","title":{"rendered":"Portes pivotantes Vario AW.10.81."},"content":{"rendered":"<p><img loading=\"lazy\" class=\"size-full wp-image-815 alignleft\" src=\"http:\/\/fence2go.eu\/wp-content\/uploads\/2018\/11\/Porte-pivotante-Vario-AW.10.81.jpg\" alt=\"\" width=\"281\" height=\"171\" \/>Cadre 60&#215;60 mm<br \/>\nHabillage en tubes verticaux de section 20&#215;20 mm, avec pointe O-ABS au sommet<br \/>\nEspace de 100 mm entre le soubassement et le sol<br \/>\nPoteaux carr\u00e9s \u00e0 b\u00e9tonner \u00e0 une profondeur de 600 mm<br \/>\nPlatines disponibles en option, sauf pour poteaux de 160x160x4 mm<br \/>\nSerrure int\u00e9gr\u00e9e, livr\u00e9e avec 3 cl\u00e9s<br \/>\nFinition galvanis\u00e9e et plastifi\u00e9e<\/p>\n<p>Largeurs standard portillons : 1000 et 1200 mm.<br \/>\nLargeurs standard portails : 3000, 3500, 4000, 4500, 5000, 5500 et 6000 mm.<\/p>\n<p>Hauteurs standard pos\u00e9es (incluant 100 mm de jeu sous le panneau) : 1100, 1300, 1550, 1850 et 2050 mm.<\/p>\n<p>Disponible uniquement en version sup\u00e9rieure droite, concave et convexe.<\/p>\n<p>Couleurs standard : bleu gentiane RAL 5010 mat, vert mousse RAL 6005 mat, gris anthracite RAL 7016 mat, gris pierre RAL 7030 mat, brun s\u00e9pia RAL 8014, brun gris RAL 8019, noir mat et mat structur\u00e9 RAL 9005.<\/p>\n<p>Couleurs non-standard moyennant suppl\u00e9ment : rouge vin RAL 3005 mat, gris fen\u00eatre RAL 7040 mat, brun chocolat RAL 8017 mat et blanc RAL 9016 mat.<\/p>\n<p>Couleurs non-standard issues de la gamme Home Inclusive 2.0 : HIEarth (Smoke Green, Willow Green, Fern Green, Deep Green), HISteel (True Blue, Marina Horizon, Anthracite, Modern Graphite), HIStone (Comfort Grey, Warm Stone, Quartz Grey, Brown Stone), HIRuby (Moody Coral, Flame Red, Modern Maroon, Deep Brown).<\/p>\n<p>&nbsp;<\/p>\n<p><img loading=\"lazy\" class=\"alignnone size-medium wp-image-263\" src=\"http:\/\/fence2go.eu\/wp-content\/uploads\/2018\/11\/Barreaudage-Vario-10.81-298x300.jpg\" alt=\"\" width=\"298\" height=\"300\" srcset=\"https:\/\/fence2go.eu\/wp-content\/uploads\/2018\/11\/Barreaudage-Vario-10.81-298x300.jpg 298w, https:\/\/fence2go.eu\/wp-content\/uploads\/2018\/11\/Barreaudage-Vario-10.81-150x150.jpg 150w, https:\/\/fence2go.eu\/wp-content\/uploads\/2018\/11\/Barreaudage-Vario-10.81.jpg 336w\" sizes=\"(max-width: 298px) 100vw, 298px\" \/><\/p>\n<figure id=\"attachment_273\" aria-describedby=\"caption-attachment-273\" style=\"width: 300px\" class=\"wp-caption aligncenter\"><a href=\"http:\/\/fence2go.eu\/index.php\/barreaudage\/barreaudage-pour-votre-domicile\/barreaudage-vario\/cloture-barreaudee-vario-aw-10-81\/\"><img loading=\"lazy\" class=\"wp-image-273 size-medium\" src=\"http:\/\/fence2go.eu\/wp-content\/uploads\/2018\/11\/Barreaudage-Vario-AW.10.81-300x250.jpg\" alt=\"\" width=\"300\" height=\"250\" srcset=\"https:\/\/fence2go.eu\/wp-content\/uploads\/2018\/11\/Barreaudage-Vario-AW.10.81-300x250.jpg 300w, https:\/\/fence2go.eu\/wp-content\/uploads\/2018\/11\/Barreaudage-Vario-AW.10.81.jpg 318w\" sizes=\"(max-width: 300px) 100vw, 300px\" \/><\/a><figcaption id=\"caption-attachment-273\" class=\"wp-caption-text\">Cl\u00f4tures barreaud\u00e9es assorties<\/figcaption><\/figure>\n<figure id=\"attachment_1182\" aria-describedby=\"caption-attachment-1182\" style=\"width: 300px\" class=\"wp-caption aligncenter\"><a href=\"fence2go.eu\/index.php\/portes-coulissantes\/portes-coulissantes-autoportantes-privees\/portails-coulissants-autoportants-vario\/portails-coulissants-autoportants-vario-aw-10-81\/\"><img loading=\"lazy\" class=\"wp-image-1182 size-medium\" src=\"http:\/\/fence2go.eu\/wp-content\/uploads\/2018\/12\/Portail-coulissant-autoportant-Vario-10.81-300x82.jpg\" alt=\"\" width=\"300\" height=\"82\" srcset=\"https:\/\/fence2go.eu\/wp-content\/uploads\/2018\/12\/Portail-coulissant-autoportant-Vario-10.81-300x82.jpg 300w, https:\/\/fence2go.eu\/wp-content\/uploads\/2018\/12\/Portail-coulissant-autoportant-Vario-10.81.jpg 304w\" sizes=\"(max-width: 300px) 100vw, 300px\" \/><\/a><figcaption id=\"caption-attachment-1182\" class=\"wp-caption-text\">Portails coulissants assortis<\/figcaption><\/figure>\n<p>&nbsp;<\/p>\n","protected":false},"excerpt":{"rendered":"<p>Cadre 60&#215;60 mm Habillage en tubes verticaux de section 20&#215;20 mm, avec pointe O-ABS au sommet Espace de 100 mm entre le soubassement et le sol Poteaux carr\u00e9s \u00e0 b\u00e9tonner \u00e0 une profondeur de 600 mm Platines disponibles en option, sauf pour poteaux de 160x160x4 mm Serrure int\u00e9gr\u00e9e, livr\u00e9e avec 3 cl\u00e9s Finition galvanis\u00e9e et [&hellip;]<\/p>\n","protected":false},"author":2,"featured_media":815,"parent":817,"menu_order":1,"comment_status":"closed","ping_status":"closed","template":"","meta":{"ngg_post_thumbnail":0},"_links":{"self":[{"href":"https:\/\/fence2go.eu\/index.php\/wp-json\/wp\/v2\/pages\/814"}],"collection":[{"href":"https:\/\/fence2go.eu\/index.php\/wp-json\/wp\/v2\/pages"}],"about":[{"href":"https:\/\/fence2go.eu\/index.php\/wp-json\/wp\/v2\/types\/page"}],"author":[{"embeddable":true,"href":"https:\/\/fence2go.eu\/index.php\/wp-json\/wp\/v2\/users\/2"}],"replies":[{"embeddable":true,"href":"https:\/\/fence2go.eu\/index.php\/wp-json\/wp\/v2\/comments?post=814"}],"version-history":[{"count":7,"href":"https:\/\/fence2go.eu\/index.php\/wp-json\/wp\/v2\/pages\/814\/revisions"}],"predecessor-version":[{"id":2498,"href":"https:\/\/fence2go.eu\/index.php\/wp-json\/wp\/v2\/pages\/814\/revisions\/2498"}],"up":[{"embeddable":true,"href":"https:\/\/fence2go.eu\/index.php\/wp-json\/wp\/v2\/pages\/817"}],"wp:featuredmedia":[{"embeddable":true,"href":"https:\/\/fence2go.eu\/index.php\/wp-json\/wp\/v2\/media\/815"}],"wp:attachment":[{"href":"https:\/\/fence2go.eu\/index.php\/wp-json\/wp\/v2\/media?parent=814"}],"curies":[{"name":"wp","href":"https:\/\/api.w.org\/{rel}","templated":true}]}}