{"id":826,"date":"2018-11-28T14:21:41","date_gmt":"2018-11-28T13:21:41","guid":{"rendered":"http:\/\/fence2go.eu\/?page_id=826"},"modified":"2018-12-14T12:29:57","modified_gmt":"2018-12-14T11:29:57","slug":"portes-pivotantes-vario-aw-10-83","status":"publish","type":"page","link":"https:\/\/fence2go.eu\/index.php\/portes-pivotantes\/portes-pivotantes-vario\/portes-pivotantes-vario-aw-10-83\/","title":{"rendered":"Portes pivotantes Vario AW.10.83."},"content":{"rendered":"<p><img loading=\"lazy\" class=\"size-full wp-image-827 alignleft\" src=\"http:\/\/fence2go.eu\/wp-content\/uploads\/2018\/11\/Portail-pivotant-Vario-AW.10.83.jpg\" alt=\"\" width=\"281\" height=\"180\" \/>Cadre 60&#215;60 mm<br \/>\nHabillage en tubes verticaux 20&#215;20 mm, avec motif en partie centrale et pointe O-ABS au sommet<br \/>\nEspace de 100 mm entre le soubassement et le sol<br \/>\nPoteaux carr\u00e9s \u00e0 b\u00e9tonner \u00e0 une profondeur de 600 mm<br \/>\nPlatines disponibles en option, sauf pour poteaux de 160x160x4 mm<br \/>\nSerrure int\u00e9gr\u00e9e, livr\u00e9e avec 3 cl\u00e9s<br \/>\nFinition galvanis\u00e9e et plastifi\u00e9e<\/p>\n<p>Largeurs standard portillons : 1000 et 1200 mm.<br \/>\nLargeurs standard portails : 3000, 3500, 4000, 4500, 5000, 5500 et 6000 mm.<\/p>\n<p>Hauteurs standard pos\u00e9es (incluant 100 mm de jeu sous le panneau) : 1100, 1300, 1550, 1850 et 2050 mm.<\/p>\n<p>Disponible uniquement en version sup\u00e9rieure droite, concave et convexe, ainsi qu&rsquo;en balustrade.<\/p>\n<p>Couleurs standard : bleu gentiane RAL 5010 mat, vert mousse RAL 6005 mat, gris anthracite RAL 7016 mat, gris pierre RAL 7030 mat, brun s\u00e9pia RAL 8014, brun gris RAL 8019, noir mat et mat structur\u00e9 RAL 9005.<\/p>\n<p>Couleurs non-standard moyennant suppl\u00e9ment : rouge vin RAL 3005 mat, gris fen\u00eatre RAL 7040 mat, brun chocolat RAL 8017 mat et blanc RAL 9016 mat.<\/p>\n<p>Couleurs non-standard issues de la gamme Home Inclusive 2.0 : HIEarth (Smoke Green, Willow Green, Fern Green, Deep Green), HISteel (True Blue, Marina Horizon, Anthracite, Modern Graphite), HIStone (Comfort Grey, Warm Stone, Quartz Grey, Brown Stone), HIRuby (Moody Coral, Flame Red, Modern Maroon, Deep Brown).<\/p>\n<p>&nbsp;<\/p>\n<p><img loading=\"lazy\" class=\"alignnone size-medium wp-image-270\" src=\"http:\/\/fence2go.eu\/wp-content\/uploads\/2018\/11\/Barreaudage-Vario-AW.10.83-300x225.jpg\" alt=\"\" width=\"300\" height=\"225\" srcset=\"https:\/\/fence2go.eu\/wp-content\/uploads\/2018\/11\/Barreaudage-Vario-AW.10.83-300x225.jpg 300w, https:\/\/fence2go.eu\/wp-content\/uploads\/2018\/11\/Barreaudage-Vario-AW.10.83-768x576.jpg 768w, https:\/\/fence2go.eu\/wp-content\/uploads\/2018\/11\/Barreaudage-Vario-AW.10.83.jpg 1008w\" sizes=\"(max-width: 300px) 100vw, 300px\" \/><\/p>\n<figure id=\"attachment_271\" aria-describedby=\"caption-attachment-271\" style=\"width: 300px\" class=\"wp-caption aligncenter\"><a href=\"http:\/\/fence2go.eu\/index.php\/barreaudage\/barreaudage-pour-votre-domicile\/barreaudage-vario\/cloture-barreaudee-vario-aw-10-83\/\"><img loading=\"lazy\" class=\"wp-image-271 size-medium\" src=\"http:\/\/fence2go.eu\/wp-content\/uploads\/2018\/11\/Barreaudage-Vario-AW.10.83-1-300x249.jpg\" alt=\"\" width=\"300\" height=\"249\" srcset=\"https:\/\/fence2go.eu\/wp-content\/uploads\/2018\/11\/Barreaudage-Vario-AW.10.83-1-300x249.jpg 300w, https:\/\/fence2go.eu\/wp-content\/uploads\/2018\/11\/Barreaudage-Vario-AW.10.83-1.jpg 326w\" sizes=\"(max-width: 300px) 100vw, 300px\" \/><\/a><figcaption id=\"caption-attachment-271\" class=\"wp-caption-text\">Cl\u00f4tures barreaud\u00e9es assorties<\/figcaption><\/figure>\n<figure id=\"attachment_1190\" aria-describedby=\"caption-attachment-1190\" style=\"width: 297px\" class=\"wp-caption aligncenter\"><a href=\"http:\/\/fence2go.eu\/index.php\/portes-coulissantes\/portes-coulissantes-autoportantes-privees\/portails-coulissants-autoportants-vario\/portail-coulissant-autoportant-vario-aw-10-83\/\"><img loading=\"lazy\" class=\"wp-image-1190 size-full\" src=\"http:\/\/fence2go.eu\/wp-content\/uploads\/2018\/12\/Portail-coulissant-autoportant-10.83.jpg\" alt=\"\" width=\"297\" height=\"83\" \/><\/a><figcaption id=\"caption-attachment-1190\" class=\"wp-caption-text\">Portails coulissants assortis<\/figcaption><\/figure>\n","protected":false},"excerpt":{"rendered":"<p>Cadre 60&#215;60 mm Habillage en tubes verticaux 20&#215;20 mm, avec motif en partie centrale et pointe O-ABS au sommet Espace de 100 mm entre le soubassement et le sol Poteaux carr\u00e9s \u00e0 b\u00e9tonner \u00e0 une profondeur de 600 mm Platines disponibles en option, sauf pour poteaux de 160x160x4 mm Serrure int\u00e9gr\u00e9e, livr\u00e9e avec 3 cl\u00e9s [&hellip;]<\/p>\n","protected":false},"author":2,"featured_media":827,"parent":817,"menu_order":3,"comment_status":"closed","ping_status":"closed","template":"","meta":{"ngg_post_thumbnail":0},"_links":{"self":[{"href":"https:\/\/fence2go.eu\/index.php\/wp-json\/wp\/v2\/pages\/826"}],"collection":[{"href":"https:\/\/fence2go.eu\/index.php\/wp-json\/wp\/v2\/pages"}],"about":[{"href":"https:\/\/fence2go.eu\/index.php\/wp-json\/wp\/v2\/types\/page"}],"author":[{"embeddable":true,"href":"https:\/\/fence2go.eu\/index.php\/wp-json\/wp\/v2\/users\/2"}],"replies":[{"embeddable":true,"href":"https:\/\/fence2go.eu\/index.php\/wp-json\/wp\/v2\/comments?post=826"}],"version-history":[{"count":5,"href":"https:\/\/fence2go.eu\/index.php\/wp-json\/wp\/v2\/pages\/826\/revisions"}],"predecessor-version":[{"id":2500,"href":"https:\/\/fence2go.eu\/index.php\/wp-json\/wp\/v2\/pages\/826\/revisions\/2500"}],"up":[{"embeddable":true,"href":"https:\/\/fence2go.eu\/index.php\/wp-json\/wp\/v2\/pages\/817"}],"wp:featuredmedia":[{"embeddable":true,"href":"https:\/\/fence2go.eu\/index.php\/wp-json\/wp\/v2\/media\/827"}],"wp:attachment":[{"href":"https:\/\/fence2go.eu\/index.php\/wp-json\/wp\/v2\/media?parent=826"}],"curies":[{"name":"wp","href":"https:\/\/api.w.org\/{rel}","templated":true}]}}